{"id":33105,"date":"2014-06-22T10:06:10","date_gmt":"2014-06-22T10:06:10","guid":{"rendered":"https:\/\/www.myaquastore.com\/product\/jebao-dc-wasser-ruckfuhrpumpe-variable-geschwindigkeit-dc12000\/"},"modified":"2025-03-16T08:22:02","modified_gmt":"2025-03-16T08:22:02","slug":"jebao-dc-wasser-ruckfuhrpumpe-variable-geschwindigkeit-dc12000","status":"publish","type":"product","link":"https:\/\/www.myaquastore.com\/de\/produkt\/jebao-dc-wasser-ruckfuhrpumpe-variable-geschwindigkeit-dc12000\/","title":{"rendered":"JEBAO DC-WASSER-R\u00dcCKF\u00dcHRPUMPE Variable Geschwindigkeit DC12000"},"content":{"rendered":"<p><span>Von 110 V bis 240 V Spannung, weltweit verf\u00fcgbar!<\/span><\/p>\n<p><span><span>DC12000 Controller von 3600 Liter bis 12000 Liter<\/span><\/span><\/p>\n<p><span>Funktion<\/span><span> <\/span><\/p>\n<ul>\n<li><span>Hochleistungsmotor mit innovativer Elektronik und bis zu 50 % Energieeinsparung als zuvor.<\/span><span> <\/span><\/li>\n<li><span>IC Electronic Dection, automatischer Abschaltschutz bei Wassermangel<\/span><span> <\/span><\/li>\n<li><span>Motorschutz bei blockiertem Rotor<\/span><span> <\/span><\/li>\n<li><span>Super leiser Betrieb<\/span><span> <\/span><\/li>\n<li><span>Kann in Meer- und S\u00fc\u00dfwasser betrieben werden<\/span><span> <\/span><\/li>\n<li><span>Keine Kupferkomponenten, Sicherheit f\u00fcr Ihren Tank!<\/span><span> <\/span><\/li>\n<li><span>Mit verschlei\u00dffestem Keramikschaft, l\u00e4ngere Lebensdauer<\/span><span> <\/span><\/li>\n<li><span>10-Minuten-Feed-Modell (oder Pause, um zum Normalzustand zur\u00fcckzukehren)<\/span><span> <\/span><\/li>\n<\/ul>\n<p><span> <\/span><\/p>\n<p><span>Spezifikation<\/span><\/p>\n<p><span> <\/span><span> <\/span><span> <\/span><span> <\/span><span> <\/span><span> <\/span><span> <\/span><span> <\/span><span> <\/span><span> <\/span><span> <\/span><\/p>\n<table border=\"1\" cellpadding=\"0\">\n<tbody>\n<tr>\n<td><span>Modell<\/span><\/td>\n<td><span>Gr\u00f6\u00dfe (L x B x H)<\/span><\/td>\n<td><span>Einstellbare Durchflussrate<\/span><\/td>\n<td><span>Maximale H\u00f6he<\/span><\/td>\n<td><span>Schlauchverbinder<\/span><\/td>\n<td><span>Watt<\/span><\/td>\n<\/tr>\n<tr>\n<td><span>DC6000<\/span><\/td>\n<td><span>31cm x 25cm x 20cm<\/span><\/td>\n<td><span>1800L bis 6000L<\/span><\/td>\n<td><span>3,6 Mio.<\/span><\/td>\n<td><span>3 Schl\u00e4uche f\u00fcr 20\/25\/32<\/span><\/td>\n<td><span>DC24V 4A 40W<\/span><\/td>\n<\/tr>\n<tr>\n<td><span>DC12000<\/span><\/td>\n<td><span>39cm x 25cm x 20cm<\/span><\/td>\n<td><span>3600L bis 12000L<\/span><\/td>\n<td><span>4,8 Mio.<\/span><\/td>\n<td><span>1 Schlauch f\u00fcr 20\/25\/32\/38 mm<\/span><\/td>\n<td>\n<p><span>DC24V 5A 85W<\/span><\/p>\n<\/td>\n<\/tr>\n<tr>\n<td><span>DC9000<\/span><\/td>\n<td><span>39cm x 25cm x 20cm<\/span><\/td>\n<td><span>2700L bis 9000L<\/span><\/td>\n<td><span>4,3 Mio.<\/span><\/td>\n<td><span>1 Schlauch f\u00fcr 20\/25\/32\/38 mm<\/span><\/td>\n<td>\n<p><span>DC24V 5A 70W<\/span><\/p>\n<\/td>\n<\/tr>\n<\/tbody>\n<\/table>\n","protected":false},"excerpt":{"rendered":"<p>Die DC-Pumpe, stromsparend, sehr leise<\/p>\n","protected":false},"featured_media":89,"comment_status":"open","ping_status":"closed","template":"","meta":[],"product_brand":[],"product_cat":[591],"product_tag":[],"class_list":{"0":"post-33105","1":"product","2":"type-product","3":"status-publish","4":"has-post-thumbnail","6":"product_cat-wasserpumpen","8":"first","9":"instock","10":"shipping-taxable","11":"purchasable","12":"product-type-simple"},"_links":{"self":[{"href":"https:\/\/www.myaquastore.com\/de\/wp-json\/wp\/v2\/product\/33105","targetHints":{"allow":["GET"]}}],"collection":[{"href":"https:\/\/www.myaquastore.com\/de\/wp-json\/wp\/v2\/product"}],"about":[{"href":"https:\/\/www.myaquastore.com\/de\/wp-json\/wp\/v2\/types\/product"}],"replies":[{"embeddable":true,"href":"https:\/\/www.myaquastore.com\/de\/wp-json\/wp\/v2\/comments?post=33105"}],"wp:featuredmedia":[{"embeddable":true,"href":"https:\/\/www.myaquastore.com\/de\/wp-json\/wp\/v2\/media\/89"}],"wp:attachment":[{"href":"https:\/\/www.myaquastore.com\/de\/wp-json\/wp\/v2\/media?parent=33105"}],"wp:term":[{"taxonomy":"product_brand","embeddable":true,"href":"https:\/\/www.myaquastore.com\/de\/wp-json\/wp\/v2\/product_brand?post=33105"},{"taxonomy":"product_cat","embeddable":true,"href":"https:\/\/www.myaquastore.com\/de\/wp-json\/wp\/v2\/product_cat?post=33105"},{"taxonomy":"product_tag","embeddable":true,"href":"https:\/\/www.myaquastore.com\/de\/wp-json\/wp\/v2\/product_tag?post=33105"}],"curies":[{"name":"wp","href":"https:\/\/api.w.org\/{rel}","templated":true}]}}