{"id":33129,"date":"2014-06-26T04:32:10","date_gmt":"2014-06-26T04:32:10","guid":{"rendered":"https:\/\/www.myaquastore.com\/product\/marine-frisches-aquarium-aquarium-tauchpumpen-wasserpumpe-hqb-2500-55w-530gph\/"},"modified":"2025-03-16T08:22:06","modified_gmt":"2025-03-16T08:22:06","slug":"marine-frisches-aquarium-aquarium-tauchpumpen-wasserpumpe-hqb-2500-55w-530gph","status":"publish","type":"product","link":"https:\/\/www.myaquastore.com\/de\/produkt\/marine-frisches-aquarium-aquarium-tauchpumpen-wasserpumpe-hqb-2500-55w-530gph\/","title":{"rendered":"marine frisches Aquarium Aquarium Tauchpumpen Wasserpumpe HQB-2500 55W 530gph"},"content":{"rendered":"<div align=\"left\"><span style=\"font-size: large\">HQB-2500<br \/><\/span><\/div>\n<div align=\"left\"><span style=\"font-size: large\">Funktionen:<\/span><\/div>\n<div align=\"left\">\n<ul>\n<li>Pumpen <span style=\"color: #ff0000\">530 Gallonen pro Stunde<\/span>.<\/li>\n<li>Wird als Wasserfont\u00e4ne, Statuenpumpe oder Aquariumpumpe verwendet.<\/li>\n<li>Verschlei\u00dffester <span style=\"color: #ff0000\">Keramikschaft<\/span> sorgt f\u00fcr eine langlebigere Pumpe.<\/li>\n<li><span style=\"color: #ff0000\">\u00d6lfreier<\/span> Motor<\/li>\n<li><span style=\"color: #ff0000\">Sehr leise<\/span><\/li>\n<\/ul><\/div>\n<div align=\"left\"><span style=\"font-size: large\">Diese Pumpenleistung ist gut f\u00fcr:<\/span><\/div>\n<div align=\"left\">\n<ul>\n<li><span style=\"color: #ff0000\">Springbrunnen\/Statuen<\/span> \u2013 Empfohlen: Verdoppeln Sie die H\u00f6he des Springbrunnens oder der Statue auf die maximale H\u00f6he der Pumpe. Wenn die Leistung zu hoch ist, ist es besser, die Leistung herunterzudrehen, als eine Pumpe zu kaufen, die nicht stark genug ist.<\/li>\n<li>Ideal f\u00fcr <span style=\"color: #ff0000\">Aquariens\u00fcmpfe, Nass-\/Trockenfilter, Rieselfilter und die Verwendung als Antriebskopf!!!<\/span><\/li>\n<\/ul><\/div>\n<p align=\"left\"><span style=\"font-size: large\">Spezifikationen:<\/span><\/p>\n<div align=\"center\">\n<ul>\n<li>\n<div align=\"left\">220V \u2013 50Hz<\/div>\n<\/li>\n<li>\n<div align=\"left\">Watt: 55W<\/div>\n<\/li>\n<li>\n<div align=\"left\">Abmessungen: 6&#8243; x 3 3\/16&#8243; x 3 5\/8&#8243;<\/div>\n<\/li>\n<li>\n<div align=\"left\">Grundma\u00dfe: 4 11\/16&#8243; x 4 1\/8&#8243; x 1\/2&#8243;<\/div>\n<\/li>\n<li>\n<div align=\"left\">Kabel: 9&#8242;<\/div>\n<\/li>\n<li>\n<div align=\"left\">Einlass: 7\/8&#8243;<\/div>\n<\/li>\n<li>\n<div align=\"left\">Auslass: 3\/4&#8243;<\/div>\n<\/li>\n<li>\n<div align=\"left\">Durchflussrate: 530 gph<\/div>\n<\/li>\n<\/ul>\n<ul>\n<li>\n<div align=\"left\"><span style=\"font-size: large\">Maximale Kopfh\u00f6he: 8,0&#8242;<\/span><\/div>\n<\/li>\n<\/ul><\/div>\n","protected":false},"excerpt":{"rendered":"<p>einfache Bedienung und Reinigung<br \/>\n f\u00fcr Meer- und S\u00fc\u00dfwasseraquarien<\/p>\n","protected":false},"featured_media":215,"comment_status":"open","ping_status":"closed","template":"","meta":[],"product_brand":[],"product_cat":[591],"product_tag":[],"class_list":{"0":"post-33129","1":"product","2":"type-product","3":"status-publish","4":"has-post-thumbnail","6":"product_cat-wasserpumpen","8":"first","9":"instock","10":"shipping-taxable","11":"purchasable","12":"product-type-simple"},"_links":{"self":[{"href":"https:\/\/www.myaquastore.com\/de\/wp-json\/wp\/v2\/product\/33129","targetHints":{"allow":["GET"]}}],"collection":[{"href":"https:\/\/www.myaquastore.com\/de\/wp-json\/wp\/v2\/product"}],"about":[{"href":"https:\/\/www.myaquastore.com\/de\/wp-json\/wp\/v2\/types\/product"}],"replies":[{"embeddable":true,"href":"https:\/\/www.myaquastore.com\/de\/wp-json\/wp\/v2\/comments?post=33129"}],"wp:featuredmedia":[{"embeddable":true,"href":"https:\/\/www.myaquastore.com\/de\/wp-json\/wp\/v2\/media\/215"}],"wp:attachment":[{"href":"https:\/\/www.myaquastore.com\/de\/wp-json\/wp\/v2\/media?parent=33129"}],"wp:term":[{"taxonomy":"product_brand","embeddable":true,"href":"https:\/\/www.myaquastore.com\/de\/wp-json\/wp\/v2\/product_brand?post=33129"},{"taxonomy":"product_cat","embeddable":true,"href":"https:\/\/www.myaquastore.com\/de\/wp-json\/wp\/v2\/product_cat?post=33129"},{"taxonomy":"product_tag","embeddable":true,"href":"https:\/\/www.myaquastore.com\/de\/wp-json\/wp\/v2\/product_tag?post=33129"}],"curies":[{"name":"wp","href":"https:\/\/api.w.org\/{rel}","templated":true}]}}