{"id":33135,"date":"2014-06-26T06:01:11","date_gmt":"2014-06-26T06:01:11","guid":{"rendered":"https:\/\/www.myaquastore.com\/product\/sunsun-jtp-2800-tauchpumpe-pumpe-mit-variabler-frequenz-50-energieeinsparung\/"},"modified":"2025-03-16T08:22:08","modified_gmt":"2025-03-16T08:22:08","slug":"sunsun-jtp-2800-tauchpumpe-pumpe-mit-variabler-frequenz-50-energieeinsparung","status":"publish","type":"product","link":"https:\/\/www.myaquastore.com\/de\/produkt\/sunsun-jtp-2800-tauchpumpe-pumpe-mit-variabler-frequenz-50-energieeinsparung\/","title":{"rendered":"Sunsun JTP-2800 Tauchpumpe, Pumpe mit variabler Frequenz, 50 % Energieeinsparung"},"content":{"rendered":"<p><span style=\"font-size: small;color: #3366ff\">Jtp-2800-Pumpe, Marke Sunsun, variable Frequenzfunktion, spart 50 % Strom<\/span><\/p>\n<p><span style=\"font-size: small;color: #3366ff\">Volt:220v 50z<\/span><\/p>\n<p><span style=\"font-size: small;color: #3366ff\">Leistung: 18 W<\/span><\/p>\n<p><span style=\"font-size: small;color: #3366ff\">Pumpenhub: 3 Meter<\/span><\/p>\n<p><span style=\"font-size: small;color: #3366ff\">Durchflussrate: 2800 Liter\/Stunden<\/span><\/p>\n<p><span style=\"font-size: small;color: #3366ff\">Gr\u00f6\u00dfe: 175mmX115mmX75mm<\/span><\/p>\n<p><span style=\"font-size: small;color: #3366ff\">Rotor aus Tombarhit, geeignet f\u00fcr S\u00fc\u00df- und Salzaquarien, rostet nicht<\/span><\/p>\n","protected":false},"excerpt":{"rendered":"<p>Hohe Wirkung, variable Frequenzfunktion, Energieeinsparung 50 %<\/p>\n","protected":false},"featured_media":262,"comment_status":"open","ping_status":"closed","template":"","meta":[],"product_brand":[],"product_cat":[591],"product_tag":[],"class_list":{"0":"post-33135","1":"product","2":"type-product","3":"status-publish","4":"has-post-thumbnail","6":"product_cat-wasserpumpen","8":"first","9":"instock","10":"shipping-taxable","11":"purchasable","12":"product-type-simple"},"_links":{"self":[{"href":"https:\/\/www.myaquastore.com\/de\/wp-json\/wp\/v2\/product\/33135","targetHints":{"allow":["GET"]}}],"collection":[{"href":"https:\/\/www.myaquastore.com\/de\/wp-json\/wp\/v2\/product"}],"about":[{"href":"https:\/\/www.myaquastore.com\/de\/wp-json\/wp\/v2\/types\/product"}],"replies":[{"embeddable":true,"href":"https:\/\/www.myaquastore.com\/de\/wp-json\/wp\/v2\/comments?post=33135"}],"wp:featuredmedia":[{"embeddable":true,"href":"https:\/\/www.myaquastore.com\/de\/wp-json\/wp\/v2\/media\/262"}],"wp:attachment":[{"href":"https:\/\/www.myaquastore.com\/de\/wp-json\/wp\/v2\/media?parent=33135"}],"wp:term":[{"taxonomy":"product_brand","embeddable":true,"href":"https:\/\/www.myaquastore.com\/de\/wp-json\/wp\/v2\/product_brand?post=33135"},{"taxonomy":"product_cat","embeddable":true,"href":"https:\/\/www.myaquastore.com\/de\/wp-json\/wp\/v2\/product_cat?post=33135"},{"taxonomy":"product_tag","embeddable":true,"href":"https:\/\/www.myaquastore.com\/de\/wp-json\/wp\/v2\/product_tag?post=33135"}],"curies":[{"name":"wp","href":"https:\/\/api.w.org\/{rel}","templated":true}]}}