{"id":33138,"date":"2014-06-26T06:21:12","date_gmt":"2014-06-26T06:21:12","guid":{"rendered":"https:\/\/www.myaquastore.com\/product\/marine-frisches-aquarium-aquarium-tauchpumpen-wasserpumpe-hqb-2000-24w-530gph\/"},"modified":"2025-03-16T08:22:08","modified_gmt":"2025-03-16T08:22:08","slug":"marine-frisches-aquarium-aquarium-tauchpumpen-wasserpumpe-hqb-2000-24w-530gph","status":"publish","type":"product","link":"https:\/\/www.myaquastore.com\/de\/produkt\/marine-frisches-aquarium-aquarium-tauchpumpen-wasserpumpe-hqb-2000-24w-530gph\/","title":{"rendered":"marine frisches Aquarium Aquarium Tauchpumpen Wasserpumpe HQB-2000 24W 530gph"},"content":{"rendered":"<div align=\"left\"><span style=\"font-size: large;color: #0000ff\">HQB-2000<br \/><\/span><\/div>\n<div align=\"left\"> <\/div>\n<p align=\"left\"><span style=\"font-size: large;color: #0000ff\">Spezifikationen:<\/span><\/p>\n<div align=\"center\">\n<ul>\n<li>\n<div align=\"left\"><span style=\"color: #0000ff\">220V &#8211; 50Hz<\/span><\/div>\n<\/li>\n<li>\n<div align=\"left\"><span style=\"color: #0000ff\">Watt: 24W<\/span><\/div>\n<\/li>\n<li>\n<div align=\"left\"><span style=\"color: #0000ff\">Hub: 1,8 Meter<\/span><\/div>\n<\/li>\n<li>\n<div align=\"left\"><span style=\"color: #0000ff\">Durchflussrate: 1400 Liter\/Stunde<\/span><\/div>\n<\/li>\n<\/ul><\/div>\n","protected":false},"excerpt":{"rendered":"<p>einfache Bedienung und Reinigung<br \/>\n f\u00fcr Meer- und S\u00fc\u00dfwasseraquarien<\/p>\n","protected":false},"featured_media":290,"comment_status":"open","ping_status":"closed","template":"","meta":[],"product_brand":[],"product_cat":[591],"product_tag":[],"class_list":{"0":"post-33138","1":"product","2":"type-product","3":"status-publish","4":"has-post-thumbnail","6":"product_cat-wasserpumpen","8":"first","9":"instock","10":"shipping-taxable","11":"purchasable","12":"product-type-simple"},"_links":{"self":[{"href":"https:\/\/www.myaquastore.com\/de\/wp-json\/wp\/v2\/product\/33138","targetHints":{"allow":["GET"]}}],"collection":[{"href":"https:\/\/www.myaquastore.com\/de\/wp-json\/wp\/v2\/product"}],"about":[{"href":"https:\/\/www.myaquastore.com\/de\/wp-json\/wp\/v2\/types\/product"}],"replies":[{"embeddable":true,"href":"https:\/\/www.myaquastore.com\/de\/wp-json\/wp\/v2\/comments?post=33138"}],"wp:featuredmedia":[{"embeddable":true,"href":"https:\/\/www.myaquastore.com\/de\/wp-json\/wp\/v2\/media\/290"}],"wp:attachment":[{"href":"https:\/\/www.myaquastore.com\/de\/wp-json\/wp\/v2\/media?parent=33138"}],"wp:term":[{"taxonomy":"product_brand","embeddable":true,"href":"https:\/\/www.myaquastore.com\/de\/wp-json\/wp\/v2\/product_brand?post=33138"},{"taxonomy":"product_cat","embeddable":true,"href":"https:\/\/www.myaquastore.com\/de\/wp-json\/wp\/v2\/product_cat?post=33138"},{"taxonomy":"product_tag","embeddable":true,"href":"https:\/\/www.myaquastore.com\/de\/wp-json\/wp\/v2\/product_tag?post=33138"}],"curies":[{"name":"wp","href":"https:\/\/api.w.org\/{rel}","templated":true}]}}