{"id":33214,"date":"2014-07-09T22:29:31","date_gmt":"2014-07-09T22:29:31","guid":{"rendered":"https:\/\/www.myaquastore.com\/product\/jebao-wp-40-wp40-aquarium-wave-maker-powerhead-controller-fur-korallenriffbecken-neueste-12-modi\/"},"modified":"2025-03-16T08:22:38","modified_gmt":"2025-03-16T08:22:38","slug":"jebao-wp-40-wp40-aquarium-wave-maker-powerhead-controller-fur-korallenriffbecken-neueste-12-modi","status":"publish","type":"product","link":"https:\/\/www.myaquastore.com\/de\/produkt\/jebao-wp-40-wp40-aquarium-wave-maker-powerhead-controller-fur-korallenriffbecken-neueste-12-modi\/","title":{"rendered":"Jebao WP-40 WP40 Aquarium Wave Maker Powerhead Controller f\u00fcr Korallenriffbecken, neueste 12 Modi"},"content":{"rendered":"<p><span style=\"font-size: large;color: #0000ff\"><strong>Funktionen<\/strong><\/span><\/p>\n<ul>\n<li><span style=\"font-size: large;color: #0000ff\"><strong>Einfache Installation und Wartung.<\/strong><\/span><\/li>\n<li><span style=\"font-size: large;color: #0000ff\"><strong>360-Grad-Drehung auf einer magnetischen Halterung<\/strong><\/span><\/li>\n<li><span style=\"font-size: large;color: #0000ff\"><strong>12 verschiedene Betriebsmodi, darunter variable Pulsmodi zur Wellenerzeugung und ein Reef Stream-Modus, der ein zuf\u00e4lliges Str\u00f6mungsmuster \u00e4hnlich dem an einem nat\u00fcrlichen Riff erzeugt<\/strong><\/span><\/li>\n<li><span style=\"font-size: large;color: #0000ff\"><strong>Nachtsensor \u2013 erkennt automatisch, wenn die Tankbeleuchtung erlischt und verlangsamt die Pumpe.<\/strong><\/span><\/li>\n<li><span style=\"font-size: large;color: #0000ff\"><strong>One-Touch-Feed-Modus \u2013 verlangsamt die Pumpe f\u00fcr einen Zeitraum von 10 Minuten.<\/strong><\/span><\/li>\n<li><span style=\"font-size: large;color: #0000ff\"><strong>Hohe Leistung, kraftvoller Wasserdurchfluss bei geringem Energieverbrauch.<\/strong><\/span><\/li>\n<li><span style=\"font-size: large;color: #0000ff\"><strong>Keramikschaft f\u00fcr lange Lebensdauer und Haltbarkeit<\/strong><\/span><\/li>\n<li><span style=\"font-size: large;color: #0000ff\"><strong>Intelligentes Steuerungssystem zur Erzeugung verschiedener Wellenmuster passend zu Ihrem Aquarium.<\/strong><\/span><\/li>\n<li><span style=\"font-size: large;color: #0000ff\"><strong>Extra langes Kabel f\u00fcr einfache und bequeme Platzierung, auch an gr\u00f6\u00dferen Tanks.<\/strong><\/span><\/li>\n<li><span style=\"font-size: large;color: #0000ff\"><strong>Niederspannung, sichere und zuverl\u00e4ssige Stromversorgung. \u2022 Geeignet f\u00fcr S\u00fc\u00df- und Salzwasser.<\/strong><\/span><\/li>\n<\/ul>\n<p><span style=\"font-size: large;color: #0000ff\"><strong>Spezifikationen<\/strong><\/span><\/p>\n<ul>\n<li><span style=\"font-size: large;color: #0000ff\"><strong>Stromversorgung \u2013 110 V bis 240 V 50\/60 Hz<\/strong><\/span><\/li>\n<li><span style=\"font-size: large;color: #0000ff\"><strong>Wattleistung \u2013 12 W bis 40 W je nach Modus<\/strong><\/span><\/li>\n<li><span style=\"font-size: large;color: #0000ff\"><strong>Gr\u00f6\u00dfe \u2013 12 cm x 9,4 cm <\/strong><\/span><\/li>\n<li><span style=\"font-size: large;color: #0000ff\"><strong>Stromkabel \u2013 160 cm lang (ausziehbar) von der Stromquelle zur Steuerbox <\/strong><\/span><\/li>\n<li><span style=\"font-size: large;color: #0000ff\"><strong>Pumpensteuerkabel \u2013 160 cm lang, vom Steuerkasten zur Pumpe (kombinierte Kabell\u00e4nge 320 cm)<\/strong><\/span><\/li>\n<\/ul>\n","protected":false},"excerpt":{"rendered":"<p>12 Geschwindigkeiten einstellbar, einfache Bedienung<\/p>\n","protected":false},"featured_media":851,"comment_status":"open","ping_status":"closed","template":"","meta":[],"product_brand":[],"product_cat":[609],"product_tag":[],"class_list":{"0":"post-33214","1":"product","2":"type-product","3":"status-publish","4":"has-post-thumbnail","6":"product_cat-wellenmacher","8":"first","9":"instock","10":"shipping-taxable","11":"purchasable","12":"product-type-simple"},"_links":{"self":[{"href":"https:\/\/www.myaquastore.com\/de\/wp-json\/wp\/v2\/product\/33214","targetHints":{"allow":["GET"]}}],"collection":[{"href":"https:\/\/www.myaquastore.com\/de\/wp-json\/wp\/v2\/product"}],"about":[{"href":"https:\/\/www.myaquastore.com\/de\/wp-json\/wp\/v2\/types\/product"}],"replies":[{"embeddable":true,"href":"https:\/\/www.myaquastore.com\/de\/wp-json\/wp\/v2\/comments?post=33214"}],"wp:featuredmedia":[{"embeddable":true,"href":"https:\/\/www.myaquastore.com\/de\/wp-json\/wp\/v2\/media\/851"}],"wp:attachment":[{"href":"https:\/\/www.myaquastore.com\/de\/wp-json\/wp\/v2\/media?parent=33214"}],"wp:term":[{"taxonomy":"product_brand","embeddable":true,"href":"https:\/\/www.myaquastore.com\/de\/wp-json\/wp\/v2\/product_brand?post=33214"},{"taxonomy":"product_cat","embeddable":true,"href":"https:\/\/www.myaquastore.com\/de\/wp-json\/wp\/v2\/product_cat?post=33214"},{"taxonomy":"product_tag","embeddable":true,"href":"https:\/\/www.myaquastore.com\/de\/wp-json\/wp\/v2\/product_tag?post=33214"}],"curies":[{"name":"wp","href":"https:\/\/api.w.org\/{rel}","templated":true}]}}