{"id":33215,"date":"2014-07-09T22:38:17","date_gmt":"2014-07-09T22:38:17","guid":{"rendered":"https:\/\/www.myaquastore.com\/product\/jebao-wp-60-wp60-aquarium-wave-maker-powerhead-controller-fur-korallenriffbecken-neueste-12-modi\/"},"modified":"2025-03-16T08:22:39","modified_gmt":"2025-03-16T08:22:39","slug":"jebao-wp-60-wp60-aquarium-wave-maker-powerhead-controller-fur-korallenriffbecken-neueste-12-modi","status":"publish","type":"product","link":"https:\/\/www.myaquastore.com\/de\/produkt\/jebao-wp-60-wp60-aquarium-wave-maker-powerhead-controller-fur-korallenriffbecken-neueste-12-modi\/","title":{"rendered":"Jebao WP-60 WP60 Aquarium Wave Maker Powerhead Controller f\u00fcr Korallenriffbecken, neueste 12 Modi"},"content":{"rendered":"<div><span style=\"font-size: large\"><strong><span style=\"color: #0000ff\">Funktionen<\/span><\/strong><\/span><\/div>\n<div><span style=\"font-size: large\"><strong><span style=\"color: #0000ff\"> <\/span><\/strong><\/span><\/div>\n<div><span style=\"font-size: large\"><strong><span style=\"color: #0000ff\"> <\/span><\/strong><\/span><\/div>\n<ul>\n<li><span style=\"font-size: large\"><strong><span style=\"color: #0000ff\">Einfache Installation und Wartung.<\/span><\/strong><\/span><\/li>\n<li><span style=\"font-size: large\"><strong><span style=\"color: #0000ff\">360-Grad-Drehung auf einer magnetischen Halterung<\/span><\/strong><\/span><\/li>\n<li><span style=\"font-size: large\"><strong><span style=\"color: #0000ff\">12 verschiedene Betriebsmodi, darunter variable Pulsmodi zur Wellenerzeugung und ein Reef Stream-Modus, der ein zuf\u00e4lliges Str\u00f6mungsmuster \u00e4hnlich dem an einem nat\u00fcrlichen Riff erzeugt<\/span><\/strong><\/span><\/li>\n<li><span style=\"font-size: large\"><strong><span style=\"color: #0000ff\">Nachtsensor \u2013 erkennt automatisch, wenn die Tankbeleuchtung erlischt und verlangsamt die Pumpe.<\/span><\/strong><\/span><\/li>\n<li><span style=\"font-size: large\"><strong><span style=\"color: #0000ff\">One-Touch-Feed-Modus \u2013 verlangsamt die Pumpe f\u00fcr einen Zeitraum von 10 Minuten.<\/span><\/strong><\/span><\/li>\n<li><span style=\"font-size: large\"><strong><span style=\"color: #0000ff\">Hohe Leistung, kraftvoller Wasserdurchfluss bei geringem Energieverbrauch.<\/span><\/strong><\/span><\/li>\n<li><span style=\"font-size: large\"><strong><span style=\"color: #0000ff\">Keramikschaft f\u00fcr lange Lebensdauer und Haltbarkeit<\/span><\/strong><\/span><\/li>\n<li><span style=\"font-size: large\"><strong><span style=\"color: #0000ff\">Intelligentes Steuerungssystem zur Erzeugung verschiedener Wellenmuster passend zu Ihrem Aquarium.<\/span><\/strong><\/span><\/li>\n<li><span style=\"font-size: large\"><strong><span style=\"color: #0000ff\">Extra langes Kabel f\u00fcr einfache und bequeme Platzierung, auch an gr\u00f6\u00dferen Aquarien.<\/span><\/strong><\/span><\/li>\n<li><span style=\"font-size: large\"><strong><span style=\"color: #0000ff\">Niederspannung, sichere und zuverl\u00e4ssige Stromversorgung. \u2022 Geeignet f\u00fcr S\u00fc\u00df- und Salzwasser.<\/span><\/strong><\/span><\/li>\n<\/ul>\n<p><span style=\"font-size: large\"><strong><span style=\"color: #0000ff\"> <\/span><\/strong><\/span><\/p>\n<p><span style=\"font-size: large\"><strong><span style=\"color: #0000ff\">Spezifikationen<\/span><\/strong><\/span><\/p>\n<p><span style=\"font-size: large\"><strong><span style=\"color: #0000ff\">Stromversorgung \u2013 110 V bis 240 V 50\/60 Hz<\/span><\/strong><\/span><\/p>\n<ul>\n<li><span style=\"font-size: large\"><strong><span style=\"color: #0000ff\">Wattleistung \u2013 30 W bis 60 W je nach Modus<\/span><\/strong><\/span><\/li>\n<li><span style=\"font-size: large\"><strong><span style=\"color: #0000ff\">Gr\u00f6\u00dfe \u2013 12 cm x 9,4 cm <\/span><\/strong><\/span><\/li>\n<li><span style=\"font-size: large\"><strong><span style=\"color: #0000ff\">Stromkabel \u2013 160 cm lang (ausziehbar) von der Stromquelle zur Steuerbox <\/span><\/strong><\/span><\/li>\n<li><span style=\"font-size: large\"><strong><span style=\"color: #0000ff\">Pumpensteuerkabel \u2013 160 cm lang, vom Steuerkasten zur Pumpe (kombinierte Kabell\u00e4nge 320 cm)<\/span><\/strong><\/span><\/li>\n<\/ul>\n","protected":false},"excerpt":{"rendered":"<p>WP60 Wavermaker-Pumpe, 12 Geschwindigkeiten einstellbar<\/p>\n","protected":false},"featured_media":862,"comment_status":"open","ping_status":"closed","template":"","meta":[],"product_brand":[],"product_cat":[609],"product_tag":[],"class_list":{"0":"post-33215","1":"product","2":"type-product","3":"status-publish","4":"has-post-thumbnail","6":"product_cat-wellenmacher","8":"first","9":"instock","10":"shipping-taxable","11":"purchasable","12":"product-type-simple"},"_links":{"self":[{"href":"https:\/\/www.myaquastore.com\/de\/wp-json\/wp\/v2\/product\/33215","targetHints":{"allow":["GET"]}}],"collection":[{"href":"https:\/\/www.myaquastore.com\/de\/wp-json\/wp\/v2\/product"}],"about":[{"href":"https:\/\/www.myaquastore.com\/de\/wp-json\/wp\/v2\/types\/product"}],"replies":[{"embeddable":true,"href":"https:\/\/www.myaquastore.com\/de\/wp-json\/wp\/v2\/comments?post=33215"}],"wp:featuredmedia":[{"embeddable":true,"href":"https:\/\/www.myaquastore.com\/de\/wp-json\/wp\/v2\/media\/862"}],"wp:attachment":[{"href":"https:\/\/www.myaquastore.com\/de\/wp-json\/wp\/v2\/media?parent=33215"}],"wp:term":[{"taxonomy":"product_brand","embeddable":true,"href":"https:\/\/www.myaquastore.com\/de\/wp-json\/wp\/v2\/product_brand?post=33215"},{"taxonomy":"product_cat","embeddable":true,"href":"https:\/\/www.myaquastore.com\/de\/wp-json\/wp\/v2\/product_cat?post=33215"},{"taxonomy":"product_tag","embeddable":true,"href":"https:\/\/www.myaquastore.com\/de\/wp-json\/wp\/v2\/product_tag?post=33215"}],"curies":[{"name":"wp","href":"https:\/\/api.w.org\/{rel}","templated":true}]}}