{"id":33219,"date":"2014-07-10T05:01:07","date_gmt":"2014-07-10T05:01:07","guid":{"rendered":"https:\/\/www.myaquastore.com\/product\/sunsun-hj-211-kleine-nano-tauchpumpe\/"},"modified":"2025-03-16T08:22:41","modified_gmt":"2025-03-16T08:22:41","slug":"sunsun-hj-211-kleine-nano-tauchpumpe","status":"publish","type":"product","link":"https:\/\/www.myaquastore.com\/de\/produkt\/sunsun-hj-211-kleine-nano-tauchpumpe\/","title":{"rendered":"sunsun HJ-211 kleine Nano-Tauchpumpe"},"content":{"rendered":"<p><span style=\"color: #0000ff\"><strong>Volt: 220\u2013240 V, 50 Hz<br \/>Leistung: 2 W<br \/>Hub: 0,45 Meter<br \/>Durchflussmenge: 200 l\/h<br \/>Gr\u00f6\u00dfe (L\u00d7B\u00d7H): 38\u00d737\u00d732 mm<\/strong><\/span><\/p>\n","protected":false},"excerpt":{"rendered":"<p>Sehr kleine Tauchpumpe, einfach zu bedienen<\/p>\n","protected":false},"featured_media":896,"comment_status":"open","ping_status":"closed","template":"","meta":[],"product_brand":[],"product_cat":[1300],"product_tag":[],"class_list":{"0":"post-33219","1":"product","2":"type-product","3":"status-publish","4":"has-post-thumbnail","6":"product_cat-kraftkopfe","8":"first","9":"instock","10":"shipping-taxable","11":"purchasable","12":"product-type-simple"},"_links":{"self":[{"href":"https:\/\/www.myaquastore.com\/de\/wp-json\/wp\/v2\/product\/33219","targetHints":{"allow":["GET"]}}],"collection":[{"href":"https:\/\/www.myaquastore.com\/de\/wp-json\/wp\/v2\/product"}],"about":[{"href":"https:\/\/www.myaquastore.com\/de\/wp-json\/wp\/v2\/types\/product"}],"replies":[{"embeddable":true,"href":"https:\/\/www.myaquastore.com\/de\/wp-json\/wp\/v2\/comments?post=33219"}],"wp:featuredmedia":[{"embeddable":true,"href":"https:\/\/www.myaquastore.com\/de\/wp-json\/wp\/v2\/media\/896"}],"wp:attachment":[{"href":"https:\/\/www.myaquastore.com\/de\/wp-json\/wp\/v2\/media?parent=33219"}],"wp:term":[{"taxonomy":"product_brand","embeddable":true,"href":"https:\/\/www.myaquastore.com\/de\/wp-json\/wp\/v2\/product_brand?post=33219"},{"taxonomy":"product_cat","embeddable":true,"href":"https:\/\/www.myaquastore.com\/de\/wp-json\/wp\/v2\/product_cat?post=33219"},{"taxonomy":"product_tag","embeddable":true,"href":"https:\/\/www.myaquastore.com\/de\/wp-json\/wp\/v2\/product_tag?post=33219"}],"curies":[{"name":"wp","href":"https:\/\/api.w.org\/{rel}","templated":true}]}}