{"id":33232,"date":"2014-07-12T04:21:14","date_gmt":"2014-07-12T04:21:14","guid":{"rendered":"https:\/\/www.myaquastore.com\/product\/weipro-et50-ozonisator-50-mg\/"},"modified":"2025-03-16T08:22:47","modified_gmt":"2025-03-16T08:22:47","slug":"weipro-et50-ozonisator-50-mg","status":"publish","type":"product","link":"https:\/\/www.myaquastore.com\/de\/produkt\/weipro-et50-ozonisator-50-mg\/","title":{"rendered":"Weipro ET50 Ozonisator 50 mg"},"content":{"rendered":"<p><span style=\"font-size: large;color: #0000ff\"><strong>Feature<\/strong><\/span><\/p>\n<p><span style=\"font-size: large;color: #0000ff\"><strong>1. Machen Sie Ozon aus der normalen Luft f\u00fcr den Teich- und Tank-Ozonisator<\/strong><\/span><br \/><span style=\"font-size: large;color: #0000ff\"><strong>2. Sorgen Sie f\u00fcr klares und gesundes Wasser f\u00fcr Ihre Fische und reduzieren Sie die mikrobielle Belastung des Wassers.<\/strong><\/span><br \/><span style=\"font-size: large;color: #0000ff\"><strong>3. Reduziert stark Nitrat, Ammoniak und Schadstoffe im Wasser<\/strong><\/span><br \/><span style=\"font-size: large;color: #0000ff\"><strong>4. Verbesserung des Sauerstoffgehalts des Oxidations-Reduktions-Protentials im Wasser.<\/strong><\/span><br \/><span style=\"font-size: large;color: #0000ff\"><strong>5. Elektrische Steuerung des Ozonaussto\u00dfes<\/strong><\/span><br \/><span style=\"font-size: large;color: #0000ff\"><strong>6. Verbinden Sie sich mit dem Skimmer und der Luftpumpe mit<\/strong><\/span><br \/><span style=\"font-size: large;color: #0000ff\"><strong>7. Passend f\u00fcr 20\u2013500 Liter Tank<\/strong><\/span><br \/><span style=\"font-size: large;color: #0000ff\"><strong>8. Geeignet f\u00fcr S\u00fc\u00df- und Salzwasser<\/strong><\/span><\/p>\n<p><span style=\"font-size: large;color: #0000ff\"><strong>Spezifikation<\/strong><\/span><\/p>\n<p><span style=\"font-size: large;color: #0000ff\"><strong>ET-50 50 mg\/h<\/strong><\/span><\/p>\n","protected":false},"excerpt":{"rendered":"<p>20-500 Liter Tank<br \/>\n Arbeiten mit Luftpumpe<\/p>\n","protected":false},"featured_media":973,"comment_status":"open","ping_status":"closed","template":"","meta":[],"product_brand":[],"product_cat":[613],"product_tag":[],"class_list":{"0":"post-33232","1":"product","2":"type-product","3":"status-publish","4":"has-post-thumbnail","6":"product_cat-ozonisator","8":"first","9":"instock","10":"shipping-taxable","11":"purchasable","12":"product-type-simple"},"_links":{"self":[{"href":"https:\/\/www.myaquastore.com\/de\/wp-json\/wp\/v2\/product\/33232","targetHints":{"allow":["GET"]}}],"collection":[{"href":"https:\/\/www.myaquastore.com\/de\/wp-json\/wp\/v2\/product"}],"about":[{"href":"https:\/\/www.myaquastore.com\/de\/wp-json\/wp\/v2\/types\/product"}],"replies":[{"embeddable":true,"href":"https:\/\/www.myaquastore.com\/de\/wp-json\/wp\/v2\/comments?post=33232"}],"wp:featuredmedia":[{"embeddable":true,"href":"https:\/\/www.myaquastore.com\/de\/wp-json\/wp\/v2\/media\/973"}],"wp:attachment":[{"href":"https:\/\/www.myaquastore.com\/de\/wp-json\/wp\/v2\/media?parent=33232"}],"wp:term":[{"taxonomy":"product_brand","embeddable":true,"href":"https:\/\/www.myaquastore.com\/de\/wp-json\/wp\/v2\/product_brand?post=33232"},{"taxonomy":"product_cat","embeddable":true,"href":"https:\/\/www.myaquastore.com\/de\/wp-json\/wp\/v2\/product_cat?post=33232"},{"taxonomy":"product_tag","embeddable":true,"href":"https:\/\/www.myaquastore.com\/de\/wp-json\/wp\/v2\/product_tag?post=33232"}],"curies":[{"name":"wp","href":"https:\/\/api.w.org\/{rel}","templated":true}]}}