{"id":33235,"date":"2014-07-12T05:29:31","date_gmt":"2014-07-12T05:29:31","guid":{"rendered":"https:\/\/www.myaquastore.com\/product\/hailea-hlo-810-ozonisator-200-mg\/"},"modified":"2025-03-16T08:22:48","modified_gmt":"2025-03-16T08:22:48","slug":"hailea-hlo-810-ozonisator-200-mg","status":"publish","type":"product","link":"https:\/\/www.myaquastore.com\/de\/produkt\/hailea-hlo-810-ozonisator-200-mg\/","title":{"rendered":"Hailea HLO-810 Ozonisator 200 mg"},"content":{"rendered":"<p><span style=\"font-size: large;color: #0000ff\"><strong>Volt: 220 V\/240 V 50\/60 Hz<\/strong><\/span><\/p>\n<p><span style=\"font-size: large;color: #0000ff\"><strong>Leistung: 10 W<\/p>\n<p><a class=\"clickable js-inline-clickable\"><span style=\"color: #0000ff\">Luft<\/span><\/a> <a class=\"clickable js-inline-clickable\"><span style=\"color: #0000ff\">Druck<\/span><\/a>: &gt;0,01 MPa<\/p>\n<p>Luftstrom: 3,5 l\/m<\/p>\n<p>Ozonisierungsprozess: 200 mg\/Stunde<\/p>\n<p>Gr\u00f6\u00dfe: 230\u00d780\u00d7197mm<\/strong><\/span><\/p>\n","protected":false},"excerpt":{"rendered":"<p>Hailea HLO-810 Ozonisator 200 mg, eingebaute Luftpumpe<\/p>\n","protected":false},"featured_media":994,"comment_status":"open","ping_status":"closed","template":"","meta":[],"product_brand":[],"product_cat":[613],"product_tag":[],"class_list":{"0":"post-33235","1":"product","2":"type-product","3":"status-publish","4":"has-post-thumbnail","6":"product_cat-ozonisator","8":"first","9":"instock","10":"shipping-taxable","11":"purchasable","12":"product-type-simple"},"_links":{"self":[{"href":"https:\/\/www.myaquastore.com\/de\/wp-json\/wp\/v2\/product\/33235","targetHints":{"allow":["GET"]}}],"collection":[{"href":"https:\/\/www.myaquastore.com\/de\/wp-json\/wp\/v2\/product"}],"about":[{"href":"https:\/\/www.myaquastore.com\/de\/wp-json\/wp\/v2\/types\/product"}],"replies":[{"embeddable":true,"href":"https:\/\/www.myaquastore.com\/de\/wp-json\/wp\/v2\/comments?post=33235"}],"wp:featuredmedia":[{"embeddable":true,"href":"https:\/\/www.myaquastore.com\/de\/wp-json\/wp\/v2\/media\/994"}],"wp:attachment":[{"href":"https:\/\/www.myaquastore.com\/de\/wp-json\/wp\/v2\/media?parent=33235"}],"wp:term":[{"taxonomy":"product_brand","embeddable":true,"href":"https:\/\/www.myaquastore.com\/de\/wp-json\/wp\/v2\/product_brand?post=33235"},{"taxonomy":"product_cat","embeddable":true,"href":"https:\/\/www.myaquastore.com\/de\/wp-json\/wp\/v2\/product_cat?post=33235"},{"taxonomy":"product_tag","embeddable":true,"href":"https:\/\/www.myaquastore.com\/de\/wp-json\/wp\/v2\/product_tag?post=33235"}],"curies":[{"name":"wp","href":"https:\/\/api.w.org\/{rel}","templated":true}]}}