{"id":33238,"date":"2014-09-10T20:59:39","date_gmt":"2014-09-10T20:59:39","guid":{"rendered":"https:\/\/www.myaquastore.com\/product\/3-w-10000-k-led-chip\/"},"modified":"2025-03-16T08:22:50","modified_gmt":"2025-03-16T08:22:50","slug":"3-w-10000-k-led-chip","status":"publish","type":"product","link":"https:\/\/www.myaquastore.com\/de\/produkt\/3-w-10000-k-led-chip\/","title":{"rendered":"3 W 10000 K LED-Chip"},"content":{"rendered":"<p><span style=\"font-size: large;color: #0000ff\">Leistung:3w<\/span><\/p>\n<p><span style=\"font-size: large;color: #0000ff\">Volt: 3,2-3,4 Volt<\/span><\/p>\n<p><span style=\"font-size: large;color: #0000ff\">LM: 210-230<\/span><\/p>\n<p><span style=\"font-size: large;color: #0000ff\">W\u00e4hrung: 600-700mA<\/span><\/p>\n<p><span style=\"font-size: large;color: #0000ff\">Arbeitstemp.: -20&#8211;70 Grad<\/span><\/p>\n<p><span style=\"font-size: large;color: #0000ff\">Betrachtungswinkel: 120 Grad<\/span><\/p>\n<p><span style=\"font-size: large;color: #0000ff\">geeignet f\u00fcr Meerwasseraquarium, Korallenbecken, S\u00fc\u00dfwasserbecken. <\/span><\/p>\n","protected":false},"excerpt":{"rendered":"<p>3W 10000K LED-Chip-Idee f\u00fcr Meerestank<\/p>\n","protected":false},"featured_media":1013,"comment_status":"open","ping_status":"closed","template":"","meta":[],"product_brand":[],"product_cat":[454],"product_tag":[],"class_list":{"0":"post-33238","1":"product","2":"type-product","3":"status-publish","4":"has-post-thumbnail","6":"product_cat-led-treiber-zubehor","8":"first","9":"instock","10":"shipping-taxable","11":"purchasable","12":"product-type-simple"},"_links":{"self":[{"href":"https:\/\/www.myaquastore.com\/de\/wp-json\/wp\/v2\/product\/33238","targetHints":{"allow":["GET"]}}],"collection":[{"href":"https:\/\/www.myaquastore.com\/de\/wp-json\/wp\/v2\/product"}],"about":[{"href":"https:\/\/www.myaquastore.com\/de\/wp-json\/wp\/v2\/types\/product"}],"replies":[{"embeddable":true,"href":"https:\/\/www.myaquastore.com\/de\/wp-json\/wp\/v2\/comments?post=33238"}],"wp:featuredmedia":[{"embeddable":true,"href":"https:\/\/www.myaquastore.com\/de\/wp-json\/wp\/v2\/media\/1013"}],"wp:attachment":[{"href":"https:\/\/www.myaquastore.com\/de\/wp-json\/wp\/v2\/media?parent=33238"}],"wp:term":[{"taxonomy":"product_brand","embeddable":true,"href":"https:\/\/www.myaquastore.com\/de\/wp-json\/wp\/v2\/product_brand?post=33238"},{"taxonomy":"product_cat","embeddable":true,"href":"https:\/\/www.myaquastore.com\/de\/wp-json\/wp\/v2\/product_cat?post=33238"},{"taxonomy":"product_tag","embeddable":true,"href":"https:\/\/www.myaquastore.com\/de\/wp-json\/wp\/v2\/product_tag?post=33238"}],"curies":[{"name":"wp","href":"https:\/\/api.w.org\/{rel}","templated":true}]}}