{"id":33242,"date":"2014-09-10T23:45:38","date_gmt":"2014-09-10T23:45:38","guid":{"rendered":"https:\/\/www.myaquastore.com\/product\/individuelles-design-des-led-chip-panels-multichip-sie-konnen-die-led-leistung-farbtemperatur-und-kabellange-sowie-die-marke-des-led-chips-individuell-anpassen\/"},"modified":"2025-03-16T08:22:53","modified_gmt":"2025-03-16T08:22:53","slug":"individuelles-design-des-led-chip-panels-multichip-sie-konnen-die-led-leistung-farbtemperatur-und-kabellange-sowie-die-marke-des-led-chips-individuell-anpassen","status":"publish","type":"product","link":"https:\/\/www.myaquastore.com\/de\/produkt\/individuelles-design-des-led-chip-panels-multichip-sie-konnen-die-led-leistung-farbtemperatur-und-kabellange-sowie-die-marke-des-led-chips-individuell-anpassen\/","title":{"rendered":"Individuelles Design des LED-Chip-Panels, Multichip, Sie k\u00f6nnen die LED-Leistung, Farbtemperatur und Kabell\u00e4nge sowie die Marke des LED-Chips individuell anpassen"},"content":{"rendered":"<p><span style=\"color: #0000ff\"><strong><span style=\"font-size: large\">Dieses Ger\u00e4t ist individuell gestaltet<\/span><\/strong><\/span><\/p>\n<p><span style=\"color: #0000ff\"><strong><span style=\"font-size: large\">Sie k\u00f6nnen die LED-Leistung (Wasser), die Chipmarke, <span>Farbtemperatur (Kelvin) und die Kabell\u00e4nge (cm)<\/span><\/span><\/strong><\/span><\/p>\n<p> ausw\u00e4hlen<\/p>\n<p><span style=\"color: #0000ff\"><strong><span style=\"font-size: large\"><span>wir produzieren die LED f\u00fcr Sie, es dauert 3-4 Tage, bis wir sie an Sie versenden k\u00f6nnen<\/span><\/span><\/strong><\/span><\/p>\n<p><span style=\"color: #0000ff\"><strong><span style=\"font-size: large\">Alle LED-Panels bestehen aus kleinen 1-W-LEDs, die in einer Reihe in Reihe geschaltet sind, und N-Linien parallel, zum Beispiel: 20-W-Panels sind 2 Linien, jede Linie mit 10 LEDs in Reihe geschaltet. 100 W sind 10 Leitungen mit 10 LEDs in Reihenschaltung. <\/span><\/strong><\/span><\/p>\n<p><span style=\"color: #0000ff\"><strong><span style=\"font-size: large\">1-W-LED-Spezifikation:<\/span><\/strong><\/span><\/p>\n<p><span style=\"color: #0000ff\"><strong><span style=\"font-size: large\">DC-Durchlassspannung (VF): 3,6 V<\/span><\/strong><\/span><\/p>\n<p><span style=\"color: #0000ff\"><strong><span style=\"font-size: large\">DC-Durchlassstrom (IF): 0,35\u20130,7 A max.<\/span><\/strong><\/span><\/p>\n","protected":false},"excerpt":{"rendered":"<p>Dieses Ger\u00e4t ist individuell gestaltet<\/p>\n<p> Sie k\u00f6nnen die LED-Leistung, die Chipmarke, die Farbtemperatur und die Kabell\u00e4nge ausw\u00e4hlen<\/p>\n","protected":false},"featured_media":1033,"comment_status":"open","ping_status":"closed","template":"","meta":[],"product_brand":[],"product_cat":[454],"product_tag":[],"class_list":{"0":"post-33242","1":"product","2":"type-product","3":"status-publish","4":"has-post-thumbnail","6":"product_cat-led-treiber-zubehor","8":"first","9":"instock","10":"shipping-taxable","11":"purchasable","12":"product-type-simple"},"_links":{"self":[{"href":"https:\/\/www.myaquastore.com\/de\/wp-json\/wp\/v2\/product\/33242","targetHints":{"allow":["GET"]}}],"collection":[{"href":"https:\/\/www.myaquastore.com\/de\/wp-json\/wp\/v2\/product"}],"about":[{"href":"https:\/\/www.myaquastore.com\/de\/wp-json\/wp\/v2\/types\/product"}],"replies":[{"embeddable":true,"href":"https:\/\/www.myaquastore.com\/de\/wp-json\/wp\/v2\/comments?post=33242"}],"wp:featuredmedia":[{"embeddable":true,"href":"https:\/\/www.myaquastore.com\/de\/wp-json\/wp\/v2\/media\/1033"}],"wp:attachment":[{"href":"https:\/\/www.myaquastore.com\/de\/wp-json\/wp\/v2\/media?parent=33242"}],"wp:term":[{"taxonomy":"product_brand","embeddable":true,"href":"https:\/\/www.myaquastore.com\/de\/wp-json\/wp\/v2\/product_brand?post=33242"},{"taxonomy":"product_cat","embeddable":true,"href":"https:\/\/www.myaquastore.com\/de\/wp-json\/wp\/v2\/product_cat?post=33242"},{"taxonomy":"product_tag","embeddable":true,"href":"https:\/\/www.myaquastore.com\/de\/wp-json\/wp\/v2\/product_tag?post=33242"}],"curies":[{"name":"wp","href":"https:\/\/api.w.org\/{rel}","templated":true}]}}