{"id":33245,"date":"2014-08-12T19:41:39","date_gmt":"2014-08-12T19:41:39","guid":{"rendered":"https:\/\/www.myaquastore.com\/product\/50w-100w-led-kuhlkorper\/"},"modified":"2025-03-16T08:22:55","modified_gmt":"2025-03-16T08:22:55","slug":"50w-100w-led-kuhlkorper","status":"publish","type":"product","link":"https:\/\/www.myaquastore.com\/de\/produkt\/50w-100w-led-kuhlkorper\/","title":{"rendered":"50W\/100W LED-K\u00fchlk\u00f6rper"},"content":{"rendered":"<p><span style=\"font-size: large;color: #3366ff\"><strong>GR\u00d6SSE: 95mmX95mm*50mm<\/strong><\/span><\/p>\n<p><span style=\"font-size: large;color: #3366ff\"><strong>K\u00fchlk\u00f6rperh\u00f6he: 27 mm<\/strong><\/span><\/p>\n<p><span style=\"font-size: large;color: #3366ff\"><strong>L\u00fcfterh\u00f6he: 24 mm<\/strong><\/span><\/p>\n<p><span style=\"font-size: large;color: #3366ff\"><strong>L\u00fcfter arbeitet mit 12-V-Gleichstromversorgung<\/strong><\/span><\/p>\n<p><span style=\"font-size: large;color: #3366ff\"><strong>Es kann mit 50-W- oder 100-W-LEDs betrieben werden und ist f\u00fcr einen Langzeitbetrieb von 24 Stunden geeignet<\/strong><\/span><\/p>\n<p><strong><span><br \/><\/span><\/strong><\/p>\n","protected":false},"excerpt":{"rendered":"<p>50 W\/100 W LED-K\u00fchlk\u00f6rper mit L\u00fcfter<br \/>\n fit f\u00fcr lange zeit arbeiten<\/p>\n","protected":false},"featured_media":1065,"comment_status":"open","ping_status":"closed","template":"","meta":[],"product_brand":[],"product_cat":[454],"product_tag":[],"class_list":{"0":"post-33245","1":"product","2":"type-product","3":"status-publish","4":"has-post-thumbnail","6":"product_cat-led-treiber-zubehor","8":"first","9":"instock","10":"shipping-taxable","11":"purchasable","12":"product-type-simple"},"_links":{"self":[{"href":"https:\/\/www.myaquastore.com\/de\/wp-json\/wp\/v2\/product\/33245","targetHints":{"allow":["GET"]}}],"collection":[{"href":"https:\/\/www.myaquastore.com\/de\/wp-json\/wp\/v2\/product"}],"about":[{"href":"https:\/\/www.myaquastore.com\/de\/wp-json\/wp\/v2\/types\/product"}],"replies":[{"embeddable":true,"href":"https:\/\/www.myaquastore.com\/de\/wp-json\/wp\/v2\/comments?post=33245"}],"wp:featuredmedia":[{"embeddable":true,"href":"https:\/\/www.myaquastore.com\/de\/wp-json\/wp\/v2\/media\/1065"}],"wp:attachment":[{"href":"https:\/\/www.myaquastore.com\/de\/wp-json\/wp\/v2\/media?parent=33245"}],"wp:term":[{"taxonomy":"product_brand","embeddable":true,"href":"https:\/\/www.myaquastore.com\/de\/wp-json\/wp\/v2\/product_brand?post=33245"},{"taxonomy":"product_cat","embeddable":true,"href":"https:\/\/www.myaquastore.com\/de\/wp-json\/wp\/v2\/product_cat?post=33245"},{"taxonomy":"product_tag","embeddable":true,"href":"https:\/\/www.myaquastore.com\/de\/wp-json\/wp\/v2\/product_tag?post=33245"}],"curies":[{"name":"wp","href":"https:\/\/api.w.org\/{rel}","templated":true}]}}