{"id":33274,"date":"2014-07-18T23:17:41","date_gmt":"2014-07-18T23:17:41","guid":{"rendered":"https:\/\/www.myaquastore.com\/product\/odyssea-t5ho-beleuchtung-2-rohren-mit-leds-50cm-60cm-90cm-120cm\/"},"modified":"2025-03-16T08:23:10","modified_gmt":"2025-03-16T08:23:10","slug":"odyssea-t5ho-beleuchtung-2-rohren-mit-leds-50cm-60cm-90cm-120cm","status":"publish","type":"product","link":"https:\/\/www.myaquastore.com\/de\/produkt\/odyssea-t5ho-beleuchtung-2-rohren-mit-leds-50cm-60cm-90cm-120cm\/","title":{"rendered":"Odyssea T5HO Beleuchtung 2 R\u00f6hren mit LEDs 50cm 60cm 90cm 120cm"},"content":{"rendered":"<p><span style=\"font-size: large;color: #0000ff\"><strong>Odyssea T5HO 2-R\u00f6hren-(Lampen-)Beleuchtungssystem<\/strong><\/span><\/p>\n<p><span style=\"font-size: large;color: #0000ff\"><strong>kann mit dem Marine- und Frischpflanzentank arbeiten<\/strong><\/span><\/p>\n<p><span style=\"font-size: large;color: #0000ff\"><strong>Voltage:220-240V 50hz<\/strong><\/span><\/p>\n<p><span style=\"font-size: large;color: #0000ff\"><strong>F\u00fcr die Farbe der T5HO-Gl\u00fchbirnen k\u00f6nnen Sie mir eine Notiz hinterlassen, die Sie ben\u00f6tigen<\/strong><\/span><\/p>\n<p><span style=\"font-size: large;color: #0000ff\"><strong><span title=\"\u25a0\u9ed1\u8272\u3001\u94f6\u767d\u8272\u5916\u89c2\uff0c\u811a\u67b6\u53ef\u4ee5\u5ef6\u4f38\u4f7f\u7528\">\u25a0 Schwarzes Erscheinungsbild<\/p>\n","protected":false},"excerpt":{"rendered":"<p>Die Verwendung des Stativs kann verl\u00e4ngert werden <br \/><\/span><span>\u25a0 Die Hauptverwendung von leichten Aluminiumlegierungsmaterialien<\/p>\n","protected":false},"featured_media":0,"comment_status":"open","ping_status":"closed","template":"","meta":[],"product_brand":[1315,1316,1317,1314],"product_cat":[446,448,611],"product_tag":[1319,1321,1320],"class_list":{"0":"post-33274","1":"product","2":"type-product","3":"status-publish","5":"product_brand-span-de","6":"product_brand-span-title2-8-de","7":"product_brand--high-quality-cable-total-length-of-about-2-8-meters-de","8":"product_brand-ultra-durable-br-de","9":"product_cat-aquarienbeleuchtung-und-zubehor","10":"product_cat-beleuchtungssysteme","11":"product_cat-t5ho-beleuchtung","12":"product_tag-000-times-the-normal-operation-of-the-span-titleodyssea-de","13":"product_tag--de","15":"ts_product_brand-quiet-de","17":"first","18":"outofstock","19":"shipping-taxable","20":"purchasable","21":"product-type-simple"},"_links":{"self":[{"href":"https:\/\/www.myaquastore.com\/de\/wp-json\/wp\/v2\/product\/33274","targetHints":{"allow":["GET"]}}],"collection":[{"href":"https:\/\/www.myaquastore.com\/de\/wp-json\/wp\/v2\/product"}],"about":[{"href":"https:\/\/www.myaquastore.com\/de\/wp-json\/wp\/v2\/types\/product"}],"replies":[{"embeddable":true,"href":"https:\/\/www.myaquastore.com\/de\/wp-json\/wp\/v2\/comments?post=33274"}],"wp:attachment":[{"href":"https:\/\/www.myaquastore.com\/de\/wp-json\/wp\/v2\/media?parent=33274"}],"wp:term":[{"taxonomy":"product_brand","embeddable":true,"href":"https:\/\/www.myaquastore.com\/de\/wp-json\/wp\/v2\/product_brand?post=33274"},{"taxonomy":"product_cat","embeddable":true,"href":"https:\/\/www.myaquastore.com\/de\/wp-json\/wp\/v2\/product_cat?post=33274"},{"taxonomy":"product_tag","embeddable":true,"href":"https:\/\/www.myaquastore.com\/de\/wp-json\/wp\/v2\/product_tag?post=33274"}],"curies":[{"name":"wp","href":"https:\/\/api.w.org\/{rel}","templated":true}]}}