{"id":33298,"date":"2014-07-24T21:24:03","date_gmt":"2014-07-24T21:24:03","guid":{"rendered":"https:\/\/www.myaquastore.com\/product\/automatischer-wasserfuller-benotigt-keinen-strom\/"},"modified":"2025-03-16T08:23:22","modified_gmt":"2025-03-16T08:23:22","slug":"automatischer-wasserfuller-benotigt-keinen-strom","status":"publish","type":"product","link":"https:\/\/www.myaquastore.com\/de\/produkt\/automatischer-wasserfuller-benotigt-keinen-strom\/","title":{"rendered":"Automatischer Wasserf\u00fcller, ben\u00f6tigt keinen Strom"},"content":{"rendered":"<p><span style=\"color: #0000ff\"><strong>Funktionen<\/strong><\/span><\/p>\n<ul>\n<li><span style=\"font-size: large;color: #0000ff\"><span style=\"font-family: arial\"><strong>DIY-Produkt zum Selbermachen, um automatisch Wasser in Ihren Tank zu f\u00fcllen<\/strong><\/span><\/span><\/li>\n<li>\n<div class=\"style21\"><span style=\"color: #0000ff\"><strong>Verhindern Sie eine Unterschreitung des Wasserspiegels in Ihrem Tank<\/strong><\/span><\/div>\n<\/li>\n<li>\n<div class=\"style21\"><span style=\"color: #0000ff\"><strong>Sehr einfach zu installieren ~ Keine technischen Kenntnisse erforderlich<\/strong><\/span><\/div>\n<\/li>\n<li>\n<div class=\"style21\"><span style=\"color: #0000ff\"><strong>Es kann bei Bedarf auch mit Ihrem RO-System verbunden werden<\/strong><\/span><\/div>\n<\/li>\n<li>\n<div class=\"style21\"><span style=\"font-size: large;color: #0000ff\"><strong><span style=\"font-family: arial\">Sie k\u00f6nnen verschiedene Arten von Kunststoffflaschen anschlie\u00dfen (je nachdem, ob Sie 1,25-Liter-, 2-Liter- oder 5-Liter-Flaschen ben\u00f6tigen)<\/span><\/strong><\/span><\/div>\n<\/li>\n<\/ul>\n<p class=\"style21\"><span style=\"color: #0000ff\"><strong>Spezifikation<\/strong><\/span><\/p>\n<ul>\n<li><span style=\"font-size: large;color: #0000ff\"><span style=\"font-family: arial\"><strong>Air Tubling enthalten<\/strong><\/span><\/span><\/li>\n<li><span style=\"font-size: large;color: #0000ff\"><span style=\"font-family: arial\"><strong>Montage inklusive (19 cm)<\/strong><\/span><\/span><\/li>\n<li><span style=\"font-size: large;color: #0000ff\"><strong><span style=\"font-family: arial\">Luftr\u00fcckschlagventil im Lieferumfang enthalten<\/span><\/strong><\/span><\/li>\n<\/ul>\n","protected":false},"excerpt":{"rendered":"<p>Automatischer Wasserf\u00fcller, ben\u00f6tigt keinen Strom<br \/>\n einfache Installation<\/p>\n","protected":false},"featured_media":1440,"comment_status":"open","ping_status":"closed","template":"","meta":[],"product_brand":[],"product_cat":[514],"product_tag":[],"class_list":{"0":"post-33298","1":"product","2":"type-product","3":"status-publish","4":"has-post-thumbnail","6":"product_cat-wasserstandsregler-fur-aquarien","8":"first","9":"instock","10":"shipping-taxable","11":"purchasable","12":"product-type-simple"},"_links":{"self":[{"href":"https:\/\/www.myaquastore.com\/de\/wp-json\/wp\/v2\/product\/33298","targetHints":{"allow":["GET"]}}],"collection":[{"href":"https:\/\/www.myaquastore.com\/de\/wp-json\/wp\/v2\/product"}],"about":[{"href":"https:\/\/www.myaquastore.com\/de\/wp-json\/wp\/v2\/types\/product"}],"replies":[{"embeddable":true,"href":"https:\/\/www.myaquastore.com\/de\/wp-json\/wp\/v2\/comments?post=33298"}],"wp:featuredmedia":[{"embeddable":true,"href":"https:\/\/www.myaquastore.com\/de\/wp-json\/wp\/v2\/media\/1440"}],"wp:attachment":[{"href":"https:\/\/www.myaquastore.com\/de\/wp-json\/wp\/v2\/media?parent=33298"}],"wp:term":[{"taxonomy":"product_brand","embeddable":true,"href":"https:\/\/www.myaquastore.com\/de\/wp-json\/wp\/v2\/product_brand?post=33298"},{"taxonomy":"product_cat","embeddable":true,"href":"https:\/\/www.myaquastore.com\/de\/wp-json\/wp\/v2\/product_cat?post=33298"},{"taxonomy":"product_tag","embeddable":true,"href":"https:\/\/www.myaquastore.com\/de\/wp-json\/wp\/v2\/product_tag?post=33298"}],"curies":[{"name":"wp","href":"https:\/\/api.w.org\/{rel}","templated":true}]}}