{"id":33316,"date":"2014-03-08T17:28:49","date_gmt":"2014-03-08T17:28:49","guid":{"rendered":"https:\/\/www.myaquastore.com\/product\/jebao-dc-wasserruckfuhrpumpe-dc9000-mit-variabler-geschwindigkeit-neueste-version-12-geschwindigkeitseinstellungen\/"},"modified":"2025-03-16T08:23:32","modified_gmt":"2025-03-16T08:23:32","slug":"jebao-dc-wasserruckfuhrpumpe-dc9000-mit-variabler-geschwindigkeit-neueste-version-12-geschwindigkeitseinstellungen","status":"publish","type":"product","link":"https:\/\/www.myaquastore.com\/de\/produkt\/jebao-dc-wasserruckfuhrpumpe-dc9000-mit-variabler-geschwindigkeit-neueste-version-12-geschwindigkeitseinstellungen\/","title":{"rendered":"JEBAO DC-WASSERR\u00dcCKF\u00dcHRPUMPE DC9000 mit variabler Geschwindigkeit, neueste Version, 12 Geschwindigkeitseinstellungen"},"content":{"rendered":"<p style=\"margin: 0px;padding: 0px;border: 0px;font-size: 12px;line-height: 18px;color: red\"><span style=\"margin: 0px;padding: 0px;border: 0px;erben\">Elementbeschreibung<\/span>:<\/span><\/span><\/span>\n <\/p>\n<p style=\"margin: 0px;padding: 0px;border: 0px;font-size: 12px;line-height: 18px;color: red\">&lt;span style=&quot;margin: 0px; padding: 0px; border: 0px; Font-family: inherit; Schriftgr\u00f6\u00dfe: 24px; Schriftgr\u00f6\u00dfe: erben; Schriftgr\u00f6\u00dfe: erben;<br \/>\n <br \/><\/span>\n <\/p>\n<div align=\"left\" style=\"margin: 0px;padding: 0px;border: 0px;font-size: 12px;line-height: 18px\">\n<p style=\"margin: 0px;padding: 6px 0px;border: 0px;line-height: normal\">\n \n <\/p>\n<p><span style=\"margin: 0px;padding: 0px\">Von 110V bis 240V Spannung, weltweit verf\u00fcgbar!<\/span>\n <\/p>\n<p> &lt;p style=&quot;Rand: 0px 0px 0,9em; Polsterung: 0px; Umriss: keine; -webkit-tap-highlight-color: rgba(0, 0, 0, 0); Schriftgr\u00f6\u00dfe: 14px; Zeilenh\u00f6he: 1,25em; Farbe: rgb(85, 85, 85); Schriftfamilie: &#039;Lucida Grande&#039;, Helvetica, Arial, Sans-Serif; Hintergrundfarbe: rgb(255, 255, 255);\n <\/p>\n<p> <\/span>\n <\/p>\n<ul>\n<li style=\"margin: 0px;padding: 0px\"><span style=\"margin: 0px;padding: 0px\">Hochleistungsmotor mit innovativer Elektronik und Energieeinsparung von bis zu 50 % als zuvor.<\/span><span style=\"margin: 0px;padding: 0px\"> <\/span>\n <\/li>\n<li style=\"margin: 0px;padding: 0px\"><span style=\"margin: 0px;padding: 0px\">IC Electronic Dection, automatischer Abschaltschutz bei Nein Wasser<\/span><span> <\/span>\n <\/li>\n<li style=\"margin: 0px;padding: 0px\"><span style=\"margin: 0px;padding: 0px\">Motorschutz bei blockiertem Rotor<\/span><span style=\"margin: 0px;padding: 0px\"> <\/span>\n <\/li>\n<li style=\"margin: 0px;padding: 0px\"><span style=\"margin: 0px;padding: 0px\">Super leiser Betrieb<\/span><span style=\"margin: 0px\"> <\/span>\n <\/li>\n<li style=\"margin: 0px;padding: 0px\"><span style=\"margin: 0px;padding: 0px\">Kann in Meer- und S\u00fc\u00dfwasser betrieben werden<\/span><span style=\"margin: 0px;padding: 0px\"> <\/span>\n <\/li>\n<li style=\"margin: 0px;padding: 0px\"><span style=\"margin: 0px;padding: 0px\">Keine Kupferkomponenten, Sicherheit auf Ihrem Tank!<\/span><span style=\"margin: 0px;padding: 0px\"> <\/span>\n <\/li>\n<li><span style=\"margin: 0px\">Mit verschlei\u00dffestem Keramikschaft, l\u00e4ngere Lebensdauer<\/span><span style=\"margin: 0px;padding: 0px\"> <\/span>\n <\/li>\n<li style=\"margin: 0px;padding: 0px\"><span style=\"margin: 0px;padding: 0px\">10 Min. Feed-Modell (oder Pause, um fortzufahren). normal)<\/span><span style=\"margin: 0px;padding: 0px\"> <\/span>\n <\/li>\n<\/ul>\n<p><span style=\"margin: 0px;padding: none\"> <\/span>\n <\/p>\n<p><span style=\"margin: 0px;padding: none\">\n <\/p>\n<p> <\/span> Polsterung: 0px; Gliederung: keine; -webkit-tap-highlight-color: rgba(0, 0, 0, 0);&#8220;&gt; <\/span>\n <\/p>\n<table border=\"1\" cellpadding=\"0\" style=\"margin: 0px;padding: 0px;border: 0px;border-spacing: 0px;0px\">\n<td style=\"margin: 0px;padding: 0px\"><span style=\"margin: 0px;padding: 0px\">Modell<\/span>\n <\/td>\n<td style=\"margin: 0px;padding: 0px\"><span style=\"margin: 0px;padding: 0px\">Gr\u00f6\u00dfe (L X B X H)<\/span>\n <\/td>\n<td style=\"margin: 0px;padding: 0px\"><span style=\"margin: 0px;padding: 0px\">Einstellbarer Fluss Bewerten<\/span>\n <\/td>\n<td style=\"margin: 0px;padding: 0px\"><span style=\"margin: 0px;padding: 0px\">Max. H\u00f6he<\/span>\n <\/td>\n<td style=\"margin: 0px;padding: 0px\"><span style=\"margin: 0px;padding: 0px\">Schlauchanschluss<\/span>\n <\/td>\n<p> Watt\n <\/td>\n<\/tr>\n<tr style=\"margin: 0px;padding: 0px\">\n<td><span>DC6000<\/span>\n <\/td>\n<td style=\"margin: 0px;padding: 0px\"><span style=\"margin: 0px;padding: 0px\">31cm x 25cm x 20cm<\/span>\n <\/td>\n<td style=\"margin: 0px;padding: 0px\"><span style=\"margin: 0px;padding: 0px\">1800L bis 6000L<\/span>\n <\/td>\n<td><span>3,6 Mio.<\/span>\n <\/td>\n<p> 3 Schlauch f\u00fcr 25.20.32<\/span>\n <\/td>\n<td style=\"margin: 0px;padding: 0px\"><span style=\"margin: 0px;padding: 0px\">DC24V 4A 40W<\/span>\n <\/td>\n<\/tr>\n<tr style=\"margin: 0px;padding: 0px\">\n<td><span>DC12000<\/span>\n <\/td>\n<td style=\"margin: 0px;padding: 0px\"><span style=\"margin: 0px;padding: 0px\">39cm x 25cm x 20cm<\/span>\n <\/td>\n<td style=\"margin: 0px;padding: 0px\"><span style=\"margin: 0px;padding: 0px\">3600L bis 12000L<\/span>\n <\/td>\n<td><span>4,8 Mio.<\/span>\n <\/td>\n<td style=\"margin: 0px;padding: 0px\"><span style=\"margin: 0px;padding: 0px\">1 Schlauch f\u00fcr 20\/25\/32\/38 mm\n <\/td>\n<td style=\"margin: 0px;padding: 0px\">\n<p><span>DC24V 5A 85W<\/span>\n <\/p>\n<\/td>\n<\/tr>\n<tr style=\"margin: 0px;padding: 0px\">\n<td><span>DC9000<\/span>\n <\/td>\n<td style=\"margin: 0px;padding: 0px\"><span style=\"margin: 0px;padding: 0px\">39cm x 25cm x 20cm<\/span>\n <\/td>\n<td style=\"margin: 0px;padding: 0px\"><span style=\"margin: 0px;padding: 0px\">2700L bis 9000L<\/span>\n <\/td>\n<td><span>4,3 Mio.<\/span>\n <\/td>\n<td style=\"margin: 0px;padding: 0px\"><span style=\"margin: 0px;padding: 0px\">1 Schlauch f\u00fcr 20\/25\/32\/38 mm\n <\/td>\n<td style=\"margin: 0px;padding: 0px\">\n<p><span>DC24V 5A 70W<\/span>\n <\/p>\n<p> &gt;<br \/>\n <br style=\"margin: 0px;padding: 0px\"><\/span>\n <\/div>\n<\/td>\n<\/tr>\n<\/tbody>\n<\/table><\/div>\n<div align=\"left\" style=\"margin: 0px;padding: 0px;border: 0px;font-size: 12px;line-height: 18px\">&lt;span style=&quot;margin: 0px; padding: 0px; Schriftfamilie: erben; Schriftgr\u00f6\u00dfe: erben; Serife; Schriftgr\u00f6\u00dfe: erben; Schriftgr\u00f6\u00dfe: erben; Ameise: inherit; Schriftst\u00e4rke: inherit; line-height: inherit;<br \/>\n <br \/><\/span><\/span><\/span>\n <\/div>\n<p style=\"margin: 0px;padding: 0px;border: 0px;font-size: 12px;line-height: 18px;color: red\"><span style=\"margin: 0px;padding: 0px;border: 0px;es;line-height: inherit\"><br \/>\n <br \/><\/span><\/span><\/span><\/span>\n <\/p>\n<p style=\"margin: 0px;padding: 0px;border: 0px;font-size: 12px;line-height: 18px;color: red\"><span style=\"margin: 0px;padding: 0px;border: 0px;es;line-height: inherit\">Zahlung<\/span>:<\/span><\/span><\/span>\n <\/p>\n<p style=\"margin: 0px;padding: 0px;border: 0px;font-size: 12px;line-height: 18px;color: red\">&lt;span style=&quot;margin: 0px; padding: 0px; border: 0px; Font-family: inherit; Schriftart: 24px; es; Schriftvariante: erben; Zeilenh\u00f6he: erben; vertikale Ausrichtung: Grundlinie (0, 0, 255);<br \/>\n <br \/><\/span><\/span><\/span>\n <\/p>\n<p style=\"margin: 0px;padding: 0px;border: 0px;font-size: 12px;line-height: 18px\">&lt;span style=&quot;margin: 0px; padding: 0px; border: 0px; Font-Style: Inherit; Vertical-Align: Inherit;<br \/>\n <br \/><\/span>\n <\/p>\n<p style=\"margin: 0px;padding: 0px;border: 0px;font-size: 12px;line-height: 18px\">\n \n <\/p>\n<p style=\"margin: 0px;padding: 0px;border: 0px;font-size: 12px;line-height: 18px;color: red\"><span style=\"margin: 0px;padding: 0px;border: 0px;es;line-height: inherit\">Versand<\/span>:<\/span><\/span><\/span>\n <\/p>\n<p style=\"margin: 0px;padding: 0px;border: 0px;font-size: 12px;line-height: 18px;color: red\">&lt;span style=&quot;margin: 0px; padding: 0px; border: 0px; Font-family: inherit; Schriftart: 24px; es; Schriftvariante: erben; Zeilenh\u00f6he: erben; vertikale Ausrichtung: Grundlinie (0, 0, 255);<br \/>\n <br \/><\/span><\/span><\/span>\n <\/p>\n<p style=\"margin: 0px;padding: 0px;border: 0px;line-height: 18px;color: red\"><span>Bei Auswahl des regul\u00e4ren Versands betr\u00e4gt die Lieferzeit 2-4 Wochen<\/span>\n <\/p>\n<p style=\"margin: 0px;padding: 0px;border: 0px;line-height: 18px;color: red\"><span>Bei Auswahl des Expressversands betr\u00e4gt die Lieferzeit 7-9 Werktage<\/span>\n <\/p>\n<p style=\"margin: 0px;padding: 0px;border: 0px;line-height: 18px;color: red\"><span>Nach Zahlungseingang versenden wir Ihre Bestellung am n\u00e4chsten Werktag<\/span>\n <\/p>\n<p style=\"margin: 0px;padding: 0px;border: 0px;line-height: 18px;color: red\"><span>Bitte haben Sie Verst\u00e4ndnis daf\u00fcr, dass wir ins Ausland versenden. Die Versandzeit ist etwas l\u00e4nger als beim Versand innerhalb des Landes<\/span>\n <\/p>\n<p style=\"margin: 0px;padding: 0px;border: 0px;line-height: 18px;color: red\"><span><br \/>\n <br \/><\/span>\n <\/p>\n<p style=\"margin: 0px;padding: 0px;border: 0px;line-height: 18px;color: red\"><span><br \/>\n <br \/><\/span>\n <\/p>\n<p style=\"margin: 0px;padding: 0px;border: 0px;font-size: 12px;line-height: 18px;color: red\"><span style=\"margin: 0px;padding: 0px;border: 0px;es;line-height: inherit\">R\u00fcckgabe &amp; Garantie<\/span>:<\/span><\/span><\/span>\n <\/p>\n<p style=\"margin: 0px;padding: 0px;border: 0px;font-size: 12px;line-height: 18px\">&lt;span style=&quot;margin: 0px; padding: 0px; Grenze: 0px; Schriftgr\u00f6\u00dfe: erben; Zeilenh\u00f6he: erben; -Gr\u00f6\u00dfe: inherit; Font-Style: Inherit; Vertical-Align: Inherit;<br \/>\n <br \/><\/span><\/span><\/span>\n <\/p>\n<p style=\"margin: 0px;padding: 0px;border: 0px;font-size: 12px;line-height: 18px\">&lt;span style=&quot;margin: 0px; padding: 0px; Grenze: 0px; Schriftgr\u00f6\u00dfe: erben; Zeilenh\u00f6he: erben; -Gr\u00f6\u00dfe: inherit; Font-Style: Inherit; Vertical-Align: Inherit;<br \/>\n <br \/><\/span>\n <\/p>\n<p style=\"margin: 0px;padding: 0px;border: 0px;line-height: 18px\">Wir akzeptieren R\u00fcckgaben und Geldr\u00fcckerstattung innerhalb von 2 Wochen\n <\/p>\n<p style=\"margin: 0px;padding: 0px;border: 0px;line-height: 18px\">\n \n <\/p>\n<p style=\"margin: 0px;padding: 0px;border: 0px;font-size: 12px;line-height: 18px\"><span style=\"margin: 0px;padding: 0px;\"><span style=\"font-weight: 700\">Garantie:<\/span><\/span><\/p>\n<p><\/span>\n <\/p>\n<p style=\"margin: 0px;padding: 0px;border: 0px;font-size: 12px;line-height: 18px\">&lt;span style=&quot;margin: 0px; padding: 0px; border: 0px; Font-Style: Inherit; Vertical-Align: Inherit;<br \/>\n <br \/>Wenn der Zeitraum von 3 Monaten abgelaufen ist, k\u00f6nnen wir das Ersatzteil kostenlos zur Verf\u00fcgung stellen, der Kunde muss die Versandkosten bezahlen<\/span>\n <\/p>\n<p style=\"margin: 0px;padding: 0px;border: 0px;font-size: 12px;line-height: 18px;color: red\"><span style=\"margin: 0px;padding: 0px;border: 0px;es;line-height: inherit\"><br \/>\n <br \/><\/span><\/span><\/span><\/span>\n <\/p>\n<p style=\"margin: 0px;padding: 0px;border: 0px;font-size: 12px;line-height: 18px;color: red\"><span style=\"margin: 0px;padding: 0px;border: 0px;es;line-height: inherit\">Feedback<\/span>:<\/span><\/span><\/span>\n <\/p>\n<p style=\"margin: 0px;padding: 0px;border: 0px;font-size: 12px;line-height: 18px\">&lt;span style=&quot;margin: 0px; padding: 0px; Grenze: 0px; Schriftgr\u00f6\u00dfe: erben; Schriftgr\u00f6\u00dfe: erben;<br \/>\n <br \/><\/span>\n <\/p>\n<p style=\"margin: 0px;padding: 0px;border: 0px;font-size: 12px;line-height: 18px\">&lt;span style=&quot;margin: 0px; padding: 0px; border: 0px; Font-Style: Inherit; Vertical-Align: Inherit;\n <\/p>\n<p style=\"margin: 0px;padding: 0px;border: 0px;font-size: 12px;line-height: 18px\">&lt;span style=&quot;margin: 0px; padding: 0px; border: 0px; Font-Style: Inherit; Vertical-Align: Inherit;\n <\/p>\n<p style=\"margin: 0px;padding: 0px;border: 0px;font-size: 12px;line-height: 18px\">&lt;span style=&quot;margin: 0px; padding: 0px; border: 0px; Font-Style: Inherit; Vertical-Align: Inherit; Bitte hinterlassen Sie uns eine positive R\u00fcckmeldung\n <\/p>\n<p style=\"margin: 0px;padding: 0px;border: 0px;font-family: Arial, Helvetica, sans-senif, SimSun, \u5b8b\u4f53;line-height: 18px\">Wenn Ihnen unsere Produkte nicht gefallen, lassen Sie es mich bitte wissen\n <\/p>\n<p style=\"margin: 0px;padding: 0px;border: 0px;line-height: 18px\">wir akzeptieren Geldr\u00fcckerstattung\n <\/p>\n<p style=\"margin: 0px;padding: 0px;border: 0px;line-height: 18px\">\n \n <\/p>\n<p style=\"margin: 0px;padding: 0px;border: 0px;line-height: 18px\"><font color=\"#0000ff\" size=\"5\"><span><b>\u00dcber uns:<\/b><\/span><\/font>\n <\/p>\n<p style=\"margin: 0px;padding: 0px;border: 0px;line-height: 18px\"><font color=\"#0000ff\" size=\"5\"><span><b><br \/>\n <br \/><\/b><\/span><\/font>\n <\/p>\n<p> &lt;p style=&quot;margin: 0px; paddin<\/p>\n","protected":false},"excerpt":{"rendered":"<p>JEBAO DC-WASSERR\u00dcCKF\u00dcHRPUMPE DC9000 mit variabler Geschwindigkeit, neueste Version, 12 Geschwindigkeitseinstellungen<\/p>\n","protected":false},"featured_media":1607,"comment_status":"open","ping_status":"closed","template":"","meta":[],"product_brand":[],"product_cat":[233],"product_tag":[],"class_list":{"0":"post-33316","1":"product","2":"type-product","3":"status-publish","4":"has-post-thumbnail","6":"product_cat-nicht-kategorisiert","8":"first","9":"instock","10":"shipping-taxable","11":"purchasable","12":"product-type-simple"},"_links":{"self":[{"href":"https:\/\/www.myaquastore.com\/de\/wp-json\/wp\/v2\/product\/33316","targetHints":{"allow":["GET"]}}],"collection":[{"href":"https:\/\/www.myaquastore.com\/de\/wp-json\/wp\/v2\/product"}],"about":[{"href":"https:\/\/www.myaquastore.com\/de\/wp-json\/wp\/v2\/types\/product"}],"replies":[{"embeddable":true,"href":"https:\/\/www.myaquastore.com\/de\/wp-json\/wp\/v2\/comments?post=33316"}],"wp:featuredmedia":[{"embeddable":true,"href":"https:\/\/www.myaquastore.com\/de\/wp-json\/wp\/v2\/media\/1607"}],"wp:attachment":[{"href":"https:\/\/www.myaquastore.com\/de\/wp-json\/wp\/v2\/media?parent=33316"}],"wp:term":[{"taxonomy":"product_brand","embeddable":true,"href":"https:\/\/www.myaquastore.com\/de\/wp-json\/wp\/v2\/product_brand?post=33316"},{"taxonomy":"product_cat","embeddable":true,"href":"https:\/\/www.myaquastore.com\/de\/wp-json\/wp\/v2\/product_cat?post=33316"},{"taxonomy":"product_tag","embeddable":true,"href":"https:\/\/www.myaquastore.com\/de\/wp-json\/wp\/v2\/product_tag?post=33316"}],"curies":[{"name":"wp","href":"https:\/\/api.w.org\/{rel}","templated":true}]}}