{"id":33337,"date":"2014-09-11T13:14:42","date_gmt":"2014-09-11T13:14:42","guid":{"rendered":"https:\/\/www.myaquastore.com\/product\/flussigkeitsvorratseimer-fur-dosierpumpe-3-raume-15l3\/"},"modified":"2025-03-16T08:23:36","modified_gmt":"2025-03-16T08:23:36","slug":"flussigkeitsvorratseimer-fur-dosierpumpe-3-raume-15l3","status":"publish","type":"product","link":"https:\/\/www.myaquastore.com\/de\/produkt\/flussigkeitsvorratseimer-fur-dosierpumpe-3-raume-15l3\/","title":{"rendered":"Fl\u00fcssigkeitsvorratseimer f\u00fcr Dosierpumpe, 3 R\u00e4ume 1,5L*3"},"content":{"rendered":"<p><span lang=\"EN-US\"><strong>Spezifikation<\/strong><\/span><\/p>\n<div>\n<ul>\n<li><span style=\"font-size: large;color: #0000ff\"><strong>3 Lagerr\u00e4ume<br \/> <\/strong><\/span><\/li>\n<li><span style=\"font-size: large;color: #0000ff\"><strong>Kapazit\u00e4t: 1500 ml\/jeder Raum<br \/> <\/strong><\/span><\/li>\n<li><span style=\"font-size: large;color: #0000ff\"><strong>Skalenmarkierung <\/strong><\/span><\/li>\n<\/ul><\/div>\n<ul>\n<li><span style=\"font-size: large;color: #0000ff\"><strong>Gr\u00f6\u00dfe: 31,5 cm (12,6&#8243;) x 11 cm (4,4&#8243;) x 17,5 cm (7&#8243;)<\/strong><\/span><\/li>\n<\/ul>\n","protected":false},"excerpt":{"rendered":"<p>einfache Bedienung und Installation<\/p>\n","protected":false},"featured_media":1670,"comment_status":"open","ping_status":"closed","template":"","meta":[],"product_brand":[],"product_cat":[493],"product_tag":[],"class_list":{"0":"post-33337","1":"product","2":"type-product","3":"status-publish","4":"has-post-thumbnail","6":"product_cat-dosierpumpe-und-zubehor","8":"first","9":"instock","10":"shipping-taxable","11":"purchasable","12":"product-type-simple"},"_links":{"self":[{"href":"https:\/\/www.myaquastore.com\/de\/wp-json\/wp\/v2\/product\/33337","targetHints":{"allow":["GET"]}}],"collection":[{"href":"https:\/\/www.myaquastore.com\/de\/wp-json\/wp\/v2\/product"}],"about":[{"href":"https:\/\/www.myaquastore.com\/de\/wp-json\/wp\/v2\/types\/product"}],"replies":[{"embeddable":true,"href":"https:\/\/www.myaquastore.com\/de\/wp-json\/wp\/v2\/comments?post=33337"}],"wp:featuredmedia":[{"embeddable":true,"href":"https:\/\/www.myaquastore.com\/de\/wp-json\/wp\/v2\/media\/1670"}],"wp:attachment":[{"href":"https:\/\/www.myaquastore.com\/de\/wp-json\/wp\/v2\/media?parent=33337"}],"wp:term":[{"taxonomy":"product_brand","embeddable":true,"href":"https:\/\/www.myaquastore.com\/de\/wp-json\/wp\/v2\/product_brand?post=33337"},{"taxonomy":"product_cat","embeddable":true,"href":"https:\/\/www.myaquastore.com\/de\/wp-json\/wp\/v2\/product_cat?post=33337"},{"taxonomy":"product_tag","embeddable":true,"href":"https:\/\/www.myaquastore.com\/de\/wp-json\/wp\/v2\/product_tag?post=33337"}],"curies":[{"name":"wp","href":"https:\/\/api.w.org\/{rel}","templated":true}]}}