{"id":33339,"date":"2014-09-11T13:23:47","date_gmt":"2014-09-11T13:23:47","guid":{"rendered":"https:\/\/www.myaquastore.com\/product\/flussigkeitsvorratseimer-fur-dosierpumpe-mit-skala-15-l-10-x-10-x-165-cm\/"},"modified":"2025-03-16T08:23:36","modified_gmt":"2025-03-16T08:23:36","slug":"flussigkeitsvorratseimer-fur-dosierpumpe-mit-skala-15-l-10-x-10-x-165-cm","status":"publish","type":"product","link":"https:\/\/www.myaquastore.com\/de\/produkt\/flussigkeitsvorratseimer-fur-dosierpumpe-mit-skala-15-l-10-x-10-x-165-cm\/","title":{"rendered":"Fl\u00fcssigkeitsvorratseimer f\u00fcr Dosierpumpe mit Skala, 1,5 l, 10 x 10 x 16,5 cm"},"content":{"rendered":"<table align=\"center\">\n<tbody>\n<tr>\n<td>\n<div id=\"ds_div\">\n<p><span style=\"color: #0000ff;font-size: large\">Artikelbeschreibung:<\/span><\/p>\n<p><span style=\"color: #0000ff\"><br \/><\/span><\/p>\n<div align=\"left\">\n<div><span style=\"font-family: Verdana\">1, die Oberfl\u00e4che des Fassk\u00f6rpers ist mit der Fischschuppe graviert, die es einfacher macht, Fl\u00fcssigkeit hinzuzuf\u00fcgen, um die Spur der Situation zu beobachten.<\/p>\n<p>2, Gr\u00f6\u00dfe: 10 * 10 * 16,5 cm<\/p>\n<p>3, Fassungsverm\u00f6gen: 1,5 Liter<\/span><\/div>\n<div><span><br \/>4, 4 mm transparentes Acrylmaterial, Aktivit\u00e4tenabdeckung, mit 2 Schnellanschl\u00fcssen, integrierter transparenter d\u00fcnner Acrylschlauch, der Overall<\/span><\/div><\/div><\/div>\n<\/td>\n<\/tr>\n<\/tbody>\n<\/table>\n","protected":false},"excerpt":{"rendered":"<p>einfache Bedienung und Installation<\/p>\n","protected":false},"featured_media":1676,"comment_status":"open","ping_status":"closed","template":"","meta":[],"product_brand":[],"product_cat":[493],"product_tag":[],"class_list":{"0":"post-33339","1":"product","2":"type-product","3":"status-publish","4":"has-post-thumbnail","6":"product_cat-dosierpumpe-und-zubehor","8":"first","9":"instock","10":"shipping-taxable","11":"purchasable","12":"product-type-simple"},"_links":{"self":[{"href":"https:\/\/www.myaquastore.com\/de\/wp-json\/wp\/v2\/product\/33339","targetHints":{"allow":["GET"]}}],"collection":[{"href":"https:\/\/www.myaquastore.com\/de\/wp-json\/wp\/v2\/product"}],"about":[{"href":"https:\/\/www.myaquastore.com\/de\/wp-json\/wp\/v2\/types\/product"}],"replies":[{"embeddable":true,"href":"https:\/\/www.myaquastore.com\/de\/wp-json\/wp\/v2\/comments?post=33339"}],"wp:featuredmedia":[{"embeddable":true,"href":"https:\/\/www.myaquastore.com\/de\/wp-json\/wp\/v2\/media\/1676"}],"wp:attachment":[{"href":"https:\/\/www.myaquastore.com\/de\/wp-json\/wp\/v2\/media?parent=33339"}],"wp:term":[{"taxonomy":"product_brand","embeddable":true,"href":"https:\/\/www.myaquastore.com\/de\/wp-json\/wp\/v2\/product_brand?post=33339"},{"taxonomy":"product_cat","embeddable":true,"href":"https:\/\/www.myaquastore.com\/de\/wp-json\/wp\/v2\/product_cat?post=33339"},{"taxonomy":"product_tag","embeddable":true,"href":"https:\/\/www.myaquastore.com\/de\/wp-json\/wp\/v2\/product_tag?post=33339"}],"curies":[{"name":"wp","href":"https:\/\/api.w.org\/{rel}","templated":true}]}}