{"id":33342,"date":"2014-09-12T12:27:07","date_gmt":"2014-09-12T12:27:07","guid":{"rendered":"https:\/\/www.myaquastore.com\/product\/jebao-wireless-rw-8-wave-maker-powerhead-wp-reef-aquarium-2\/"},"modified":"2025-03-16T08:23:38","modified_gmt":"2025-03-16T08:23:38","slug":"jebao-wireless-rw-8-wave-maker-powerhead-wp-reef-aquarium-2","status":"publish","type":"product","link":"https:\/\/www.myaquastore.com\/de\/produkt\/jebao-wireless-rw-8-wave-maker-powerhead-wp-reef-aquarium-2\/","title":{"rendered":"JEBAO WIRELESS RW-8 WAVE MAKER POWERHEAD WP REEF AQUARIUM"},"content":{"rendered":"<div>\n<p><span style=\"color: #0000ff\"><strong>Funktion (Jebao RW8 Wireless WaveMaker)<\/strong><\/span><\/p>\n<ul>\n<li><span style=\"color: #0000ff;font-size: large\"><strong>8 verschiedene Durchflussraten (700 &#8211; 8000 Liter)<\/strong><\/span><\/li>\n<\/ul>\n<ul>\n<li><span style=\"color: #0000ff\"><strong>Super Silent. <\/strong><\/span><\/li>\n<li><span style=\"color: #0000ff\"><strong>Drahtloser Controller zum Anschluss der Master-\/Slave-Pumpe<\/strong><\/span><\/li>\n<li><span style=\"color: #0000ff;font-size: large\"><strong>Kann als eigenst\u00e4ndiger Betrieb mit einer Pumpe oder drahtlos betrieben werden<\/strong><\/span><\/li>\n<li><span style=\"color: #0000ff\"><strong>Einfache Installation und Wartung.<\/strong><\/span><\/li>\n<li><span style=\"color: #0000ff\"><strong>Magnethalterung<\/strong><\/span><\/li>\n<li><span style=\"color: #0000ff\"><strong>Nachtsensor \u2013 erkennt automatisch, wenn die Tankbeleuchtung erlischt und verlangsamt die Pumpe.<\/strong><\/span><\/li>\n<li><span style=\"color: #0000ff;font-size: large\"><strong>One-Touch-Feed-Modus \u2013 verlangsamt die Pumpe f\u00fcr einen Zeitraum von 10 Minuten.<\/strong><\/span><\/li>\n<li><span style=\"color: #0000ff\"><strong>Hohe Leistung, kraftvoller Wasserdurchfluss bei geringem Energieverbrauch.<\/strong><\/span><\/li>\n<li><span style=\"color: #0000ff;font-size: large\"><strong>Keramikschaft f\u00fcr lange Lebensdauer und Haltbarkeit<\/strong><\/span><\/li>\n<li><span style=\"color: #0000ff;font-size: large\"><strong>Intelligentes Steuerungssystem zur Erzeugung verschiedener Wellenmuster passend zu Ihrem Aquarium.<\/strong><\/span><\/li>\n<li><span style=\"color: #0000ff\"><strong>Extra langes Kabel f\u00fcr einfache und bequeme Platzierung, auch an gr\u00f6\u00dferen Tanks.<\/strong><\/span><\/li>\n<li><span style=\"color: #0000ff\"><strong>Sichere und zuverl\u00e4ssige Niederspannungsstromversorgung. Geeignet f\u00fcr S\u00fc\u00df- und Salzwasser<\/strong><\/span><\/li>\n<\/ul>\n<div><span style=\"color: #0000ff\"><strong><br \/><\/strong><\/span><\/div>\n<div><span style=\"color: #0000ff\"><strong><br \/><\/strong><\/span><\/div>\n<p><span style=\"color: #0000ff\"><strong>Wellenmodus:<\/strong><\/span><\/p>\n<\/p><\/div>\n<div><span style=\"color: #0000ff\"><strong><br \/><\/strong><strong><span lang=\"EN-US\" xml:lang=\"EN-US\">W1<\/span><\/strong><strong><span lang=\"ZH-CN\" xml:lang=\"ZH-CN\">\uff1a<\/span><\/strong><strong><span lang=\"EN-US\" xml:lang=\"EN-US\">Wave Modus<\/span><\/strong><strong><\/strong><\/span><\/div>\n<div>\n<p align=\"left\"><span style=\"color: #0000ff\" lang=\"EN-US\" xml:lang=\"EN-US\">In diesem Modus muss der Knopf entfernt werden, um die Wellenmuster zwischen einer oder mehreren Pumpen gleichzeitig anzupassen. Da sich das Wasservolumen im Tank von der Kapazit\u00e4t des Tanks unterscheidet, musste die Wellenperiode durch Drehen des Knopfes angepasst werden. Die Welle ist am gr\u00f6\u00dften, wenn die Wellenl\u00e4nge der L\u00e4nge des Tanks entspricht; Erh\u00f6hen Sie die Wellenl\u00e4nge, indem Sie den Knopf im Uhrzeigersinn drehen, und verringern Sie ihn gegen den Uhrzeigersinn.<\/span><\/p>\n<p align=\"left\"><span style=\"color: #0000ff;font-size: large\"><strong><span lang=\"EN-US\" xml:lang=\"EN-US\">Tipps:<\/span><\/strong><span lang=\"EN-US\" xml:lang=\"EN-US\"> Sie sollten den Knopf schrittweise bewegen und das Wellenmuster in einem bestimmten Zeitraum nach jeder Einstellung bemerken. Dr\u00fccken Sie<\/span><span lang=\"EN-US\" xml:lang=\"EN-US\">\u201eSPEED\/FEED\u201c, um die Durchflussrate anzupassen.<\/span><\/span><\/p>\n<p align=\"left\"><span style=\"color: #0000ff;font-size: large\"> <\/span><\/p>\n<p align=\"left\"><span style=\"color: #0000ff;font-size: large\"><strong><span lang=\"EN-US\" xml:lang=\"EN-US\">W2<\/span><\/strong><strong><span lang=\"ZH-CN\" xml:lang=\"ZH-CN\">\uff1a<\/span><\/strong><strong><span lang=\"EN-US\" xml:lang=\"EN-US\"> Sinus Modus<\/span><\/strong><strong><\/strong><\/span><\/p>\n<p align=\"left\"><span style=\"color: #0000ff;font-size: large\"><span lang=\"EN-US\" xml:lang=\"EN-US\">In diesem Modus k\u00f6nnen eine oder mehrere Pumpen gleichzeitig betrieben werden. Die Leistung variiert zwischen <\/span><span lang=\"EN-US\" xml:lang=\"EN-US\">30 %-100 % und die Regelung sieht aus wie eine Sinuskurve.<\/span><\/span><\/p>\n<p align=\"left\"><span style=\"color: #0000ff;font-size: large\"> <\/span><\/p>\n<p align=\"left\"><span style=\"color: #0000ff;font-size: large\"><strong><span lang=\"EN-US\" xml:lang=\"EN-US\">Else<\/span><\/strong><strong><span lang=\"ZH-CN\" xml:lang=\"ZH-CN\">\uff1a<\/span><\/strong><strong><span lang=\"EN-US\" xml:lang=\"EN-US\"> Zuf\u00e4llig Modus<\/span><\/strong><strong><\/strong><\/span><\/p>\n<p align=\"left\"><span style=\"color: #0000ff\" lang=\"EN-US\" xml:lang=\"EN-US\">Eine oder mehrere Pumpen k\u00f6nnen gleichzeitig betrieben werden. Es handelt sich um einen Zufallsmodus, da sich die Leistung der Pumpe st\u00e4ndig und ohne Regulierung zu zuf\u00e4lligen Daten \u00e4ndert.<\/span><\/p>\n<p align=\"left\"><span style=\"color: #0000ff;font-size: large\"> <\/span><\/p>\n<p align=\"left\"><span style=\"color: #0000ff;font-size: large\"><span lang=\"EN-US\" xml:lang=\"EN-US\"><strong>H<\/strong><\/span><strong><span lang=\"ZH-CN\" xml:lang=\"ZH-CN\">\uff1a<\/span><\/strong><strong><span lang=\"EN-US\" xml:lang=\"EN-US\">Flow Modus<\/span><\/strong><strong><\/strong><\/span><\/p>\n<p align=\"left\"><span style=\"color: #0000ff;font-size: large\"><span lang=\"EN-US\" xml:lang=\"EN-US\">Eine oder mehrere Pumpen k\u00f6nnen gleichzeitig betrieben werden. Im st\u00e4ndigen Fluss. Die Durchflussrate kann \u00fcber <\/span><span lang=\"EN-US\" xml:lang=\"EN-US\">\u201eSPEED\/FEED\u201c<\/span><\/span><\/p>\n<p> angepasst werden<\/p>\n<p align=\"left\"><span style=\"color: #0000ff;font-size: large\"> <\/span><\/p>\n<p> <span style=\"color: #0000ff;font-size: large\"><span lang=\"EN-US\" xml:lang=\"EN-US\"><strong>C<\/strong><\/span><strong><span lang=\"ZH-CN\" xml:lang=\"ZH-CN\">\uff1a<\/span><\/strong><strong><span lang=\"EN-US\" xml:lang=\"EN-US\"> Wechseln Sie in den Flow-Modus<\/span><\/strong><\/span><\/p>\n<p align=\"left\"><span style=\"color: #0000ff;font-size: large\"><span lang=\"EN-US\" xml:lang=\"EN-US\">Zwei Pumpen m\u00fcssen gleichzeitig betrieben werden, wenn sie Welle und Durchfluss zyklisch verschieben. P1 Arbeit, P2 Stopp; P2 Arbeit, P1 Stopp; P1 Arbeit, P2 Stopp. und solche Zyklen. Die Zyklusdauer <\/span><span lang=\"ZH-CN\" xml:lang=\"ZH-CN\">\uff08<\/span><span lang=\"EN-US\" xml:lang=\"EN-US\">1s-1min<\/span><span lang=\"ZH-CN\" xml:lang=\"ZH-CN\">\uff09<\/span><span lang=\"EN-US\" xml:lang=\"EN-US\">kann durch Umschalten des Knopfes eingestellt werden und die Durchflussrate wird durch Dr\u00fccken von <\/span><span lang=\"EN-US\" xml:lang=\"EN-US\">GESCHWINDIGKEIT\/FEED<\/span><\/span><\/p>\n<\/p><\/div>\n<div><span style=\"color: #0000ff\"><strong><br \/><\/strong><\/span><\/div>\n<div><span style=\"color: #0000ff;font-size: large\"><strong>Spezifikation<\/strong><\/span><\/div>\n<div>\n<ul>\n<li><span style=\"color: #0000ff\"><strong>Gr\u00f6\u00dfe: 9,5 x 7 x 5,5 cm<\/strong><\/span><\/li>\n<li><span style=\"color: #0000ff\"><strong>Leistung 110 V bis 240 50\/60 Hz 8 W bis 23 W<\/strong><\/span><\/li>\n<\/ul><\/div>\n","protected":false},"excerpt":{"rendered":"<p>einfache Installation und Einrichtung<br \/>\n Kann mit 7 Slave-Pumpen zusammenarbeiten<\/p>\n","protected":false},"featured_media":1695,"comment_status":"open","ping_status":"closed","template":"","meta":[],"product_brand":[],"product_cat":[609],"product_tag":[],"class_list":{"0":"post-33342","1":"product","2":"type-product","3":"status-publish","4":"has-post-thumbnail","6":"product_cat-wellenmacher","8":"first","9":"instock","10":"shipping-taxable","11":"purchasable","12":"product-type-simple"},"_links":{"self":[{"href":"https:\/\/www.myaquastore.com\/de\/wp-json\/wp\/v2\/product\/33342","targetHints":{"allow":["GET"]}}],"collection":[{"href":"https:\/\/www.myaquastore.com\/de\/wp-json\/wp\/v2\/product"}],"about":[{"href":"https:\/\/www.myaquastore.com\/de\/wp-json\/wp\/v2\/types\/product"}],"replies":[{"embeddable":true,"href":"https:\/\/www.myaquastore.com\/de\/wp-json\/wp\/v2\/comments?post=33342"}],"wp:featuredmedia":[{"embeddable":true,"href":"https:\/\/www.myaquastore.com\/de\/wp-json\/wp\/v2\/media\/1695"}],"wp:attachment":[{"href":"https:\/\/www.myaquastore.com\/de\/wp-json\/wp\/v2\/media?parent=33342"}],"wp:term":[{"taxonomy":"product_brand","embeddable":true,"href":"https:\/\/www.myaquastore.com\/de\/wp-json\/wp\/v2\/product_brand?post=33342"},{"taxonomy":"product_cat","embeddable":true,"href":"https:\/\/www.myaquastore.com\/de\/wp-json\/wp\/v2\/product_cat?post=33342"},{"taxonomy":"product_tag","embeddable":true,"href":"https:\/\/www.myaquastore.com\/de\/wp-json\/wp\/v2\/product_tag?post=33342"}],"curies":[{"name":"wp","href":"https:\/\/api.w.org\/{rel}","templated":true}]}}