{"id":33356,"date":"2014-08-20T15:02:39","date_gmt":"2014-08-20T15:02:39","guid":{"rendered":"https:\/\/www.myaquastore.com\/product\/hang-on-uberlaufkasten-grose-grose-4000-l-h\/"},"modified":"2025-03-16T08:23:46","modified_gmt":"2025-03-16T08:23:46","slug":"hang-on-uberlaufkasten-grose-grose-4000-l-h","status":"publish","type":"product","link":"https:\/\/www.myaquastore.com\/de\/produkt\/hang-on-uberlaufkasten-grose-grose-4000-l-h\/","title":{"rendered":"HANG ON \u00dcberlaufkasten, gro\u00dfe Gr\u00f6\u00dfe 4000 l\/h"},"content":{"rendered":"<p><span><strong>Funktion<\/strong><\/span><\/p>\n<ul>\n<li><span><strong>Hand on Overflow Box geeignet f\u00fcr den Einsatz im Aquarium<\/strong><\/span><\/li>\n<li><span><strong>F\u00e4higkeit zur Ger\u00e4uschreduzierung einschlie\u00dfen<\/strong><\/span><\/li>\n<\/ul>\n<p><span><strong>Spezifikation<\/strong><\/span><\/p>\n<ul>\n<li><span><strong>Gr\u00f6\u00dfe 230 mm x 220 mm x 200 mm<\/strong><\/span><\/li>\n<li><span><strong>R\u00fcckschlagventil f\u00fcr \u00dcberlauf enthalten<\/strong><\/span><\/li>\n<li><strong><span>Geeignet f\u00fcr 200-Liter- bis 700-Liter-Tanks<\/span><\/strong><\/li>\n<li><strong><span>Durchflussrate: 4000 Liter\/Stunde<\/span><\/strong><\/li>\n<\/ul>\n","protected":false},"excerpt":{"rendered":"<p>einfache Installation<\/p>\n","protected":false},"featured_media":1820,"comment_status":"open","ping_status":"closed","template":"","meta":[],"product_brand":[],"product_cat":[615],"product_tag":[],"class_list":{"0":"post-33356","1":"product","2":"type-product","3":"status-publish","4":"has-post-thumbnail","6":"product_cat-uberlaufkasten","8":"first","9":"instock","10":"shipping-taxable","11":"purchasable","12":"product-type-simple"},"_links":{"self":[{"href":"https:\/\/www.myaquastore.com\/de\/wp-json\/wp\/v2\/product\/33356","targetHints":{"allow":["GET"]}}],"collection":[{"href":"https:\/\/www.myaquastore.com\/de\/wp-json\/wp\/v2\/product"}],"about":[{"href":"https:\/\/www.myaquastore.com\/de\/wp-json\/wp\/v2\/types\/product"}],"replies":[{"embeddable":true,"href":"https:\/\/www.myaquastore.com\/de\/wp-json\/wp\/v2\/comments?post=33356"}],"wp:featuredmedia":[{"embeddable":true,"href":"https:\/\/www.myaquastore.com\/de\/wp-json\/wp\/v2\/media\/1820"}],"wp:attachment":[{"href":"https:\/\/www.myaquastore.com\/de\/wp-json\/wp\/v2\/media?parent=33356"}],"wp:term":[{"taxonomy":"product_brand","embeddable":true,"href":"https:\/\/www.myaquastore.com\/de\/wp-json\/wp\/v2\/product_brand?post=33356"},{"taxonomy":"product_cat","embeddable":true,"href":"https:\/\/www.myaquastore.com\/de\/wp-json\/wp\/v2\/product_cat?post=33356"},{"taxonomy":"product_tag","embeddable":true,"href":"https:\/\/www.myaquastore.com\/de\/wp-json\/wp\/v2\/product_tag?post=33356"}],"curies":[{"name":"wp","href":"https:\/\/api.w.org\/{rel}","templated":true}]}}