{"id":33358,"date":"2014-08-27T14:51:03","date_gmt":"2014-08-27T14:51:03","guid":{"rendered":"https:\/\/www.myaquastore.com\/product\/jebao-dosierpumpe-dp-4-erweiterbar-auf-8-kanale-kalibrierung-programmierbar\/"},"modified":"2025-03-16T08:23:47","modified_gmt":"2025-03-16T08:23:47","slug":"jebao-dosierpumpe-dp-4-erweiterbar-auf-8-kanale-kalibrierung-programmierbar","status":"publish","type":"product","link":"https:\/\/www.myaquastore.com\/de\/produkt\/jebao-dosierpumpe-dp-4-erweiterbar-auf-8-kanale-kalibrierung-programmierbar\/","title":{"rendered":"JEBAO DOSIERPUMPE DP-4, erweiterbar auf 8 Kan\u00e4le, Kalibrierung programmierbar"},"content":{"rendered":"<h2>Produktbeschreibung<\/h2>\n<p>Die DP-4 ist eine neue, preisg\u00fcnstige Dosierpumpe mit 4 Dosierk\u00f6pfen. Sie k\u00f6nnen jede Pumpe so programmieren, dass sie bis zu 24 Mal am Tag eingeschaltet wird und eine pr\u00e4zise Menge an L\u00f6sung abgibt, was es dem Benutzer erm\u00f6glicht, seine Tankparameter stabil zu halten, und das t\u00e4gliche Mischen von Nahrungserg\u00e4nzungsmitteln \u00fcberfl\u00fcssig macht.<\/p>\n<p>Die Steuerung ist einfach zu bedienen und fortschrittlich, und jede Pumpe kann individuell programmiert werden. Der DP-4 eignet sich perfekt f\u00fcr jedes Aquarium, da er die Dosierung sowohl in gro\u00dfen als auch in kleinen Schritten erm\u00f6glicht.<\/p>\n<p>Der DP-4 wird mit einem Netzteil geliefert und ist Plug-and-Play, nachdem er mit einem 100-ml-Messzylinder oder Messbecher (nicht im Lieferumfang enthalten) kalibriert wurde. F\u00fcr jede Pumpe gilt eine 6-monatige Garantie, die den Austausch aller Teile abdeckt, die aufgrund von Herstellungsfehlern ausfallen.<\/p>\n<div><strong>Funktion<\/strong><\/div>\n<div>\n<ul>\n<li><span style=\"font-family: arial;font-size: small\"><strong>Marke Jebao f\u00fcr 4-Kanal-Dosierpumpe<\/strong><\/span><\/li>\n<li><span style=\"font-family: arial;font-size: small\"><strong>Jeder Kanal liefert 1 bis 9999 ml pro Tag<\/strong><\/span><\/li>\n<li><span style=\"font-family: arial;font-size: small\"><strong>Jeder Kanal kann 24 Timer pro Tag programmieren<\/strong><\/span><\/li>\n<li><span style=\"font-family: arial;font-size: small\"><strong>Kann bis zur Einnahme 30 Tage dauern<\/strong><\/span><\/li>\n<li><span style=\"font-family: arial;font-size: small\"><strong>Einfaches Einstellen unterschiedlicher Zeiten der Dosierpumpe <\/strong><\/span><\/li>\n<li><strong><span style=\"font-family: Arial;font-size: small\">Idee zur Dosierung von CA \/ MG \/ AB Wasser oder anderen Fl\u00fcssigkeiten+<\/span><\/strong><\/li>\n<\/ul>\n<div><strong>Spezifikation<\/strong><\/div>\n<div><strong><br \/><\/strong><\/div>\n<div>\n<ul>\n<ul>\n<li><strong>Gr\u00f6\u00dfe 23,5 x 15 x 6,5 cm<\/strong><\/li>\n<li><strong>Stromversorgung 110 V bis 240 V 50\/60 Hz<\/strong><\/li>\n<\/ul>\n<\/ul><\/div><\/div>\n","protected":false},"excerpt":{"rendered":"<p>Die Dosierpumpe DP-4 ist die L\u00f6sung f\u00fcr die Dosierung von Nahrungserg\u00e4nzungsmitteln in jedem Riffaquarium. Es ist einfach zu bedienen und unglaublich pr\u00e4zise.<\/p>\n","protected":false},"featured_media":1836,"comment_status":"open","ping_status":"closed","template":"","meta":[],"product_brand":[],"product_cat":[493],"product_tag":[],"class_list":{"0":"post-33358","1":"product","2":"type-product","3":"status-publish","4":"has-post-thumbnail","6":"product_cat-dosierpumpe-und-zubehor","8":"first","9":"instock","10":"shipping-taxable","11":"purchasable","12":"product-type-simple"},"_links":{"self":[{"href":"https:\/\/www.myaquastore.com\/de\/wp-json\/wp\/v2\/product\/33358","targetHints":{"allow":["GET"]}}],"collection":[{"href":"https:\/\/www.myaquastore.com\/de\/wp-json\/wp\/v2\/product"}],"about":[{"href":"https:\/\/www.myaquastore.com\/de\/wp-json\/wp\/v2\/types\/product"}],"replies":[{"embeddable":true,"href":"https:\/\/www.myaquastore.com\/de\/wp-json\/wp\/v2\/comments?post=33358"}],"wp:featuredmedia":[{"embeddable":true,"href":"https:\/\/www.myaquastore.com\/de\/wp-json\/wp\/v2\/media\/1836"}],"wp:attachment":[{"href":"https:\/\/www.myaquastore.com\/de\/wp-json\/wp\/v2\/media?parent=33358"}],"wp:term":[{"taxonomy":"product_brand","embeddable":true,"href":"https:\/\/www.myaquastore.com\/de\/wp-json\/wp\/v2\/product_brand?post=33358"},{"taxonomy":"product_cat","embeddable":true,"href":"https:\/\/www.myaquastore.com\/de\/wp-json\/wp\/v2\/product_cat?post=33358"},{"taxonomy":"product_tag","embeddable":true,"href":"https:\/\/www.myaquastore.com\/de\/wp-json\/wp\/v2\/product_tag?post=33358"}],"curies":[{"name":"wp","href":"https:\/\/api.w.org\/{rel}","templated":true}]}}