{"id":33384,"date":"2016-09-25T22:23:37","date_gmt":"2016-09-25T22:23:37","guid":{"rendered":"https:\/\/www.myaquastore.com\/product\/groshandel-hochwertiger-runder-luftstein-fur-aquarium-luftpumpe\/"},"modified":"2025-03-16T08:23:56","modified_gmt":"2025-03-16T08:23:56","slug":"groshandel-hochwertiger-runder-luftstein-fur-aquarium-luftpumpe","status":"publish","type":"product","link":"https:\/\/www.myaquastore.com\/de\/produkt\/groshandel-hochwertiger-runder-luftstein-fur-aquarium-luftpumpe\/","title":{"rendered":"Gro\u00dfhandel hochwertiger runder Luftstein f\u00fcr Aquarium-Luftpumpe"},"content":{"rendered":"<article class=\"article richtext richtext-detail AE:disable\" id=\"richTextContainer\">\n<div style=\"clear:both\">\n<p><span style=\"font-family: 'times new roman', times;font-size: 24px\"> runder Luftstein im Gro\u00dfhandel in guter Qualit\u00e4t f\u00fcr Aquarium-Luftpumpe <\/span><\/p>\n<p><span style=\"font-family: 'times new roman', times;font-size: 24px\">1.L\u00e4nge des Steink\u00f6rpers betr\u00e4gt 5 cm<\/span><\/p>\n<p><span style=\"font-family: 'times new roman', times\">2.Gesamtl\u00e4nge betr\u00e4gt 6,5 cm<\/span><\/p>\n<p><span style=\"font-family: 'times new roman', times\">3.diameter ist 2,5 cm<\/span><\/p>\n<p><span style=\"font-family: 'times new roman', times\">4.Verpackung: 810 St\u00fcck\/Karton<\/span><\/p>\n<p><span style=\"font-family: 'times new roman', times\">5.Details des Luftsteins<\/span><\/p>\n<p><img decoding=\"async\" data-alt=\"Gro\u00dfhandel, gute Qualit\u00e4t, rund Luftstein f\u00fcr Aquarium-Luftpumpe\" data-src=\"http:\/\/localhost\/media\/import\/detail\/HTB1iT9sHFXXXXXmXFXXq6xXFXXX3.jpg\" src=\"\"><img decoding=\"async\" alt=\"Gro\u00dfhandel gute Qualit\u00e4t runder Luftstein f\u00fcr Aquarium-Luftpumpe\" src=\"http:\/\/localhost\/media\/import\/detail\/HTB1iT9sHFXXXXXmXFXXq6xXFXXX3.jpg\"><img data-alt=\"Gro\u00dfhandel hochwertiger runder Luftstein f\u00fcr Aquarium-Luftpumpe\" data-src=\"http:\/\/localhost\/media\/import\/detail\/HTB1_i9xHFXXXXbjXpXXq6xXFXXXD.jpg\"><img decoding=\"async\" alt=\"Gro\u00dfhandel gute Qualit\u00e4t runder Luftstein f\u00fcr Aquarium-Luftpumpe\" src=\"http:\/\/localhost\/media\/import\/detail\/HTB1WTCkHFXXXXb6XVXXq6xXFXXXb.jpg\"><\/p>\n<p><span style=\"font-family: 'times new roman', times\">6.andere Modelle Ausstr\u00f6mer<\/span><\/p>\n<p><img decoding=\"async\" data-alt=\"Gro\u00dfhandel, gute Qualit\u00e4t, runder Ausstr\u00f6merstein f\u00fcr Aquarium-Luftpumpe\" data-src=\"http:\/\/localhost\/media\/import\/detail\/HTB14WiDHFXXXXbqXXXXq6xXFXXXL.jpg\" src=\"\"><img decoding=\"async\" alt=\"Gro\u00dfhandel runder Luftstein von guter Qualit\u00e4t f\u00fcr Aquarium-Luftpumpe\" src=\"http:\/\/localhost\/media\/import\/detail\/HTB14WiDHFXXXXbqXXXXq6xXFXXXL.jpg\"><\/p>\n<div style=\"clear:both\"><\/div>\n<\/div>\n<\/article>\n","protected":false},"excerpt":{"rendered":"<p>Gro\u00dfhandel hochwertiger runder Luftstein f\u00fcr Aquarium-Luftpumpe<\/p>\n","protected":false},"featured_media":1982,"comment_status":"open","ping_status":"closed","template":"","meta":[],"product_brand":[],"product_cat":[1299],"product_tag":[],"class_list":{"0":"post-33384","1":"product","2":"type-product","3":"status-publish","4":"has-post-thumbnail","6":"product_cat-aquariumfilter","8":"first","9":"instock","10":"shipping-taxable","11":"purchasable","12":"product-type-simple"},"_links":{"self":[{"href":"https:\/\/www.myaquastore.com\/de\/wp-json\/wp\/v2\/product\/33384","targetHints":{"allow":["GET"]}}],"collection":[{"href":"https:\/\/www.myaquastore.com\/de\/wp-json\/wp\/v2\/product"}],"about":[{"href":"https:\/\/www.myaquastore.com\/de\/wp-json\/wp\/v2\/types\/product"}],"replies":[{"embeddable":true,"href":"https:\/\/www.myaquastore.com\/de\/wp-json\/wp\/v2\/comments?post=33384"}],"wp:featuredmedia":[{"embeddable":true,"href":"https:\/\/www.myaquastore.com\/de\/wp-json\/wp\/v2\/media\/1982"}],"wp:attachment":[{"href":"https:\/\/www.myaquastore.com\/de\/wp-json\/wp\/v2\/media?parent=33384"}],"wp:term":[{"taxonomy":"product_brand","embeddable":true,"href":"https:\/\/www.myaquastore.com\/de\/wp-json\/wp\/v2\/product_brand?post=33384"},{"taxonomy":"product_cat","embeddable":true,"href":"https:\/\/www.myaquastore.com\/de\/wp-json\/wp\/v2\/product_cat?post=33384"},{"taxonomy":"product_tag","embeddable":true,"href":"https:\/\/www.myaquastore.com\/de\/wp-json\/wp\/v2\/product_tag?post=33384"}],"curies":[{"name":"wp","href":"https:\/\/api.w.org\/{rel}","templated":true}]}}