{"id":33994,"date":"2016-09-25T22:23:39","date_gmt":"2016-09-25T22:23:39","guid":{"rendered":"https:\/\/www.myaquastore.com\/product\/boyu-adaptive-wasserpumpe-mit-variabler-frequenz-gx4p6500\/"},"modified":"2025-03-16T08:30:04","modified_gmt":"2025-03-16T08:30:04","slug":"boyu-adaptive-wasserpumpe-mit-variabler-frequenz-gx4p6500","status":"publish","type":"product","link":"https:\/\/www.myaquastore.com\/de\/produkt\/boyu-adaptive-wasserpumpe-mit-variabler-frequenz-gx4p6500\/","title":{"rendered":"BOYU Adaptive Wasserpumpe mit variabler Frequenz GX4P6500"},"content":{"rendered":"<article class=\"article richtext richtext-detail AE:disable\" id=\"richTextContainer\">\n<div style=\"clear:both\">\n<p><span style=\"font-family: 'times new roman', times;font-size: 24px\"> BOYU Adaptive Wasserpumpe mit variabler Frequenz GX4P6500 <\/span><\/p>\n<p>&lt;span style=&quot;font-family: &#039;times new roman&#039;, times; Font-Size: 24px; Permanentmagnetrotor,<\/span> 36px; Schriftfamilie: &#8218;times new roman&#8216;, times; Schriftgr\u00f6\u00dfe: 24px; Schriftfamilie: &#8218;times new roman&#8216;, times; Schriftgr\u00f6\u00dfe: 24px;&#8220;&gt;die Temperatur- und Sperrschutzfunktion;<\/span><\/p>\n<p><span style=\"font-family: 'times new roman', times\">4.Mit automatischer Geschwindigkeitsregelung adaptive DC <\/span><span style=\"line-height: 36px\">Frequenzkonvertierungstechnologie mit hoher <\/span><span style=\"line-height: 36px\">Effizienz und Energieeinsparung;<\/span><\/p>\n<p><span style=\"font-family: 'times new roman', times\">5.Geeignet f\u00fcr S\u00fc\u00dfwasser, Meerwasser und <\/span><span style=\"line-height: 36px\">amphibische Nutzung;<\/span><\/p>\n<p><span style=\"font-family: 'times new roman', times\">6.Motor komplett versiegelt, kein Kupferelement <\/span><span style=\"line-height: 36px\">exposed;<\/span><\/p>\n<p><span style=\"font-family: 'times new roman', times\">7.Mit dem verschlei\u00dffesten Keramikschaft und <\/span><span style=\"line-height: 36px\">Buchsen, Korrosionsbest\u00e4ndigkeit, lange Lebensdauer.<\/span><\/p>\n<div style=\"clear:both\"><\/article>\n","protected":false},"excerpt":{"rendered":"<p>BOYU Adaptive Wasserpumpe mit variabler Frequenz GX4P6500<\/p>\n","protected":false},"featured_media":2078,"comment_status":"open","ping_status":"closed","template":"","meta":[],"product_brand":[],"product_cat":[1299],"product_tag":[],"class_list":{"0":"post-33994","1":"product","2":"type-product","3":"status-publish","4":"has-post-thumbnail","6":"product_cat-aquariumfilter","8":"first","9":"instock","10":"shipping-taxable","11":"purchasable","12":"product-type-simple"},"_links":{"self":[{"href":"https:\/\/www.myaquastore.com\/de\/wp-json\/wp\/v2\/product\/33994","targetHints":{"allow":["GET"]}}],"collection":[{"href":"https:\/\/www.myaquastore.com\/de\/wp-json\/wp\/v2\/product"}],"about":[{"href":"https:\/\/www.myaquastore.com\/de\/wp-json\/wp\/v2\/types\/product"}],"replies":[{"embeddable":true,"href":"https:\/\/www.myaquastore.com\/de\/wp-json\/wp\/v2\/comments?post=33994"}],"wp:featuredmedia":[{"embeddable":true,"href":"https:\/\/www.myaquastore.com\/de\/wp-json\/wp\/v2\/media\/2078"}],"wp:attachment":[{"href":"https:\/\/www.myaquastore.com\/de\/wp-json\/wp\/v2\/media?parent=33994"}],"wp:term":[{"taxonomy":"product_brand","embeddable":true,"href":"https:\/\/www.myaquastore.com\/de\/wp-json\/wp\/v2\/product_brand?post=33994"},{"taxonomy":"product_cat","embeddable":true,"href":"https:\/\/www.myaquastore.com\/de\/wp-json\/wp\/v2\/product_cat?post=33994"},{"taxonomy":"product_tag","embeddable":true,"href":"https:\/\/www.myaquastore.com\/de\/wp-json\/wp\/v2\/product_tag?post=33994"}],"curies":[{"name":"wp","href":"https:\/\/api.w.org\/{rel}","templated":true}]}}