{"id":34073,"date":"2016-09-25T23:27:40","date_gmt":"2016-09-25T23:27:40","guid":{"rendered":"https:\/\/www.myaquastore.com\/product\/50-w-hopar-glasrohrheizgerat-mit-schutzabdeckung-yx-28\/"},"modified":"2025-03-16T08:30:17","modified_gmt":"2025-03-16T08:30:17","slug":"50-w-hopar-glasrohrheizgerat-mit-schutzabdeckung-yx-28","status":"publish","type":"product","link":"https:\/\/www.myaquastore.com\/de\/produkt\/50-w-hopar-glasrohrheizgerat-mit-schutzabdeckung-yx-28\/","title":{"rendered":"50-W-HOPAR-Glasrohrheizger\u00e4t mit Schutzabdeckung YX-28"},"content":{"rendered":"<article class=\"article richtext richtext-detail AE:disable\" id=\"richTextContainer\">\n<div style=\"clear:both\">\n<p><span style=\"font-family: 'times new roman', times;font-size: 24px\">50W HOPAR Glasr\u00f6hrenheizung mit Schutzabdeckung YX-28 <\/span><\/p>\n<p><span style=\"font-family: 'times new roman', times\">1 Explosionsgesch\u00fctztes Glas<\/span><br \/><span style=\"font-family: 'times new roman', times;roman', times\">4 Sichere und zuverl\u00e4ssige Temperaturgenauigkeit<\/span><br \/><span style=\"font-family: 'times new roman', times;font-size: 24px\">5 Geeignet f\u00fcr S\u00fc\u00df- und Salzwasser<\/span><\/p>\n<p><span style=\"font-family: 'times new roman', times;font-size: 24px\">6 \u00c4u\u00dferer Schutz, erh\u00f6hte Sicherheit<\/span><\/p>\n<p><img decoding=\"async\" data-alt=\"50W HOPAR Glasr\u00f6hrenheizger\u00e4t mit Schutzabdeckung YX-28\" data-src=\"http:\/\/localhost\/media\/import\/detail\/HTB1MzQAHpXXXXXcXpXXq6xXFXXXR.jpg\" src=\"\"><img decoding=\"async\" alt=\"50W HOPAR Glasrohrheizger\u00e4t mit Schutzabdeckung YX-28\" src=\"http:\/\/localhost\/media\/import\/detail\/HTB1MzQAHpXXXXXcXpXXq6xXFXXXR.jpg\"><img decoding=\"async\" data-alt=\"50W HOPAR Glasr\u00f6hrenheizung mit Schutzabdeckung YX-28\" data-src=\"http:\/\/localhost\/media\/import\/detail\/HTB10wsyHpXXXXchXpXXq6xXFXXXf.jpg\" src=\"\"><img decoding=\"async\" alt=\"50W HOPAR Glasr\u00f6hrenheizung mit Schutzabdeckung YX-28\" src=\"http:\/\/localhost\/media\/import\/detail\/HTB10wsyHpXXXXchXpXXq6xXFXXXf.jpg\"><\/p>\n<div style=\"clear:both\"><\/div>\n<\/div>\n<\/article>\n","protected":false},"excerpt":{"rendered":"<p>50-W-HOPAR-Glasrohrheizger\u00e4t mit Schutzabdeckung YX-28<\/p>\n","protected":false},"featured_media":2239,"comment_status":"open","ping_status":"closed","template":"","meta":[],"product_brand":[],"product_cat":[1299],"product_tag":[],"class_list":{"0":"post-34073","1":"product","2":"type-product","3":"status-publish","4":"has-post-thumbnail","6":"product_cat-aquariumfilter","8":"first","9":"instock","10":"shipping-taxable","11":"purchasable","12":"product-type-simple"},"_links":{"self":[{"href":"https:\/\/www.myaquastore.com\/de\/wp-json\/wp\/v2\/product\/34073","targetHints":{"allow":["GET"]}}],"collection":[{"href":"https:\/\/www.myaquastore.com\/de\/wp-json\/wp\/v2\/product"}],"about":[{"href":"https:\/\/www.myaquastore.com\/de\/wp-json\/wp\/v2\/types\/product"}],"replies":[{"embeddable":true,"href":"https:\/\/www.myaquastore.com\/de\/wp-json\/wp\/v2\/comments?post=34073"}],"wp:featuredmedia":[{"embeddable":true,"href":"https:\/\/www.myaquastore.com\/de\/wp-json\/wp\/v2\/media\/2239"}],"wp:attachment":[{"href":"https:\/\/www.myaquastore.com\/de\/wp-json\/wp\/v2\/media?parent=34073"}],"wp:term":[{"taxonomy":"product_brand","embeddable":true,"href":"https:\/\/www.myaquastore.com\/de\/wp-json\/wp\/v2\/product_brand?post=34073"},{"taxonomy":"product_cat","embeddable":true,"href":"https:\/\/www.myaquastore.com\/de\/wp-json\/wp\/v2\/product_cat?post=34073"},{"taxonomy":"product_tag","embeddable":true,"href":"https:\/\/www.myaquastore.com\/de\/wp-json\/wp\/v2\/product_tag?post=34073"}],"curies":[{"name":"wp","href":"https:\/\/api.w.org\/{rel}","templated":true}]}}