{"id":34104,"date":"2016-09-25T23:27:41","date_gmt":"2016-09-25T23:27:41","guid":{"rendered":"https:\/\/www.myaquastore.com\/product\/hopar-automatischer-fischfutterautomat-h9000\/"},"modified":"2025-03-16T08:30:22","modified_gmt":"2025-03-16T08:30:22","slug":"hopar-automatischer-fischfutterautomat-h9000","status":"publish","type":"product","link":"https:\/\/www.myaquastore.com\/de\/produkt\/hopar-automatischer-fischfutterautomat-h9000\/","title":{"rendered":"HOPAR automatischer Fischfutterautomat H9000"},"content":{"rendered":"<article class=\"article richtext richtext-detail AE:disable\" id=\"richTextContainer\">\n<div style=\"clear:both\">\n<p><span style=\"font-family: 'times new roman', times;font-size: 24px\">HOPAR automatischer Fischfutterspender H9000<\/span><\/p>\n<p><span style=\"font-family: 'times new roman', times;font-size: 24px\">1. Es kann trockenes, loses Flocken- und Pelletfutter verwendet werden<\/span><\/p>\n<p><span style=\"font-family: 'times new roman', times;font-size: 24px\">2. Ideal f\u00fcr Aquarien aller Gr\u00f6\u00dfen<\/span><\/p>\n<p><span style=\"font-family: 'times new roman', times;font-size: 24px\">3. Digitaler Timer zum Einrichten regelm\u00e4\u00dfiger F\u00fctterungsprogramme<\/span><\/p>\n<p><span style=\"font-family: 'times new roman', times;font-size: 24px\">4. Einzigartiges System, um zu verhindern, dass Lebensmittel im Spender befeuchtet werden oder verstopfen<\/span><\/p>\n<p><span style=\"font-family: 'times new roman', times;font-size: 24px\">5. Kann automatisch oder manuell betrieben werden, was die Fischhaltung erleichtert<\/span><\/p>\n<p><img decoding=\"async\" data-alt=\"HOPAR automatischer Fischfutterspender H9000\" data-src=\"http:\/\/localhost\/media\/import\/detail\/381323060_654.jpg\" src=\"\"><img decoding=\"async\" alt=\"HOPAR automatischer Fischfutterspender H9000\" src=\"http:\/\/localhost\/media\/import\/detail\/381323060_654.jpg\"><\/p>\n<div style=\"clear:both\"><\/div>\n<\/div>\n<\/article>\n","protected":false},"excerpt":{"rendered":"<p>HOPAR automatischer Fischfutterautomat H9000<\/p>\n","protected":false},"featured_media":2301,"comment_status":"open","ping_status":"closed","template":"","meta":[],"product_brand":[],"product_cat":[1299],"product_tag":[],"class_list":{"0":"post-34104","1":"product","2":"type-product","3":"status-publish","4":"has-post-thumbnail","6":"product_cat-aquariumfilter","8":"first","9":"instock","10":"shipping-taxable","11":"purchasable","12":"product-type-simple"},"_links":{"self":[{"href":"https:\/\/www.myaquastore.com\/de\/wp-json\/wp\/v2\/product\/34104","targetHints":{"allow":["GET"]}}],"collection":[{"href":"https:\/\/www.myaquastore.com\/de\/wp-json\/wp\/v2\/product"}],"about":[{"href":"https:\/\/www.myaquastore.com\/de\/wp-json\/wp\/v2\/types\/product"}],"replies":[{"embeddable":true,"href":"https:\/\/www.myaquastore.com\/de\/wp-json\/wp\/v2\/comments?post=34104"}],"wp:featuredmedia":[{"embeddable":true,"href":"https:\/\/www.myaquastore.com\/de\/wp-json\/wp\/v2\/media\/2301"}],"wp:attachment":[{"href":"https:\/\/www.myaquastore.com\/de\/wp-json\/wp\/v2\/media?parent=34104"}],"wp:term":[{"taxonomy":"product_brand","embeddable":true,"href":"https:\/\/www.myaquastore.com\/de\/wp-json\/wp\/v2\/product_brand?post=34104"},{"taxonomy":"product_cat","embeddable":true,"href":"https:\/\/www.myaquastore.com\/de\/wp-json\/wp\/v2\/product_cat?post=34104"},{"taxonomy":"product_tag","embeddable":true,"href":"https:\/\/www.myaquastore.com\/de\/wp-json\/wp\/v2\/product_tag?post=34104"}],"curies":[{"name":"wp","href":"https:\/\/api.w.org\/{rel}","templated":true}]}}