{"id":34105,"date":"2016-09-25T23:27:41","date_gmt":"2016-09-25T23:27:41","guid":{"rendered":"https:\/\/www.myaquastore.com\/product\/200w-jebao-oko-koiteichpumpe-lp45000\/"},"modified":"2025-03-16T08:30:22","modified_gmt":"2025-03-16T08:30:22","slug":"200w-jebao-oko-koiteichpumpe-lp45000","status":"publish","type":"product","link":"https:\/\/www.myaquastore.com\/de\/produkt\/200w-jebao-oko-koiteichpumpe-lp45000\/","title":{"rendered":"200W Jebao \u00d6ko-Koiteichpumpe LP45000"},"content":{"rendered":"<article class=\"article richtext richtext-detail AE:disable\" id=\"richTextContainer\">\n<div style=\"clear:both\">\n<p><span style=\"font-family: 'times new roman', times;font-size: 24px\"> 200W Jebao \u00d6ko-Koiteichpumpe LP45000 <\/span><\/p>\n<p>&lt;span style=&quot;font-family: &#039;times new roman&#039;, times; Schriftgr\u00f6\u00dfe: 24 Pixel; Schmutzpartikel mit einer Gr\u00f6\u00dfe von bis zu 6 mm<\/span><br \/><span style=\"font-family: 'times new roman', times;font-size: 24px\">4.Verwenden Sie einen verschlei\u00dffesten Keramikschaft, der \u00fcber einen l\u00e4ngeren Zeitraum verwendet werden kann.<\/span><\/p>\n<p><span style=\"font-family: 'times new roman', times;font-size: 24px\"><img decoding=\"async\" data-alt=\"200W Jebao \u00d6ko-Koiteichpumpe LP45000\" data-src=\"http:\/\/localhost\/media\/import\/detail\/HTB1qMlhHFXXXXakXpXXq6xXFXXXy.jpg\" src=\"\"><img decoding=\"async\" alt=\"200W Jebao \u00d6ko-Koiteichpumpe LP45000\" src=\"http:\/\/localhost\/media\/import\/detail\/HTB1qMlhHFXXXXakXpXXq6xXFXXXy.jpg\"><img decoding=\"async\" data-alt=\"200W Jebao \u00d6ko-Koiteichpumpe LP45000\" data-src=\"http:\/\/localhost\/media\/import\/detail\/HTB1_WJiHFXXXXakXpXXq6xXFXXX7.jpg\" src=\"\"><img decoding=\"async\" alt=\"200W Jebao \u00d6ko-Koiteichpumpe LP45000\" src=\"http:\/\/localhost\/media\/import\/detail\/HTB1_WJiHFXXXXakXpXXq6xXFXXX7.jpg\"><img decoding=\"async\" data-alt=\"200W Jebao \u00d6ko-Koiteichpumpe LP45000\" data-src=\"http:\/\/localhost\/media\/import\/detail\/HTB13dRfHFXXXXbtXFXXq6xXFXXX1.jpg\" src=\"\"><img decoding=\"async\" alt=\"200W Jebao \u00d6ko-Koiteichpumpe LP45000\" src=\"http:\/\/localhost\/media\/import\/detail\/HTB13dRfHFXXXXbtXFXXq6xXFXXX1.jpg\"><\/span><\/p>\n<div style=\"clear:both\"><\/div>\n<\/div>\n<\/article>\n","protected":false},"excerpt":{"rendered":"<p>200W Jebao \u00d6ko-Koiteichpumpe LP45000<\/p>\n","protected":false},"featured_media":2303,"comment_status":"open","ping_status":"closed","template":"","meta":[],"product_brand":[],"product_cat":[1299],"product_tag":[],"class_list":{"0":"post-34105","1":"product","2":"type-product","3":"status-publish","4":"has-post-thumbnail","6":"product_cat-aquariumfilter","8":"first","9":"instock","10":"shipping-taxable","11":"purchasable","12":"product-type-simple"},"_links":{"self":[{"href":"https:\/\/www.myaquastore.com\/de\/wp-json\/wp\/v2\/product\/34105","targetHints":{"allow":["GET"]}}],"collection":[{"href":"https:\/\/www.myaquastore.com\/de\/wp-json\/wp\/v2\/product"}],"about":[{"href":"https:\/\/www.myaquastore.com\/de\/wp-json\/wp\/v2\/types\/product"}],"replies":[{"embeddable":true,"href":"https:\/\/www.myaquastore.com\/de\/wp-json\/wp\/v2\/comments?post=34105"}],"wp:featuredmedia":[{"embeddable":true,"href":"https:\/\/www.myaquastore.com\/de\/wp-json\/wp\/v2\/media\/2303"}],"wp:attachment":[{"href":"https:\/\/www.myaquastore.com\/de\/wp-json\/wp\/v2\/media?parent=34105"}],"wp:term":[{"taxonomy":"product_brand","embeddable":true,"href":"https:\/\/www.myaquastore.com\/de\/wp-json\/wp\/v2\/product_brand?post=34105"},{"taxonomy":"product_cat","embeddable":true,"href":"https:\/\/www.myaquastore.com\/de\/wp-json\/wp\/v2\/product_cat?post=34105"},{"taxonomy":"product_tag","embeddable":true,"href":"https:\/\/www.myaquastore.com\/de\/wp-json\/wp\/v2\/product_tag?post=34105"}],"curies":[{"name":"wp","href":"https:\/\/api.w.org\/{rel}","templated":true}]}}