{"id":34124,"date":"2016-09-25T23:27:41","date_gmt":"2016-09-25T23:27:41","guid":{"rendered":"https:\/\/www.myaquastore.com\/product\/neues-produkt-jebao-frequenzumwandlung-super-leise-marine-tauchwasserpumpe-meerwasserpumpe-dcs5000\/"},"modified":"2025-03-16T08:30:25","modified_gmt":"2025-03-16T08:30:25","slug":"neues-produkt-jebao-frequenzumwandlung-super-leise-marine-tauchwasserpumpe-meerwasserpumpe-dcs5000","status":"publish","type":"product","link":"https:\/\/www.myaquastore.com\/de\/produkt\/neues-produkt-jebao-frequenzumwandlung-super-leise-marine-tauchwasserpumpe-meerwasserpumpe-dcs5000\/","title":{"rendered":"Neues Produkt Jebao Frequenzumwandlung super leise Marine Tauchwasserpumpe Meerwasserpumpe DCS5000"},"content":{"rendered":"<article class=\"article richtext richtext-detail AE:disable\" id=\"richTextContainer\">\n<div style=\"clear:both\">\n<p><span style=\"font-size: 18px\">Neues Produkt Jebao Frequenzumwandlung superleise Marine-Tauchwasserpumpe Meerwasserpumpe DCS5000 <\/span><\/p>\n<\/p>\n<p><span style=\"font-size: 18px;15px\">1.Hochleistungs-Standard-Asynchronmotor mit neuem Design und einer Energieeinsparung von 50 % gegen\u00fcber zuvor<\/span>;<\/span><\/p>\n<p style=\"border: 0px\">\n<p style=\"border: 0px\"><span style=\"margin: 0px\"><span style=\"margin: 0px\"><span style=\"margin: 0px\">2. <span style=\"margin: 0px\">Hohe Pumpenk\u00f6pfe und gr\u00f6\u00dferer Durchfluss<\/span><\/span><\/span><span style=\"margin: 0px\">;<\/span><br \/><\/span><\/p>\n<p style=\"border: 0px\">\n<p style=\"border: 0px\"><span style=\"margin: 0px\">3. <span style=\"margin: 0px\">Kann Schmutzpartikel mit einer Gr\u00f6\u00dfe von bis zu 6 mm pumpen<\/span>;<\/span><\/p>\n<p style=\"border: 0px\">\n<p style=\"border: 0px\"><span style=\"margin: 0px\">4. <span style=\"margin: 0px\">\u00dcbernehmen Sie einen verschlei\u00dffesten Keramikschaft, der dies kann<\/p>\n","protected":false},"excerpt":{"rendered":"<p>Neues Produkt Jebao Frequenzumwandlung super leise Marine Tauchwasserpumpe Meerwasserpumpe DCS5000<\/p>\n","protected":false},"featured_media":2326,"comment_status":"open","ping_status":"closed","template":"","meta":[],"product_brand":[],"product_cat":[1299],"product_tag":[],"class_list":{"0":"post-34124","1":"product","2":"type-product","3":"status-publish","4":"has-post-thumbnail","6":"product_cat-aquariumfilter","8":"first","9":"instock","10":"shipping-taxable","11":"purchasable","12":"product-type-simple"},"_links":{"self":[{"href":"https:\/\/www.myaquastore.com\/de\/wp-json\/wp\/v2\/product\/34124","targetHints":{"allow":["GET"]}}],"collection":[{"href":"https:\/\/www.myaquastore.com\/de\/wp-json\/wp\/v2\/product"}],"about":[{"href":"https:\/\/www.myaquastore.com\/de\/wp-json\/wp\/v2\/types\/product"}],"replies":[{"embeddable":true,"href":"https:\/\/www.myaquastore.com\/de\/wp-json\/wp\/v2\/comments?post=34124"}],"wp:featuredmedia":[{"embeddable":true,"href":"https:\/\/www.myaquastore.com\/de\/wp-json\/wp\/v2\/media\/2326"}],"wp:attachment":[{"href":"https:\/\/www.myaquastore.com\/de\/wp-json\/wp\/v2\/media?parent=34124"}],"wp:term":[{"taxonomy":"product_brand","embeddable":true,"href":"https:\/\/www.myaquastore.com\/de\/wp-json\/wp\/v2\/product_brand?post=34124"},{"taxonomy":"product_cat","embeddable":true,"href":"https:\/\/www.myaquastore.com\/de\/wp-json\/wp\/v2\/product_cat?post=34124"},{"taxonomy":"product_tag","embeddable":true,"href":"https:\/\/www.myaquastore.com\/de\/wp-json\/wp\/v2\/product_tag?post=34124"}],"curies":[{"name":"wp","href":"https:\/\/api.w.org\/{rel}","templated":true}]}}