{"id":34186,"date":"2016-09-25T23:27:44","date_gmt":"2016-09-25T23:27:44","guid":{"rendered":"https:\/\/www.myaquastore.com\/product\/jebao-25w-3500l-h-eco-elektronische-teichwasserpumpe-gm3500\/"},"modified":"2025-03-16T08:30:35","modified_gmt":"2025-03-16T08:30:35","slug":"jebao-25w-3500l-h-eco-elektronische-teichwasserpumpe-gm3500","status":"publish","type":"product","link":"https:\/\/www.myaquastore.com\/de\/produkt\/jebao-25w-3500l-h-eco-elektronische-teichwasserpumpe-gm3500\/","title":{"rendered":"Jebao 25w 3500L\/H ECO elektronische Teichwasserpumpe GM3500"},"content":{"rendered":"<article class=\"article richtext richtext-detail AE:disable\" id=\"richTextContainer\">\n<div style=\"clear:both\">\n<p><span style=\"font-size: 18.18181800842285px;line-height: 27.27272605895996px\">Jebao 25w 3500L\/H ECO elektronischer Teich Wasserpumpe GM3500 <br \/><\/span><\/p>\n<\/p>\n<p><span style=\"font-size: 18px\">Vorteil:<\/span><\/p>\n<p style=\"border: 0px;line-height: 15px;color: #333333\"><span style=\"margin: 0px;padding: 0px\">Hochleistungs-Standard-Asynchronmotor mit 50 % h\u00f6herer Energieeinsparung als zuvor<\/span><\/p>\n<p style=\"border: 0px;line-height: 15px;color: #333333\"><span style=\"margin: 0px\"><span style=\"font-family: Arial\"><span style=\"line-height: 24px\">2. <span style=\"color: #333333;line-height: 35.45454406738281px\">Hohe Pumpenk\u00f6pfe und gr\u00f6\u00dferer Durchfluss<\/span><\/span><\/span><span style=\"color: #333333\">;<\/span><br \/><\/span><\/p>\n<p style=\"border: 0px\"><span style=\"margin: 0px\">3. <span style=\"color: #333333;line-height: 35.45454406738281px\">Kann Schmutzpartikel mit einer Gr\u00f6\u00dfe von bis zu 6 mm pumpen<\/span>;<\/span><\/p>\n<p style=\"border: 0px\"><span style=\"margin: 0px\">4. <span style=\"color: #333333;line-height: 35.45454406738281px\">Verwenden Sie einen verschlei\u00dffesten Keramikschaft, der l\u00e4nger verwendet werden kann<\/span>;<\/span><\/p>\n<p style=\"border: 0px\"><span style=\"margin: 0px\">5. M<span style=\"color: #333333;line-height: 35.45454406738281px\">ax flow is 3500L\/H <\/span>;<\/span><\/p>\n<p style=\"border: 0px\"><span style=\"margin: 0px\">6. <span style=\"color: #333333;line-height: 35.45454406738281px\">Der maximale Strahl betr\u00e4gt 3 m<\/span>.<\/span><\/p>\n<div style=\"clear:both\"><\/article>\n","protected":false},"excerpt":{"rendered":"<p>Jebao 25w 3500L\/H ECO elektronische Teichwasserpumpe GM3500<\/p>\n","protected":false},"featured_media":2449,"comment_status":"open","ping_status":"closed","template":"","meta":[],"product_brand":[],"product_cat":[1299],"product_tag":[],"class_list":{"0":"post-34186","1":"product","2":"type-product","3":"status-publish","4":"has-post-thumbnail","6":"product_cat-aquariumfilter","8":"first","9":"instock","10":"shipping-taxable","11":"purchasable","12":"product-type-simple"},"_links":{"self":[{"href":"https:\/\/www.myaquastore.com\/de\/wp-json\/wp\/v2\/product\/34186","targetHints":{"allow":["GET"]}}],"collection":[{"href":"https:\/\/www.myaquastore.com\/de\/wp-json\/wp\/v2\/product"}],"about":[{"href":"https:\/\/www.myaquastore.com\/de\/wp-json\/wp\/v2\/types\/product"}],"replies":[{"embeddable":true,"href":"https:\/\/www.myaquastore.com\/de\/wp-json\/wp\/v2\/comments?post=34186"}],"wp:featuredmedia":[{"embeddable":true,"href":"https:\/\/www.myaquastore.com\/de\/wp-json\/wp\/v2\/media\/2449"}],"wp:attachment":[{"href":"https:\/\/www.myaquastore.com\/de\/wp-json\/wp\/v2\/media?parent=34186"}],"wp:term":[{"taxonomy":"product_brand","embeddable":true,"href":"https:\/\/www.myaquastore.com\/de\/wp-json\/wp\/v2\/product_brand?post=34186"},{"taxonomy":"product_cat","embeddable":true,"href":"https:\/\/www.myaquastore.com\/de\/wp-json\/wp\/v2\/product_cat?post=34186"},{"taxonomy":"product_tag","embeddable":true,"href":"https:\/\/www.myaquastore.com\/de\/wp-json\/wp\/v2\/product_tag?post=34186"}],"curies":[{"name":"wp","href":"https:\/\/api.w.org\/{rel}","templated":true}]}}