{"id":34210,"date":"2016-09-25T23:27:44","date_gmt":"2016-09-25T23:27:44","guid":{"rendered":"https:\/\/www.myaquastore.com\/product\/bester-preis-resun-automatischer-fischfutterautomat-af2005d\/"},"modified":"2025-03-16T08:30:39","modified_gmt":"2025-03-16T08:30:39","slug":"bester-preis-resun-automatischer-fischfutterautomat-af2005d","status":"publish","type":"product","link":"https:\/\/www.myaquastore.com\/de\/produkt\/bester-preis-resun-automatischer-fischfutterautomat-af2005d\/","title":{"rendered":"Bester Preis RESUN automatischer Fischfutterautomat AF2005D"},"content":{"rendered":"<article class=\"article richtext richtext-detail AE:disable\" id=\"richTextContainer\">\n<div style=\"clear:both\">\n<p><strong><span style=\"font-size: 18px\">Bester Preis RESUN automatischer Fischfutterspender AF2005D <br \/><\/span><\/strong><\/p>\n<p><strong> <\/strong><\/p>\n<p><span style=\"font-size: 18px;#333333\">&lt;span style=&quot;margin: 0px; border: 0px; font-size: inherit; line-height: 35.45454406738281px; Es k\u00f6nnen trockene, lose Flocken- und Pelletfutter verwendet werden<\/span><\/p>\n<p>&lt;p style=&quot;border: 0px; Schriftfamilie: Arial, Helvetica; Schriftgr\u00f6\u00dfe: 11.818181991577148px; Zeilenh\u00f6he: 16.363636016845703px; vertikale Ausrichtung: Grundlinie; Zeilenumbruch: Wortumbruch; Farbe: 333333 Ideal f\u00fcr verschiedene Aquariengr\u00f6\u00dfen<\/span><\/p>\n<p style=\"border: 0px\"><span>3. Digitaler Timer zum Einrichten regelm\u00e4\u00dfiger F\u00fctterungsprogramme<\/span><\/p>\n<p style=\"border: 0px\"><span>4. Einzigartiges System, um zu verhindern, dass Lebensmittel im Spender befeuchtet oder verstopft werden<\/span><\/p>\n<p>&lt;p style=&quot;border: 0px; Schriftfamilie: Arial, Helvetica; Schriftgr\u00f6\u00dfe: 11.818181991577148px; Zeilenh\u00f6he: 16.363636016845703px; vertikale Ausrichtung: Grundlinie; Zeilenumbruch: Wortumbruch; Farbe: 333333 Kann automatisch oder manuell betrieben werden, was die Fischhaltung erleichtert<\/span><\/p>\n<p style=\"border: 0px\"><span style=\"margin: 0px;padding: 0px;border: 0px;line-height: 24px\"><br \/><\/span><\/p>\n<div style=\"clear:both\"><\/article>\n","protected":false},"excerpt":{"rendered":"<p>Bester Preis RESUN automatischer Fischfutterautomat AF2005D<\/p>\n","protected":false},"featured_media":2493,"comment_status":"open","ping_status":"closed","template":"","meta":[],"product_brand":[],"product_cat":[1299],"product_tag":[],"class_list":{"0":"post-34210","1":"product","2":"type-product","3":"status-publish","4":"has-post-thumbnail","6":"product_cat-aquariumfilter","8":"first","9":"instock","10":"shipping-taxable","11":"purchasable","12":"product-type-simple"},"_links":{"self":[{"href":"https:\/\/www.myaquastore.com\/de\/wp-json\/wp\/v2\/product\/34210","targetHints":{"allow":["GET"]}}],"collection":[{"href":"https:\/\/www.myaquastore.com\/de\/wp-json\/wp\/v2\/product"}],"about":[{"href":"https:\/\/www.myaquastore.com\/de\/wp-json\/wp\/v2\/types\/product"}],"replies":[{"embeddable":true,"href":"https:\/\/www.myaquastore.com\/de\/wp-json\/wp\/v2\/comments?post=34210"}],"wp:featuredmedia":[{"embeddable":true,"href":"https:\/\/www.myaquastore.com\/de\/wp-json\/wp\/v2\/media\/2493"}],"wp:attachment":[{"href":"https:\/\/www.myaquastore.com\/de\/wp-json\/wp\/v2\/media?parent=34210"}],"wp:term":[{"taxonomy":"product_brand","embeddable":true,"href":"https:\/\/www.myaquastore.com\/de\/wp-json\/wp\/v2\/product_brand?post=34210"},{"taxonomy":"product_cat","embeddable":true,"href":"https:\/\/www.myaquastore.com\/de\/wp-json\/wp\/v2\/product_cat?post=34210"},{"taxonomy":"product_tag","embeddable":true,"href":"https:\/\/www.myaquastore.com\/de\/wp-json\/wp\/v2\/product_tag?post=34210"}],"curies":[{"name":"wp","href":"https:\/\/api.w.org\/{rel}","templated":true}]}}