{"id":34257,"date":"2016-09-25T23:27:48","date_gmt":"2016-09-25T23:27:48","guid":{"rendered":"https:\/\/www.myaquastore.com\/product\/25-w-hailea-leistungsstarker-12-v-dc-luftkompressor-aco-003\/"},"modified":"2025-03-16T08:30:48","modified_gmt":"2025-03-16T08:30:48","slug":"25-w-hailea-leistungsstarker-12-v-dc-luftkompressor-aco-003","status":"publish","type":"product","link":"https:\/\/www.myaquastore.com\/de\/produkt\/25-w-hailea-leistungsstarker-12-v-dc-luftkompressor-aco-003\/","title":{"rendered":"25 W HAILEA leistungsstarker 12 V DC-Luftkompressor ACO-003"},"content":{"rendered":"<article class=\"article richtext richtext-detail AE:disable\" id=\"richTextContainer\">\n<div style=\"clear:both\">\n<p align=\"left\"><span style=\"font-family: 'times new roman', times;font-size: 24px\">25W HAILEA leistungsstarker 12V DC Luftkompressor ACO-003<\/span><\/p>\n<p><span style=\"font-family: 'times new roman', times;24px\">Durchfluss mit gro\u00dfer Leistung und hohem Druck.<\/span><\/p>\n<p><span style=\"font-family: 'times new roman', times;font-size: 24px\">2. \u00d6lfreies Schmierdesign zur Erzeugung gereinigter Druckluft. <\/span><\/p>\n<p><span style=\"font-family: 'times new roman', times;font-size: 24px\">3.Verwenden Sie tragbares SF3-Material des neuen Typs f\u00fcr Zylinder und Kolben,<\/span><\/p>\n<p><span style=\"font-family: 'times new roman', times;font-size: 24px\">4.Das Geh\u00e4use besteht aus einer Aluminiumlegierung und hat ein geringes Volumen. Schnelle<\/span><\/p>\n<p><span style=\"font-family: 'times new roman', times;font-size: 24px\">in der W\u00e4rmeableitung und leicht zu bewegen.<\/span><\/p>\n<p><span style=\"font-family: 'times new roman', times;font-size: 24px\">5. Das Ger\u00e4t verf\u00fcgt \u00fcber einen Doppelbetrieb von Luftkompressor und Vakuumpumpe<\/span><\/p>\n<p><span><img decoding=\"async\" data-alt=\"25W HAILEA leistungsstarker 12V DC-Luftkompressor ACO-003\" data-src=\"http:\/\/localhost\/media\/import\/detail\/HTB19YqHHFXXXXXdXVXXq6xXFXXXB.jpg\" src=\"\"><img decoding=\"async\" alt=\"25W HAILEA leistungsstarker 12V DC Luftkompressor ACO-003\" src=\"http:\/\/localhost\/media\/import\/detail\/HTB19YqHHFXXXXXdXVXXq6xXFXXXB.jpg\"><\/span><\/p>\n<div style=\"clear:both\"><\/div>\n<\/div>\n<\/article>\n","protected":false},"excerpt":{"rendered":"<p>25 W HAILEA leistungsstarker 12 V DC-Luftkompressor ACO-003<\/p>\n","protected":false},"featured_media":2589,"comment_status":"open","ping_status":"closed","template":"","meta":[],"product_brand":[],"product_cat":[1299],"product_tag":[],"class_list":{"0":"post-34257","1":"product","2":"type-product","3":"status-publish","4":"has-post-thumbnail","6":"product_cat-aquariumfilter","8":"first","9":"instock","10":"shipping-taxable","11":"purchasable","12":"product-type-simple"},"_links":{"self":[{"href":"https:\/\/www.myaquastore.com\/de\/wp-json\/wp\/v2\/product\/34257","targetHints":{"allow":["GET"]}}],"collection":[{"href":"https:\/\/www.myaquastore.com\/de\/wp-json\/wp\/v2\/product"}],"about":[{"href":"https:\/\/www.myaquastore.com\/de\/wp-json\/wp\/v2\/types\/product"}],"replies":[{"embeddable":true,"href":"https:\/\/www.myaquastore.com\/de\/wp-json\/wp\/v2\/comments?post=34257"}],"wp:featuredmedia":[{"embeddable":true,"href":"https:\/\/www.myaquastore.com\/de\/wp-json\/wp\/v2\/media\/2589"}],"wp:attachment":[{"href":"https:\/\/www.myaquastore.com\/de\/wp-json\/wp\/v2\/media?parent=34257"}],"wp:term":[{"taxonomy":"product_brand","embeddable":true,"href":"https:\/\/www.myaquastore.com\/de\/wp-json\/wp\/v2\/product_brand?post=34257"},{"taxonomy":"product_cat","embeddable":true,"href":"https:\/\/www.myaquastore.com\/de\/wp-json\/wp\/v2\/product_cat?post=34257"},{"taxonomy":"product_tag","embeddable":true,"href":"https:\/\/www.myaquastore.com\/de\/wp-json\/wp\/v2\/product_tag?post=34257"}],"curies":[{"name":"wp","href":"https:\/\/api.w.org\/{rel}","templated":true}]}}