{"id":34297,"date":"2016-09-25T23:27:48","date_gmt":"2016-09-25T23:27:48","guid":{"rendered":"https:\/\/www.myaquastore.com\/product\/groshandelsprodukt-jebao-wave-maker-propellerpumpe-wp10\/"},"modified":"2025-03-16T08:30:56","modified_gmt":"2025-03-16T08:30:56","slug":"groshandelsprodukt-jebao-wave-maker-propellerpumpe-wp10","status":"publish","type":"product","link":"https:\/\/www.myaquastore.com\/de\/produkt\/groshandelsprodukt-jebao-wave-maker-propellerpumpe-wp10\/","title":{"rendered":"Gro\u00dfhandelsprodukt Jebao Wave Maker Propellerpumpe wp10"},"content":{"rendered":"<article class=\"article richtext richtext-detail AE:disable\" id=\"richTextContainer\">\n<div style=\"clear:both\">\n<p><span style=\"font-size: 18px\">Gro\u00dfhandelsprodukt Jebao Wave Maker Propellerpumpe wp10 <\/span><\/p>\n<\/p>\n<p><span style=\"font-size: 18px\">Vorteil:<\/span><\/p>\n<p><span>Fest mit magnetischer Basis, einfach zu installieren;<\/span><\/p>\n<p style=\"border: 0px;line-height: 24px\"><span style=\"margin: 0px\">3.Hohe Leistung, starker Wasserfluss und geringer Energieverbrauch.<\/span><\/p>\n<p style=\"border: 0px\"><span style=\"margin: 0px\">4.Einsatz der verschlei\u00dffesten Keramikwelle zur Verl\u00e4ngerung der Lebensdauer;<\/span><\/p>\n<p style=\"border: 0px\"><span style=\"margin: 0px\">5.Verschiedene Wellenmuster mit intelligentem Steuerungssystem;<\/span><\/p>\n<p style=\"border: 0px\"><span style=\"margin: 0px\">6.Niederspannungsbetrieb, sicher und zuverl\u00e4ssig;<\/span><\/p>\n<p style=\"border: 0px\"><span style=\"margin: 0px\">Geeignet f\u00fcr S\u00fc\u00df- und Meerwasser.<\/span><\/p>\n<div style=\"clear:both\"><\/article>\n","protected":false},"excerpt":{"rendered":"<p>Gro\u00dfhandelsprodukt Jebao Wave Maker Propellerpumpe wp10<\/p>\n","protected":false},"featured_media":2675,"comment_status":"open","ping_status":"closed","template":"","meta":[],"product_brand":[],"product_cat":[1299],"product_tag":[],"class_list":{"0":"post-34297","1":"product","2":"type-product","3":"status-publish","4":"has-post-thumbnail","6":"product_cat-aquariumfilter","8":"first","9":"instock","10":"shipping-taxable","11":"purchasable","12":"product-type-simple"},"_links":{"self":[{"href":"https:\/\/www.myaquastore.com\/de\/wp-json\/wp\/v2\/product\/34297","targetHints":{"allow":["GET"]}}],"collection":[{"href":"https:\/\/www.myaquastore.com\/de\/wp-json\/wp\/v2\/product"}],"about":[{"href":"https:\/\/www.myaquastore.com\/de\/wp-json\/wp\/v2\/types\/product"}],"replies":[{"embeddable":true,"href":"https:\/\/www.myaquastore.com\/de\/wp-json\/wp\/v2\/comments?post=34297"}],"wp:featuredmedia":[{"embeddable":true,"href":"https:\/\/www.myaquastore.com\/de\/wp-json\/wp\/v2\/media\/2675"}],"wp:attachment":[{"href":"https:\/\/www.myaquastore.com\/de\/wp-json\/wp\/v2\/media?parent=34297"}],"wp:term":[{"taxonomy":"product_brand","embeddable":true,"href":"https:\/\/www.myaquastore.com\/de\/wp-json\/wp\/v2\/product_brand?post=34297"},{"taxonomy":"product_cat","embeddable":true,"href":"https:\/\/www.myaquastore.com\/de\/wp-json\/wp\/v2\/product_cat?post=34297"},{"taxonomy":"product_tag","embeddable":true,"href":"https:\/\/www.myaquastore.com\/de\/wp-json\/wp\/v2\/product_tag?post=34297"}],"curies":[{"name":"wp","href":"https:\/\/api.w.org\/{rel}","templated":true}]}}