{"id":34307,"date":"2016-09-25T23:27:49","date_gmt":"2016-09-25T23:27:49","guid":{"rendered":"https:\/\/www.myaquastore.com\/product\/neues-produkt-jecod-super-leise-aquariumwasserpumpe-tauchwasserpumpe-fa1000\/"},"modified":"2025-03-16T08:30:57","modified_gmt":"2025-03-16T08:30:57","slug":"neues-produkt-jecod-super-leise-aquariumwasserpumpe-tauchwasserpumpe-fa1000","status":"publish","type":"product","link":"https:\/\/www.myaquastore.com\/de\/produkt\/neues-produkt-jecod-super-leise-aquariumwasserpumpe-tauchwasserpumpe-fa1000\/","title":{"rendered":"Neues Produkt Jecod super leise Aquariumwasserpumpe Tauchwasserpumpe FA1000"},"content":{"rendered":"<article class=\"article richtext richtext-detail AE:disable\" id=\"richTextContainer\">\n<div style=\"clear:both\">\n<p><span style=\"font-size: 18px\">Neues Produkt Jecod super leise Aquarienwasserpumpe Tauchwasserpumpe FA1000 <\/span><\/p>\n<\/p>\n<p><span> Nutzen: <\/p>\n<p> <P><span style=\"line-height: 24px\">2.<\/span><\/span><span style=\"color: #333333;line-height: 15px\">Super geringer Stromverbrauch, Energieeinsparung 30 %;<\/span><br \/><\/span><\/p>\n<p style=\"border: 0px\"><span style=\"margin: 0px\">3.<span style=\"color: #333333;line-height: 15px\">Hervorragende Qualit\u00e4t zum besten Preis<\/span>;<\/span><\/p>\n<p style=\"border: 0px\"><span style=\"margin: 0px\">4.Fester Rotor mit Keramikwelle, leise und tragbar;<\/span><\/p>\n<p style=\"border: 0px\"><span style=\"margin: 0px\">5.\u00d6lfreier Magnetantrieb;<\/span><\/p>\n<p style=\"border: 0px\"><span style=\"margin: 0px\">6.Geeignet f\u00fcr S\u00fc\u00df- und Meerwasser.<\/span><\/p>\n<div style=\"clear:both\"><\/article>\n","protected":false},"excerpt":{"rendered":"<p>Neues Produkt Jecod super leise Aquariumwasserpumpe Tauchwasserpumpe FA1000<\/p>\n","protected":false},"featured_media":2696,"comment_status":"open","ping_status":"closed","template":"","meta":[],"product_brand":[],"product_cat":[1299],"product_tag":[],"class_list":{"0":"post-34307","1":"product","2":"type-product","3":"status-publish","4":"has-post-thumbnail","6":"product_cat-aquariumfilter","8":"first","9":"instock","10":"shipping-taxable","11":"purchasable","12":"product-type-simple"},"_links":{"self":[{"href":"https:\/\/www.myaquastore.com\/de\/wp-json\/wp\/v2\/product\/34307","targetHints":{"allow":["GET"]}}],"collection":[{"href":"https:\/\/www.myaquastore.com\/de\/wp-json\/wp\/v2\/product"}],"about":[{"href":"https:\/\/www.myaquastore.com\/de\/wp-json\/wp\/v2\/types\/product"}],"replies":[{"embeddable":true,"href":"https:\/\/www.myaquastore.com\/de\/wp-json\/wp\/v2\/comments?post=34307"}],"wp:featuredmedia":[{"embeddable":true,"href":"https:\/\/www.myaquastore.com\/de\/wp-json\/wp\/v2\/media\/2696"}],"wp:attachment":[{"href":"https:\/\/www.myaquastore.com\/de\/wp-json\/wp\/v2\/media?parent=34307"}],"wp:term":[{"taxonomy":"product_brand","embeddable":true,"href":"https:\/\/www.myaquastore.com\/de\/wp-json\/wp\/v2\/product_brand?post=34307"},{"taxonomy":"product_cat","embeddable":true,"href":"https:\/\/www.myaquastore.com\/de\/wp-json\/wp\/v2\/product_cat?post=34307"},{"taxonomy":"product_tag","embeddable":true,"href":"https:\/\/www.myaquastore.com\/de\/wp-json\/wp\/v2\/product_tag?post=34307"}],"curies":[{"name":"wp","href":"https:\/\/api.w.org\/{rel}","templated":true}]}}