{"id":34332,"date":"2016-09-25T23:27:49","date_gmt":"2016-09-25T23:27:49","guid":{"rendered":"https:\/\/www.myaquastore.com\/product\/2015-neue-kommende-hakawin-aquariumheizung-edelstahlheizung-he908\/"},"modified":"2025-03-16T08:31:02","modified_gmt":"2025-03-16T08:31:02","slug":"2015-neue-kommende-hakawin-aquariumheizung-edelstahlheizung-he908","status":"publish","type":"product","link":"https:\/\/www.myaquastore.com\/de\/produkt\/2015-neue-kommende-hakawin-aquariumheizung-edelstahlheizung-he908\/","title":{"rendered":"2015 neue kommende HAKAWIN Aquariumheizung Edelstahlheizung HE908"},"content":{"rendered":"<article class=\"article richtext richtext-detail AE:disable\" id=\"richTextContainer\">\n<div style=\"clear:both\">\n<p><span style=\"font-size: 18px\"> 2015 neue kommende HAKAWIN Aquariumheizung Edelstahlheizung HE908 <\/span><\/p>\n<\/p>\n<p><span style=\"font-size: 18px\">Aquarium <span style=\"font-size: 18px;line-height: 27px\">Edelstahlheizung HE908<\/span><br \/><\/span><\/p>\n<\/p>\n<p><span style=\"font-size: 18px\">Vorteil:<\/span><\/p>\n<p style=\"border: 0px;line-height: 15px;color: #333333\"><span style=\"font-size: inherit\">1.Innovatives Design und sch\u00f6nes Erscheinungsbild -Familie: Arial, Helvetica; Zeilenh\u00f6he: Grundlinie; Schriftst\u00e4rke: erben; Zeilenh\u00f6he: 24px; Vertical-Align: Baseline;&#8220;&gt;2. Wasserdicht und Temperatur automatisch anpassen<\/span><\/p>\n<p style=\"border: 0px\"><span style=\"margin: 0px\">3.Doppelt versiegeltes Entw\u00e4sserungsdesign<\/span><\/p>\n<p style=\"border: 0px\"><span style=\"margin: 0px\">4.Geeignet f\u00fcr S\u00fc\u00df- und Meerwassererw\u00e4rmung<\/span><\/p>\n<div style=\"clear:both\"><\/article>\n","protected":false},"excerpt":{"rendered":"<p>2015 neue kommende HAKAWIN Aquariumheizung Edelstahlheizung HE908<\/p>\n","protected":false},"featured_media":2743,"comment_status":"open","ping_status":"closed","template":"","meta":[],"product_brand":[],"product_cat":[1299],"product_tag":[],"class_list":{"0":"post-34332","1":"product","2":"type-product","3":"status-publish","4":"has-post-thumbnail","6":"product_cat-aquariumfilter","8":"first","9":"instock","10":"shipping-taxable","11":"purchasable","12":"product-type-simple"},"_links":{"self":[{"href":"https:\/\/www.myaquastore.com\/de\/wp-json\/wp\/v2\/product\/34332","targetHints":{"allow":["GET"]}}],"collection":[{"href":"https:\/\/www.myaquastore.com\/de\/wp-json\/wp\/v2\/product"}],"about":[{"href":"https:\/\/www.myaquastore.com\/de\/wp-json\/wp\/v2\/types\/product"}],"replies":[{"embeddable":true,"href":"https:\/\/www.myaquastore.com\/de\/wp-json\/wp\/v2\/comments?post=34332"}],"wp:featuredmedia":[{"embeddable":true,"href":"https:\/\/www.myaquastore.com\/de\/wp-json\/wp\/v2\/media\/2743"}],"wp:attachment":[{"href":"https:\/\/www.myaquastore.com\/de\/wp-json\/wp\/v2\/media?parent=34332"}],"wp:term":[{"taxonomy":"product_brand","embeddable":true,"href":"https:\/\/www.myaquastore.com\/de\/wp-json\/wp\/v2\/product_brand?post=34332"},{"taxonomy":"product_cat","embeddable":true,"href":"https:\/\/www.myaquastore.com\/de\/wp-json\/wp\/v2\/product_cat?post=34332"},{"taxonomy":"product_tag","embeddable":true,"href":"https:\/\/www.myaquastore.com\/de\/wp-json\/wp\/v2\/product_tag?post=34332"}],"curies":[{"name":"wp","href":"https:\/\/api.w.org\/{rel}","templated":true}]}}