{"id":34334,"date":"2016-09-25T23:27:49","date_gmt":"2016-09-25T23:27:49","guid":{"rendered":"https:\/\/www.myaquastore.com\/product\/2015-neues-design-schildkrote-magnetburste-gros-bw103\/"},"modified":"2025-03-16T08:31:02","modified_gmt":"2025-03-16T08:31:02","slug":"2015-neues-design-schildkrote-magnetburste-gros-bw103","status":"publish","type":"product","link":"https:\/\/www.myaquastore.com\/de\/produkt\/2015-neues-design-schildkrote-magnetburste-gros-bw103\/","title":{"rendered":"2015 neues Design Schildkr\u00f6te Magnetb\u00fcrste gro\u00df BW103"},"content":{"rendered":"<article class=\"article richtext richtext-detail AE:disable\" id=\"richTextContainer\">\n<div style=\"clear:both\">\n<p><span style=\"font-size: 18px\"> 2015 neues Design Schildkr\u00f6ten-Magnetb\u00fcrste gro\u00df<\/span><\/p>\n<\/p>\n<p><span style=\"font-size: 18px\">Aquarium-Magnetglas Sauberer<\/span><\/p>\n<\/p>\n<p><span style=\"font-size: 18px\">Vorteil:<\/span><\/p>\n<p><span style=\"font-size: 18px\">1.Superstarke Magnete f\u00fcr den Einsatz bei unterschiedlichen Glasst\u00e4rken;<\/span><\/p>\n<p><span style=\"font-size: 18px\">2.Schwimmt und verhindert, dass Magnete auf der Unterseite verloren gehen Aquarium;<\/span><\/p>\n<p><span style=\"font-size: 18px\">3.Anti-Kratz-Reinigungspads, die hocheffizient Algen von Glas entfernen;<\/span><\/p>\n<p><span style=\"font-size: 18px\">4.Rutschfester Griff verbessert die Reinigungswirkung.<\/span><\/p>\n<div style=\"clear:both\"><\/article>\n","protected":false},"excerpt":{"rendered":"<p>2015 neues Design Schildkr\u00f6te Magnetb\u00fcrste gro\u00df BW103<\/p>\n","protected":false},"featured_media":2747,"comment_status":"open","ping_status":"closed","template":"","meta":[],"product_brand":[],"product_cat":[1299],"product_tag":[],"class_list":{"0":"post-34334","1":"product","2":"type-product","3":"status-publish","4":"has-post-thumbnail","6":"product_cat-aquariumfilter","8":"first","9":"instock","10":"shipping-taxable","11":"purchasable","12":"product-type-simple"},"_links":{"self":[{"href":"https:\/\/www.myaquastore.com\/de\/wp-json\/wp\/v2\/product\/34334","targetHints":{"allow":["GET"]}}],"collection":[{"href":"https:\/\/www.myaquastore.com\/de\/wp-json\/wp\/v2\/product"}],"about":[{"href":"https:\/\/www.myaquastore.com\/de\/wp-json\/wp\/v2\/types\/product"}],"replies":[{"embeddable":true,"href":"https:\/\/www.myaquastore.com\/de\/wp-json\/wp\/v2\/comments?post=34334"}],"wp:featuredmedia":[{"embeddable":true,"href":"https:\/\/www.myaquastore.com\/de\/wp-json\/wp\/v2\/media\/2747"}],"wp:attachment":[{"href":"https:\/\/www.myaquastore.com\/de\/wp-json\/wp\/v2\/media?parent=34334"}],"wp:term":[{"taxonomy":"product_brand","embeddable":true,"href":"https:\/\/www.myaquastore.com\/de\/wp-json\/wp\/v2\/product_brand?post=34334"},{"taxonomy":"product_cat","embeddable":true,"href":"https:\/\/www.myaquastore.com\/de\/wp-json\/wp\/v2\/product_cat?post=34334"},{"taxonomy":"product_tag","embeddable":true,"href":"https:\/\/www.myaquastore.com\/de\/wp-json\/wp\/v2\/product_tag?post=34334"}],"curies":[{"name":"wp","href":"https:\/\/api.w.org\/{rel}","templated":true}]}}