{"id":34391,"date":"2016-09-25T23:27:52","date_gmt":"2016-09-25T23:27:52","guid":{"rendered":"https:\/\/www.myaquastore.com\/product\/20-w-dlaphragm-typ-hailea-teichluftpumpe-aco-9720\/"},"modified":"2025-03-16T08:31:13","modified_gmt":"2025-03-16T08:31:13","slug":"20-w-dlaphragm-typ-hailea-teichluftpumpe-aco-9720","status":"publish","type":"product","link":"https:\/\/www.myaquastore.com\/de\/produkt\/20-w-dlaphragm-typ-hailea-teichluftpumpe-aco-9720\/","title":{"rendered":"20-W-Dlaphragm-Typ-Hailea-Teichluftpumpe ACO-9720"},"content":{"rendered":"<article class=\"article richtext richtext-detail AE:disable\" id=\"richTextContainer\">\n<div style=\"clear:both\">\n<p><span style=\"font-family: 'times new roman', times;font-size: 24px\"> 20w Dlaphragm Typ Hailea Teichluftpumpe ACO-9720 <\/span><\/p>\n<p><span style=\"font-family: 'times new roman', times\">1 Doppeltes D\u00e4mpfungssystem und ger\u00e4uschabsorbierende Funktion, hohe Leistung und geringer Ger\u00e4uschpegel.<\/span><\/p>\n<p><span style=\"font-family: 'times new roman', times;font-size: 24px\">2 Doppelte Str\u00f6mungsbalken zur Erzeugung gro\u00dfer Luftmengen und sehr starker Luftdruck.<\/span><\/p>\n<p>&lt;span style=&quot;font-family: &#039;times new roman&#039;, times; Schriftgr\u00f6\u00dfe: 24 Pixel;<\/p>\n","protected":false},"excerpt":{"rendered":"<p>20-W-Dlaphragm-Typ-Hailea-Teichluftpumpe ACO-9720<\/p>\n","protected":false},"featured_media":2862,"comment_status":"open","ping_status":"closed","template":"","meta":[],"product_brand":[],"product_cat":[1299],"product_tag":[],"class_list":{"0":"post-34391","1":"product","2":"type-product","3":"status-publish","4":"has-post-thumbnail","6":"product_cat-aquariumfilter","8":"first","9":"instock","10":"shipping-taxable","11":"purchasable","12":"product-type-simple"},"_links":{"self":[{"href":"https:\/\/www.myaquastore.com\/de\/wp-json\/wp\/v2\/product\/34391","targetHints":{"allow":["GET"]}}],"collection":[{"href":"https:\/\/www.myaquastore.com\/de\/wp-json\/wp\/v2\/product"}],"about":[{"href":"https:\/\/www.myaquastore.com\/de\/wp-json\/wp\/v2\/types\/product"}],"replies":[{"embeddable":true,"href":"https:\/\/www.myaquastore.com\/de\/wp-json\/wp\/v2\/comments?post=34391"}],"wp:featuredmedia":[{"embeddable":true,"href":"https:\/\/www.myaquastore.com\/de\/wp-json\/wp\/v2\/media\/2862"}],"wp:attachment":[{"href":"https:\/\/www.myaquastore.com\/de\/wp-json\/wp\/v2\/media?parent=34391"}],"wp:term":[{"taxonomy":"product_brand","embeddable":true,"href":"https:\/\/www.myaquastore.com\/de\/wp-json\/wp\/v2\/product_brand?post=34391"},{"taxonomy":"product_cat","embeddable":true,"href":"https:\/\/www.myaquastore.com\/de\/wp-json\/wp\/v2\/product_cat?post=34391"},{"taxonomy":"product_tag","embeddable":true,"href":"https:\/\/www.myaquastore.com\/de\/wp-json\/wp\/v2\/product_tag?post=34391"}],"curies":[{"name":"wp","href":"https:\/\/api.w.org\/{rel}","templated":true}]}}