{"id":34401,"date":"2016-09-25T23:27:52","date_gmt":"2016-09-25T23:27:52","guid":{"rendered":"https:\/\/www.myaquastore.com\/product\/aquariland-300w-quarzglas-aquarienheizer\/"},"modified":"2025-03-16T08:31:15","modified_gmt":"2025-03-16T08:31:15","slug":"aquariland-300w-quarzglas-aquarienheizer","status":"publish","type":"product","link":"https:\/\/www.myaquastore.com\/de\/produkt\/aquariland-300w-quarzglas-aquarienheizer\/","title":{"rendered":"Aquariland 300W Quarzglas-Aquarienheizer"},"content":{"rendered":"<article class=\"article richtext richtext-detail AE:disable\" id=\"richTextContainer\">\n<div style=\"clear:both\">\n<p><span style=\"font-family: 'times new roman', times;font-size: 24px\"> Aquariland 300W Quarzglas-Aquarienheizer <\/span><\/p>\n<p><span style=\"font-family: 'times new roman', times;font-size: 24px\">1 einfache und pr\u00e4zise Einstellung der gew\u00fcnschten Temperatur<\/span><br \/><span style=\"font-family: 'times new roman', times;font-size: 24px\">2 Stil-Temperaturanzeige ist sichtbar, LED-Digitalanzeige<\/span><\/p>\n<p><span style=\"font-family: 'times new roman', times;font-size: 24px\">3 empfindlicher und einstellbarer Thermostat sorgt f\u00fcr eine gleichm\u00e4\u00dfige Temperatur<\/span><\/p>\n<p><span style=\"font-family: 'times new roman', times;font-size: 24px\">4 Heizelement ist hocheffizient und kompakt<\/span><\/p>\n<p><span style=\"font-family: 'times new roman', times;font-size: 24px\">5 f\u00fcr l\u00e4ngere Nutzung und absolute Sicherheit konzipiert<\/span><\/p>\n<div style=\"clear:both\"><\/article>\n","protected":false},"excerpt":{"rendered":"<p>Aquariland 300W Quarzglas-Aquarienheizer<\/p>\n","protected":false},"featured_media":2882,"comment_status":"open","ping_status":"closed","template":"","meta":[],"product_brand":[],"product_cat":[1299],"product_tag":[],"class_list":{"0":"post-34401","1":"product","2":"type-product","3":"status-publish","4":"has-post-thumbnail","6":"product_cat-aquariumfilter","8":"first","9":"instock","10":"shipping-taxable","11":"purchasable","12":"product-type-simple"},"_links":{"self":[{"href":"https:\/\/www.myaquastore.com\/de\/wp-json\/wp\/v2\/product\/34401","targetHints":{"allow":["GET"]}}],"collection":[{"href":"https:\/\/www.myaquastore.com\/de\/wp-json\/wp\/v2\/product"}],"about":[{"href":"https:\/\/www.myaquastore.com\/de\/wp-json\/wp\/v2\/types\/product"}],"replies":[{"embeddable":true,"href":"https:\/\/www.myaquastore.com\/de\/wp-json\/wp\/v2\/comments?post=34401"}],"wp:featuredmedia":[{"embeddable":true,"href":"https:\/\/www.myaquastore.com\/de\/wp-json\/wp\/v2\/media\/2882"}],"wp:attachment":[{"href":"https:\/\/www.myaquastore.com\/de\/wp-json\/wp\/v2\/media?parent=34401"}],"wp:term":[{"taxonomy":"product_brand","embeddable":true,"href":"https:\/\/www.myaquastore.com\/de\/wp-json\/wp\/v2\/product_brand?post=34401"},{"taxonomy":"product_cat","embeddable":true,"href":"https:\/\/www.myaquastore.com\/de\/wp-json\/wp\/v2\/product_cat?post=34401"},{"taxonomy":"product_tag","embeddable":true,"href":"https:\/\/www.myaquastore.com\/de\/wp-json\/wp\/v2\/product_tag?post=34401"}],"curies":[{"name":"wp","href":"https:\/\/api.w.org\/{rel}","templated":true}]}}