{"id":34415,"date":"2016-09-25T23:27:52","date_gmt":"2016-09-25T23:27:52","guid":{"rendered":"https:\/\/www.myaquastore.com\/product\/haibao-super-tauchwasserpumpe-hb-d555\/"},"modified":"2025-03-16T08:31:18","modified_gmt":"2025-03-16T08:31:18","slug":"haibao-super-tauchwasserpumpe-hb-d555","status":"publish","type":"product","link":"https:\/\/www.myaquastore.com\/de\/produkt\/haibao-super-tauchwasserpumpe-hb-d555\/","title":{"rendered":"HAIBAO Super-Tauchwasserpumpe HB-D555"},"content":{"rendered":"<article class=\"article richtext richtext-detail AE:disable\" id=\"richTextContainer\">\n<div style=\"clear:both\">\n<p><span style=\"font-family: 'times new roman', times;font-size: 24px\"> HAIBAO Super-Tauchwasserpumpe HB-D555<\/span><br \/><span style=\"font-family: 'times new roman', times;font-size: 24px\">1.Einfache Einrichtung und Wartung<\/span><br \/><span style=\"font-family: 'times new roman', times;font-size: 24px\">2.ziemlich sicher<\/span><br \/><span style=\"font-family: 'times new roman', times;font-size: 24px\">3.Botton-side Pumping<\/span><\/p>\n<p>&lt;span style=&quot;font-family: &#039;times New Roman&#039;, Times; Schriftgr\u00f6\u00dfe: 24 Pixel; Gr\u00f6\u00dfe: 107*66*91mm<\/span><\/p>\n<p><span style=\"font-family: 'times new roman', times;font-size: 24px\">6.Packung ist 18 St\u00fcck\/Karton<\/span><\/p>\n<div style=\"clear:both\"><\/article>\n","protected":false},"excerpt":{"rendered":"<p>HAIBAO Super-Tauchwasserpumpe HB-D555<\/p>\n","protected":false},"featured_media":2910,"comment_status":"open","ping_status":"closed","template":"","meta":[],"product_brand":[],"product_cat":[1299,440],"product_tag":[],"class_list":{"0":"post-34415","1":"product","2":"type-product","3":"status-publish","4":"has-post-thumbnail","6":"product_cat-aquariumfilter","7":"product_cat-aquarien-filter","9":"first","10":"instock","11":"shipping-taxable","12":"purchasable","13":"product-type-simple"},"_links":{"self":[{"href":"https:\/\/www.myaquastore.com\/de\/wp-json\/wp\/v2\/product\/34415","targetHints":{"allow":["GET"]}}],"collection":[{"href":"https:\/\/www.myaquastore.com\/de\/wp-json\/wp\/v2\/product"}],"about":[{"href":"https:\/\/www.myaquastore.com\/de\/wp-json\/wp\/v2\/types\/product"}],"replies":[{"embeddable":true,"href":"https:\/\/www.myaquastore.com\/de\/wp-json\/wp\/v2\/comments?post=34415"}],"wp:featuredmedia":[{"embeddable":true,"href":"https:\/\/www.myaquastore.com\/de\/wp-json\/wp\/v2\/media\/2910"}],"wp:attachment":[{"href":"https:\/\/www.myaquastore.com\/de\/wp-json\/wp\/v2\/media?parent=34415"}],"wp:term":[{"taxonomy":"product_brand","embeddable":true,"href":"https:\/\/www.myaquastore.com\/de\/wp-json\/wp\/v2\/product_brand?post=34415"},{"taxonomy":"product_cat","embeddable":true,"href":"https:\/\/www.myaquastore.com\/de\/wp-json\/wp\/v2\/product_cat?post=34415"},{"taxonomy":"product_tag","embeddable":true,"href":"https:\/\/www.myaquastore.com\/de\/wp-json\/wp\/v2\/product_tag?post=34415"}],"curies":[{"name":"wp","href":"https:\/\/api.w.org\/{rel}","templated":true}]}}