{"id":34421,"date":"2016-09-25T23:27:52","date_gmt":"2016-09-25T23:27:52","guid":{"rendered":"https:\/\/www.myaquastore.com\/product\/6mm-1kg-sera-fischfutter-arowana-rot-0303\/"},"modified":"2025-03-16T08:31:19","modified_gmt":"2025-03-16T08:31:19","slug":"6mm-1kg-sera-fischfutter-arowana-rot-0303","status":"publish","type":"product","link":"https:\/\/www.myaquastore.com\/de\/produkt\/6mm-1kg-sera-fischfutter-arowana-rot-0303\/","title":{"rendered":"6mm 1kg Sera Fischfutter Arowana Rot 0303"},"content":{"rendered":"<article class=\"article richtext richtext-detail AE:disable\" id=\"richTextContainer\">\n<div style=\"clear:both\">\n<p><span style=\"font-family: 'times new roman', times;font-size: 24px\"> 6mm 1kg sera fish food arowana red 0303 <\/span><\/p>\n<p><span style=\"font-family: 'times new roman', times\">1 ausgezeichnete Qualit\u00e4t<\/span><br \/>&lt;span style=&quot;font-family: &#039;times new roman&#039;, times; 1 kg, 6 mm<\/span><br \/><span style=\"font-family: 'times new roman', times;font-size: 24px\">4.Geeignet f\u00fcr mittelgro\u00dfe Arowanas, Buntbarsche und andere fr\u00fchere fleischfressende Fische<\/span><\/p>\n<div style=\"clear:both\"><\/article>\n","protected":false},"excerpt":{"rendered":"<p>6mm 1kg Sera Fischfutter Arowana Rot 0303<\/p>\n","protected":false},"featured_media":2922,"comment_status":"open","ping_status":"closed","template":"","meta":[],"product_brand":[],"product_cat":[1299],"product_tag":[],"class_list":{"0":"post-34421","1":"product","2":"type-product","3":"status-publish","4":"has-post-thumbnail","6":"product_cat-aquariumfilter","8":"first","9":"instock","10":"shipping-taxable","11":"purchasable","12":"product-type-simple"},"_links":{"self":[{"href":"https:\/\/www.myaquastore.com\/de\/wp-json\/wp\/v2\/product\/34421","targetHints":{"allow":["GET"]}}],"collection":[{"href":"https:\/\/www.myaquastore.com\/de\/wp-json\/wp\/v2\/product"}],"about":[{"href":"https:\/\/www.myaquastore.com\/de\/wp-json\/wp\/v2\/types\/product"}],"replies":[{"embeddable":true,"href":"https:\/\/www.myaquastore.com\/de\/wp-json\/wp\/v2\/comments?post=34421"}],"wp:featuredmedia":[{"embeddable":true,"href":"https:\/\/www.myaquastore.com\/de\/wp-json\/wp\/v2\/media\/2922"}],"wp:attachment":[{"href":"https:\/\/www.myaquastore.com\/de\/wp-json\/wp\/v2\/media?parent=34421"}],"wp:term":[{"taxonomy":"product_brand","embeddable":true,"href":"https:\/\/www.myaquastore.com\/de\/wp-json\/wp\/v2\/product_brand?post=34421"},{"taxonomy":"product_cat","embeddable":true,"href":"https:\/\/www.myaquastore.com\/de\/wp-json\/wp\/v2\/product_cat?post=34421"},{"taxonomy":"product_tag","embeddable":true,"href":"https:\/\/www.myaquastore.com\/de\/wp-json\/wp\/v2\/product_tag?post=34421"}],"curies":[{"name":"wp","href":"https:\/\/api.w.org\/{rel}","templated":true}]}}