{"id":34423,"date":"2016-09-25T23:27:52","date_gmt":"2016-09-25T23:27:52","guid":{"rendered":"https:\/\/www.myaquastore.com\/product\/45g-sera-guppy-fischfutterstuckchen\/"},"modified":"2025-03-16T08:31:20","modified_gmt":"2025-03-16T08:31:20","slug":"45g-sera-guppy-fischfutterstuckchen","status":"publish","type":"product","link":"https:\/\/www.myaquastore.com\/de\/produkt\/45g-sera-guppy-fischfutterstuckchen\/","title":{"rendered":"45g Sera Guppy Fischfutterst\u00fcckchen"},"content":{"rendered":"<article class=\"article richtext richtext-detail AE:disable\" id=\"richTextContainer\">\n<div style=\"clear:both\">\n<p><span style=\"font-family: 'times new roman', times;font-size: 24px\"> 45g sera guppy fish food bit<\/span><br \/><span style=\"font-family: 'times new roman', times;font-size: 24px\">1. ausgezeichnete Qualit\u00e4t<\/span><br \/><span style=\"font-family: 'times new roman', times;font-size: 24px\">2. Angemessener Preis<\/span><br \/><span style=\"font-family: 'times new roman', times;font-size: 24px\">3.Volumen ist 45G\/100ML<\/span><\/p>\n<p><span style=\"font-family: 'times new roman', times;font-size: 24px\">4.Speziell entwickelt f\u00fcr Guppys und andere Lebendgeb\u00e4rende mit kleinen Monaten. Diese speziellen Mikrogranulate bieten eine Au\u00dferordentlich hohe Verdaulichkeit f\u00fcr diese sich stark fortpflanzende Fischgruppe und ihren enormen Energiebedarf<\/span><\/p>\n<p><span style=\"font-family: 'times new roman', times;font-size: 24px\">5.Verpackung: 36 F\u00e4sser\/Karton <\/span><\/p>\n<div style=\"clear:both\"><\/article>\n","protected":false},"excerpt":{"rendered":"<p>45g Sera Guppy Fischfutterst\u00fcckchen<\/p>\n","protected":false},"featured_media":2926,"comment_status":"open","ping_status":"closed","template":"","meta":[],"product_brand":[],"product_cat":[1299],"product_tag":[],"class_list":{"0":"post-34423","1":"product","2":"type-product","3":"status-publish","4":"has-post-thumbnail","6":"product_cat-aquariumfilter","8":"first","9":"instock","10":"shipping-taxable","11":"purchasable","12":"product-type-simple"},"_links":{"self":[{"href":"https:\/\/www.myaquastore.com\/de\/wp-json\/wp\/v2\/product\/34423","targetHints":{"allow":["GET"]}}],"collection":[{"href":"https:\/\/www.myaquastore.com\/de\/wp-json\/wp\/v2\/product"}],"about":[{"href":"https:\/\/www.myaquastore.com\/de\/wp-json\/wp\/v2\/types\/product"}],"replies":[{"embeddable":true,"href":"https:\/\/www.myaquastore.com\/de\/wp-json\/wp\/v2\/comments?post=34423"}],"wp:featuredmedia":[{"embeddable":true,"href":"https:\/\/www.myaquastore.com\/de\/wp-json\/wp\/v2\/media\/2926"}],"wp:attachment":[{"href":"https:\/\/www.myaquastore.com\/de\/wp-json\/wp\/v2\/media?parent=34423"}],"wp:term":[{"taxonomy":"product_brand","embeddable":true,"href":"https:\/\/www.myaquastore.com\/de\/wp-json\/wp\/v2\/product_brand?post=34423"},{"taxonomy":"product_cat","embeddable":true,"href":"https:\/\/www.myaquastore.com\/de\/wp-json\/wp\/v2\/product_cat?post=34423"},{"taxonomy":"product_tag","embeddable":true,"href":"https:\/\/www.myaquastore.com\/de\/wp-json\/wp\/v2\/product_tag?post=34423"}],"curies":[{"name":"wp","href":"https:\/\/api.w.org\/{rel}","templated":true}]}}