{"id":34428,"date":"2016-09-25T23:27:52","date_gmt":"2016-09-25T23:27:52","guid":{"rendered":"https:\/\/www.myaquastore.com\/product\/1-kg-2-mm-sera-arowana-fischfutter\/"},"modified":"2025-03-16T08:31:20","modified_gmt":"2025-03-16T08:31:20","slug":"1-kg-2-mm-sera-arowana-fischfutter","status":"publish","type":"product","link":"https:\/\/www.myaquastore.com\/de\/produkt\/1-kg-2-mm-sera-arowana-fischfutter\/","title":{"rendered":"1 kg 2 mm Sera Arowana Fischfutter"},"content":{"rendered":"<article class=\"article richtext richtext-detail AE:disable\" id=\"richTextContainer\">\n<div style=\"clear:both\">\n<p><span style=\"font-family: 'times new roman', times;font-size: 24px\"> 1kg 2mm sera arowana Fischfutter<\/span><br \/><span style=\"font-family: 'times new roman', times;font-size: 24px\">1.hervorragende Qualit\u00e4t<\/span><br \/><span style=\"font-family: 'times new roman', times\">2.angemessener Preis<\/span><br \/><span style=\"font-family: 'times new roman', times;font-size: 24px\">3.Gewicht ist 1 kg, Gr\u00f6\u00dfe ist 2mm<\/span><br \/><span style=\"font-family: 'times new roman', times;font-size: 24px\">4.geeignet f\u00fcr mittelgro\u00dfe Arowanas, Buntbarsche und andere fr\u00fchere fleischfressende Fische<\/span><\/p>\n<p><span style=\"font-family: 'times new roman', times;font-size: 24px\">5.Verpackung ist 6 F\u00e4sser\/Karton <\/span><\/p>\n<div style=\"clear:both\"><\/article>\n","protected":false},"excerpt":{"rendered":"<p>1 kg 2 mm Sera Arowana Fischfutter<\/p>\n","protected":false},"featured_media":2936,"comment_status":"open","ping_status":"closed","template":"","meta":[],"product_brand":[],"product_cat":[1299],"product_tag":[],"class_list":{"0":"post-34428","1":"product","2":"type-product","3":"status-publish","4":"has-post-thumbnail","6":"product_cat-aquariumfilter","8":"first","9":"instock","10":"shipping-taxable","11":"purchasable","12":"product-type-simple"},"_links":{"self":[{"href":"https:\/\/www.myaquastore.com\/de\/wp-json\/wp\/v2\/product\/34428","targetHints":{"allow":["GET"]}}],"collection":[{"href":"https:\/\/www.myaquastore.com\/de\/wp-json\/wp\/v2\/product"}],"about":[{"href":"https:\/\/www.myaquastore.com\/de\/wp-json\/wp\/v2\/types\/product"}],"replies":[{"embeddable":true,"href":"https:\/\/www.myaquastore.com\/de\/wp-json\/wp\/v2\/comments?post=34428"}],"wp:featuredmedia":[{"embeddable":true,"href":"https:\/\/www.myaquastore.com\/de\/wp-json\/wp\/v2\/media\/2936"}],"wp:attachment":[{"href":"https:\/\/www.myaquastore.com\/de\/wp-json\/wp\/v2\/media?parent=34428"}],"wp:term":[{"taxonomy":"product_brand","embeddable":true,"href":"https:\/\/www.myaquastore.com\/de\/wp-json\/wp\/v2\/product_brand?post=34428"},{"taxonomy":"product_cat","embeddable":true,"href":"https:\/\/www.myaquastore.com\/de\/wp-json\/wp\/v2\/product_cat?post=34428"},{"taxonomy":"product_tag","embeddable":true,"href":"https:\/\/www.myaquastore.com\/de\/wp-json\/wp\/v2\/product_tag?post=34428"}],"curies":[{"name":"wp","href":"https:\/\/api.w.org\/{rel}","templated":true}]}}