{"id":34440,"date":"2016-09-25T23:27:54","date_gmt":"2016-09-25T23:27:54","guid":{"rendered":"https:\/\/www.myaquastore.com\/product\/65g-sera-fischfutter-fur-garnelen-natur\/"},"modified":"2025-03-16T08:31:23","modified_gmt":"2025-03-16T08:31:23","slug":"65g-sera-fischfutter-fur-garnelen-natur","status":"publish","type":"product","link":"https:\/\/www.myaquastore.com\/de\/produkt\/65g-sera-fischfutter-fur-garnelen-natur\/","title":{"rendered":"65g sera Fischfutter f\u00fcr Garnelen natur"},"content":{"rendered":"<article class=\"article richtext richtext-detail AE:disable\" id=\"richTextContainer\">\n<div style=\"clear:both\">\n<p><span style=\"font-family: 'times new roman', times;font-size: 24px\"> 65g sera Fischfutter f\u00fcr Garnelen natur<\/span><br \/><span style=\"font-family: 'times new roman', times;font-size: 24px\">1. ausgezeichnete Qualit\u00e4t<\/span><br \/><span style=\"font-family: 'times new roman', times;font-size: 24px\">2. angemessener Preis<\/span><br \/><span style=\"font-family: 'times new roman', times;font-size: 24px\">3. Volumen betr\u00e4gt 65g\/100ml<\/span><\/p>\n<p><span style=\"font-family: 'times new roman', times;font-size: 24px\">4.sinkendes, stabiles Granulat f\u00fcr optisches Wachstum von S\u00fc\u00df- und Meerwassergarnelen<\/span><\/p>\n<p><span style=\"font-family: 'times new roman', times;font-size: 24px\">5.Packung ist 36 F\u00e4sser\/Karton <\/span><\/p>\n<div style=\"clear:both\"><\/article>\n","protected":false},"excerpt":{"rendered":"<p>65g sera Fischfutter f\u00fcr Garnelen natur<\/p>\n","protected":false},"featured_media":2960,"comment_status":"open","ping_status":"closed","template":"","meta":[],"product_brand":[],"product_cat":[1299],"product_tag":[],"class_list":{"0":"post-34440","1":"product","2":"type-product","3":"status-publish","4":"has-post-thumbnail","6":"product_cat-aquariumfilter","8":"first","9":"instock","10":"shipping-taxable","11":"purchasable","12":"product-type-simple"},"_links":{"self":[{"href":"https:\/\/www.myaquastore.com\/de\/wp-json\/wp\/v2\/product\/34440","targetHints":{"allow":["GET"]}}],"collection":[{"href":"https:\/\/www.myaquastore.com\/de\/wp-json\/wp\/v2\/product"}],"about":[{"href":"https:\/\/www.myaquastore.com\/de\/wp-json\/wp\/v2\/types\/product"}],"replies":[{"embeddable":true,"href":"https:\/\/www.myaquastore.com\/de\/wp-json\/wp\/v2\/comments?post=34440"}],"wp:featuredmedia":[{"embeddable":true,"href":"https:\/\/www.myaquastore.com\/de\/wp-json\/wp\/v2\/media\/2960"}],"wp:attachment":[{"href":"https:\/\/www.myaquastore.com\/de\/wp-json\/wp\/v2\/media?parent=34440"}],"wp:term":[{"taxonomy":"product_brand","embeddable":true,"href":"https:\/\/www.myaquastore.com\/de\/wp-json\/wp\/v2\/product_brand?post=34440"},{"taxonomy":"product_cat","embeddable":true,"href":"https:\/\/www.myaquastore.com\/de\/wp-json\/wp\/v2\/product_cat?post=34440"},{"taxonomy":"product_tag","embeddable":true,"href":"https:\/\/www.myaquastore.com\/de\/wp-json\/wp\/v2\/product_tag?post=34440"}],"curies":[{"name":"wp","href":"https:\/\/api.w.org\/{rel}","templated":true}]}}