{"id":34479,"date":"2016-09-25T23:27:54","date_gmt":"2016-09-25T23:27:54","guid":{"rendered":"https:\/\/www.myaquastore.com\/product\/110g-sera-fischfutter-fur-welschips\/"},"modified":"2025-03-16T08:31:30","modified_gmt":"2025-03-16T08:31:30","slug":"110g-sera-fischfutter-fur-welschips","status":"publish","type":"product","link":"https:\/\/www.myaquastore.com\/de\/produkt\/110g-sera-fischfutter-fur-welschips\/","title":{"rendered":"110g sera Fischfutter f\u00fcr Welschips"},"content":{"rendered":"<article class=\"article richtext richtext-detail AE:disable\" id=\"richTextContainer\">\n<div style=\"clear:both\">\n<p><span style=\"font-family: 'times new roman', times;font-size: 24px\"> 110g sera Fischfutter f\u00fcr Welschips<\/span><br \/><span style=\"font-family: 'times new roman', times;font-size: 24px\">1. ausgezeichnete Qualit\u00e4t<\/span><br \/><span style=\"font-family: 'times new roman', times;font-size: 24px\">2. angemessener Preis<\/span><br \/><span style=\"font-family: 'times new roman', times;font-size: 24px\">3. Das Volumen betr\u00e4gt 110 G\/250 ml<\/span><br \/><span style=\"font-family: 'times new roman', times;font-size: 24px\">4.Enth\u00e4lt Holzfasern, die einen \u00e4u\u00dferst wichtigen Ballast f\u00fcr die Verdauung dieser Fischgruppe darstellen Natur<\/span><\/p>\n<p><span style=\"font-family: 'times new roman', times;font-size: 24px\">5.Verpackung ist 24 St\u00fcck\/Karton<\/span><\/p>\n<div style=\"clear:both\"><\/article>\n","protected":false},"excerpt":{"rendered":"<p>110g sera Fischfutter f\u00fcr Welschips<\/p>\n","protected":false},"featured_media":3038,"comment_status":"open","ping_status":"closed","template":"","meta":[],"product_brand":[],"product_cat":[1299],"product_tag":[],"class_list":{"0":"post-34479","1":"product","2":"type-product","3":"status-publish","4":"has-post-thumbnail","6":"product_cat-aquariumfilter","8":"first","9":"instock","10":"shipping-taxable","11":"purchasable","12":"product-type-simple"},"_links":{"self":[{"href":"https:\/\/www.myaquastore.com\/de\/wp-json\/wp\/v2\/product\/34479","targetHints":{"allow":["GET"]}}],"collection":[{"href":"https:\/\/www.myaquastore.com\/de\/wp-json\/wp\/v2\/product"}],"about":[{"href":"https:\/\/www.myaquastore.com\/de\/wp-json\/wp\/v2\/types\/product"}],"replies":[{"embeddable":true,"href":"https:\/\/www.myaquastore.com\/de\/wp-json\/wp\/v2\/comments?post=34479"}],"wp:featuredmedia":[{"embeddable":true,"href":"https:\/\/www.myaquastore.com\/de\/wp-json\/wp\/v2\/media\/3038"}],"wp:attachment":[{"href":"https:\/\/www.myaquastore.com\/de\/wp-json\/wp\/v2\/media?parent=34479"}],"wp:term":[{"taxonomy":"product_brand","embeddable":true,"href":"https:\/\/www.myaquastore.com\/de\/wp-json\/wp\/v2\/product_brand?post=34479"},{"taxonomy":"product_cat","embeddable":true,"href":"https:\/\/www.myaquastore.com\/de\/wp-json\/wp\/v2\/product_cat?post=34479"},{"taxonomy":"product_tag","embeddable":true,"href":"https:\/\/www.myaquastore.com\/de\/wp-json\/wp\/v2\/product_tag?post=34479"}],"curies":[{"name":"wp","href":"https:\/\/api.w.org\/{rel}","templated":true}]}}