{"id":34503,"date":"2016-09-25T23:27:55","date_gmt":"2016-09-25T23:27:55","guid":{"rendered":"https:\/\/www.myaquastore.com\/product\/200w-periha-glasrohrheizgerat-he200\/"},"modified":"2025-03-16T08:31:35","modified_gmt":"2025-03-16T08:31:35","slug":"200w-periha-glasrohrheizgerat-he200","status":"publish","type":"product","link":"https:\/\/www.myaquastore.com\/de\/produkt\/200w-periha-glasrohrheizgerat-he200\/","title":{"rendered":"200W PERIHA Glasrohrheizger\u00e4t HE200"},"content":{"rendered":"<article class=\"article richtext richtext-detail AE:disable\" id=\"richTextContainer\">\n<h2 class=\"article-title\">Spezifikationen<\/h2>\n<div style=\"clear:both\"> 200W PERIHA Glasrohrheizger\u00e4t HE200 <br \/>1 Explosionsgesch\u00fctztes Glas <br \/>2 Doppelte Isolierung <br \/>3 Kompaktes Design, hohe Best\u00e4ndigkeit <\/p>\n<div style=\"clear:both\">\n<p>200W PERIHA Glasrohrheizer HE200<\/p>\n<p>1 Explosionsgesch\u00fctztes Glas<br \/>2 Doppelte Isolierung<br \/>3 Kompaktes Design, hohe Best\u00e4ndigkeit<br \/>4 Sichere und zuverl\u00e4ssige Temperaturpr\u00e4zision<br \/>5 Geeignet f\u00fcr S\u00fc\u00df- und Salzwasser<\/p>\n<p>6 \u00c4u\u00dferer Schutz, erh\u00f6hte Sicherheit<\/p>\n<div style=\"clear:both\"><\/article>\n","protected":false},"excerpt":{"rendered":"<p>200W PERIHA Glasrohrheizger\u00e4t HE200<\/p>\n","protected":false},"featured_media":3086,"comment_status":"open","ping_status":"closed","template":"","meta":[],"product_brand":[],"product_cat":[1299],"product_tag":[],"class_list":{"0":"post-34503","1":"product","2":"type-product","3":"status-publish","4":"has-post-thumbnail","6":"product_cat-aquariumfilter","8":"first","9":"instock","10":"shipping-taxable","11":"purchasable","12":"product-type-simple"},"_links":{"self":[{"href":"https:\/\/www.myaquastore.com\/de\/wp-json\/wp\/v2\/product\/34503","targetHints":{"allow":["GET"]}}],"collection":[{"href":"https:\/\/www.myaquastore.com\/de\/wp-json\/wp\/v2\/product"}],"about":[{"href":"https:\/\/www.myaquastore.com\/de\/wp-json\/wp\/v2\/types\/product"}],"replies":[{"embeddable":true,"href":"https:\/\/www.myaquastore.com\/de\/wp-json\/wp\/v2\/comments?post=34503"}],"wp:featuredmedia":[{"embeddable":true,"href":"https:\/\/www.myaquastore.com\/de\/wp-json\/wp\/v2\/media\/3086"}],"wp:attachment":[{"href":"https:\/\/www.myaquastore.com\/de\/wp-json\/wp\/v2\/media?parent=34503"}],"wp:term":[{"taxonomy":"product_brand","embeddable":true,"href":"https:\/\/www.myaquastore.com\/de\/wp-json\/wp\/v2\/product_brand?post=34503"},{"taxonomy":"product_cat","embeddable":true,"href":"https:\/\/www.myaquastore.com\/de\/wp-json\/wp\/v2\/product_cat?post=34503"},{"taxonomy":"product_tag","embeddable":true,"href":"https:\/\/www.myaquastore.com\/de\/wp-json\/wp\/v2\/product_tag?post=34503"}],"curies":[{"name":"wp","href":"https:\/\/api.w.org\/{rel}","templated":true}]}}