{"id":34526,"date":"2016-09-25T23:27:55","date_gmt":"2016-09-25T23:27:55","guid":{"rendered":"https:\/\/www.myaquastore.com\/product\/meistverkaufte-200w-hopar-anti-riss-aquarienheizung-j223\/"},"modified":"2025-03-16T08:31:40","modified_gmt":"2025-03-16T08:31:40","slug":"meistverkaufte-200w-hopar-anti-riss-aquarienheizung-j223","status":"publish","type":"product","link":"https:\/\/www.myaquastore.com\/de\/produkt\/meistverkaufte-200w-hopar-anti-riss-aquarienheizung-j223\/","title":{"rendered":"meistverkaufte 200W Hopar Anti-Riss-Aquarienheizung J223"},"content":{"rendered":"<article class=\"article richtext richtext-detail AE:disable\" id=\"richTextContainer\">\n<div style=\"clear:both\">\n<p><span style=\"font-family: 'times new roman', times;font-size: 24px\"> meistverkaufter 200W Hopar Anti-Crack-Aquarienheizer J223 <\/span><\/p>\n<p><span style=\"font-family: 'times new roman', times\">1 einfache und pr\u00e4zise Einstellung der gew\u00fcnschten Temperatur<\/span><br \/><span style=\"font-family: 'times new roman', times;font-size: 24px\">2 Stil Temperaturanzeige ist sichtbar <\/span><\/p>\n<p><span style=\"font-family: 'times new roman', times;font-size: 24px\">3 empfindlicher und einstellbarer Thermostat sorgt f\u00fcr eine gleichm\u00e4\u00dfige Temperatur Temperatur<\/span><\/p>\n<p><span style=\"font-family: 'times new roman', times;font-size: 24px\">4 Heizelement ist hocheffizient und kompakt<\/span><\/p>\n<p><span style=\"font-family: 'times new roman', times;font-size: 24px\">5 f\u00fcr l\u00e4ngere Nutzung und absolute Sicherheit konzipiert<\/span><\/p>\n<p><span style=\"font-family: 'times new roman', times\">6.Verpackung ist 50 St\u00fcck\/Karton <\/span><\/p>\n<div style=\"clear:both\"><\/article>\n","protected":false},"excerpt":{"rendered":"<p>meistverkaufte 200W Hopar Anti-Riss-Aquarienheizung J223<\/p>\n","protected":false},"featured_media":3132,"comment_status":"open","ping_status":"closed","template":"","meta":[],"product_brand":[],"product_cat":[1299],"product_tag":[],"class_list":{"0":"post-34526","1":"product","2":"type-product","3":"status-publish","4":"has-post-thumbnail","6":"product_cat-aquariumfilter","8":"first","9":"instock","10":"shipping-taxable","11":"purchasable","12":"product-type-simple"},"_links":{"self":[{"href":"https:\/\/www.myaquastore.com\/de\/wp-json\/wp\/v2\/product\/34526","targetHints":{"allow":["GET"]}}],"collection":[{"href":"https:\/\/www.myaquastore.com\/de\/wp-json\/wp\/v2\/product"}],"about":[{"href":"https:\/\/www.myaquastore.com\/de\/wp-json\/wp\/v2\/types\/product"}],"replies":[{"embeddable":true,"href":"https:\/\/www.myaquastore.com\/de\/wp-json\/wp\/v2\/comments?post=34526"}],"wp:featuredmedia":[{"embeddable":true,"href":"https:\/\/www.myaquastore.com\/de\/wp-json\/wp\/v2\/media\/3132"}],"wp:attachment":[{"href":"https:\/\/www.myaquastore.com\/de\/wp-json\/wp\/v2\/media?parent=34526"}],"wp:term":[{"taxonomy":"product_brand","embeddable":true,"href":"https:\/\/www.myaquastore.com\/de\/wp-json\/wp\/v2\/product_brand?post=34526"},{"taxonomy":"product_cat","embeddable":true,"href":"https:\/\/www.myaquastore.com\/de\/wp-json\/wp\/v2\/product_cat?post=34526"},{"taxonomy":"product_tag","embeddable":true,"href":"https:\/\/www.myaquastore.com\/de\/wp-json\/wp\/v2\/product_tag?post=34526"}],"curies":[{"name":"wp","href":"https:\/\/api.w.org\/{rel}","templated":true}]}}