{"id":34556,"date":"2016-09-25T23:27:57","date_gmt":"2016-09-25T23:27:57","guid":{"rendered":"https:\/\/www.myaquastore.com\/product\/amazon-erhoht-den-schildkrotengeist\/"},"modified":"2025-03-16T08:31:46","modified_gmt":"2025-03-16T08:31:46","slug":"amazon-erhoht-den-schildkrotengeist","status":"publish","type":"product","link":"https:\/\/www.myaquastore.com\/de\/produkt\/amazon-erhoht-den-schildkrotengeist\/","title":{"rendered":"Amazon erh\u00f6ht den Schildkr\u00f6tengeist"},"content":{"rendered":"<article class=\"article richtext richtext-detail AE:disable\" id=\"richTextContainer\">\n<h2 class=\"article-title\">Spezifikationen<\/h2>\n<div style=\"clear:both\"> Amazon Raise Tortoise Spirit <br \/>1. speziell f\u00fcr brasilianische Landschildkr\u00f6ten <br \/>2. Sehr offensichtliche Behandlung und die Rolle des Gesundheitsschutzes <\/p>\n<div style=\"clear:both\">\n<div><span style=\"font-size: small\">Amazon Raise Tortoise Spirit<br \/>1 Raise tortise spirit ist eine Art medizinische Fl\u00fcssigkeit, die speziell f\u00fcr brasilianische Landschildkr\u00f6ten entwickelt wurde. Der wei\u00dfe Punkt des Schildpatts der speziellen Behandlungsschildkr\u00f6te, Erythem, Wunde und Haut sind ineinandergreifend, ist angewidert, usw. Verdauungskrankheit System, haben eine sehr offensichtliche Behandlung und die Rolle des Gesundheitsschutzes. <\/span><\/div>\n<p> Milliliter.<\/span><\/span><\/span><\/p>\n<dl>\n<dt><span><span><span style=\"font-size: small\"> <\/span><\/span><\/span><\/dt>\n<\/dl>\n<div style=\"clear:both\"><\/article>\n","protected":false},"excerpt":{"rendered":"<p>Amazon erh\u00f6ht den Schildkr\u00f6tengeist<\/p>\n","protected":false},"featured_media":3192,"comment_status":"open","ping_status":"closed","template":"","meta":[],"product_brand":[],"product_cat":[1299],"product_tag":[],"class_list":{"0":"post-34556","1":"product","2":"type-product","3":"status-publish","4":"has-post-thumbnail","6":"product_cat-aquariumfilter","8":"first","9":"instock","10":"shipping-taxable","11":"purchasable","12":"product-type-simple"},"_links":{"self":[{"href":"https:\/\/www.myaquastore.com\/de\/wp-json\/wp\/v2\/product\/34556","targetHints":{"allow":["GET"]}}],"collection":[{"href":"https:\/\/www.myaquastore.com\/de\/wp-json\/wp\/v2\/product"}],"about":[{"href":"https:\/\/www.myaquastore.com\/de\/wp-json\/wp\/v2\/types\/product"}],"replies":[{"embeddable":true,"href":"https:\/\/www.myaquastore.com\/de\/wp-json\/wp\/v2\/comments?post=34556"}],"wp:featuredmedia":[{"embeddable":true,"href":"https:\/\/www.myaquastore.com\/de\/wp-json\/wp\/v2\/media\/3192"}],"wp:attachment":[{"href":"https:\/\/www.myaquastore.com\/de\/wp-json\/wp\/v2\/media?parent=34556"}],"wp:term":[{"taxonomy":"product_brand","embeddable":true,"href":"https:\/\/www.myaquastore.com\/de\/wp-json\/wp\/v2\/product_brand?post=34556"},{"taxonomy":"product_cat","embeddable":true,"href":"https:\/\/www.myaquastore.com\/de\/wp-json\/wp\/v2\/product_cat?post=34556"},{"taxonomy":"product_tag","embeddable":true,"href":"https:\/\/www.myaquastore.com\/de\/wp-json\/wp\/v2\/product_tag?post=34556"}],"curies":[{"name":"wp","href":"https:\/\/api.w.org\/{rel}","templated":true}]}}