{"id":34557,"date":"2016-09-25T23:27:57","date_gmt":"2016-09-25T23:27:57","guid":{"rendered":"https:\/\/www.myaquastore.com\/product\/125-ml-amazon-aquarium-arowana-treasure\/"},"modified":"2025-03-16T08:31:46","modified_gmt":"2025-03-16T08:31:46","slug":"125-ml-amazon-aquarium-arowana-treasure","status":"publish","type":"product","link":"https:\/\/www.myaquastore.com\/de\/produkt\/125-ml-amazon-aquarium-arowana-treasure\/","title":{"rendered":"125 ml Amazon Aquarium Arowana Treasure"},"content":{"rendered":"<article class=\"article richtext richtext-detail AE:disable\" id=\"richTextContainer\">\n<div style=\"clear:both\">\n<div><span style=\"font-family: 'times new roman', times;font-size: 24px\"> 125 ml Amazon Aquarium Arowana Treasure<br \/>1. Es enth\u00e4lt viele Arten von Vitaminen, Kalzium, Magnesium und Eiwei\u00df usw.<\/span><\/div>\n<div><span style=\"font-size: 24px;font-family: 'times new roman', times\">2. Wenn Sie es dauerhaft verwenden, kann es eine positive Rolle spielen, es kann nicht nur den Zustand des Drachenfisches st\u00e4rken, eine sch\u00f6ne Farbe verleihen und die Immunit\u00e4t st\u00e4rken. Es kann aber auch dazu f\u00fchren, dass die Fische l\u00e4nger wachsen. Es ist ein gutes Produkt f\u00fcr das Wachstum, die Pflege und den Schutz der Fische.<\/span><\/p>\n<div><span style=\"font-size: 24px;font-family: 'times new roman', times\">3. GEBRAUCHSANWEISUNG: Bitte f\u00fcgen Sie 20\u201330 Tropfen pro 100 Liter hinzu. Der junge Fisch sollte die H\u00e4lfte verwenden. Wenn die Farbe des Fischk\u00f6rpers herauskommt, kann er etwa erneut verwendet werden 10 Tropfen, wenn sich die Fische nicht anpassen k\u00f6nnen, verwenden Sie sie bitte erneut<\/span><\/div>\n<div><span style=\"font-size: 24px;font-family: 'times new roman', times\">4. Die Verpackung betr\u00e4gt 120 St\u00fcck\/Karton<\/span><\/div>\n<\/div>\n<div style=\"clear:both\"><\/article>\n","protected":false},"excerpt":{"rendered":"<p>125 ml Amazon Aquarium Arowana Treasure<\/p>\n","protected":false},"featured_media":3194,"comment_status":"open","ping_status":"closed","template":"","meta":[],"product_brand":[],"product_cat":[1299],"product_tag":[],"class_list":{"0":"post-34557","1":"product","2":"type-product","3":"status-publish","4":"has-post-thumbnail","6":"product_cat-aquariumfilter","8":"first","9":"instock","10":"shipping-taxable","11":"purchasable","12":"product-type-simple"},"_links":{"self":[{"href":"https:\/\/www.myaquastore.com\/de\/wp-json\/wp\/v2\/product\/34557","targetHints":{"allow":["GET"]}}],"collection":[{"href":"https:\/\/www.myaquastore.com\/de\/wp-json\/wp\/v2\/product"}],"about":[{"href":"https:\/\/www.myaquastore.com\/de\/wp-json\/wp\/v2\/types\/product"}],"replies":[{"embeddable":true,"href":"https:\/\/www.myaquastore.com\/de\/wp-json\/wp\/v2\/comments?post=34557"}],"wp:featuredmedia":[{"embeddable":true,"href":"https:\/\/www.myaquastore.com\/de\/wp-json\/wp\/v2\/media\/3194"}],"wp:attachment":[{"href":"https:\/\/www.myaquastore.com\/de\/wp-json\/wp\/v2\/media?parent=34557"}],"wp:term":[{"taxonomy":"product_brand","embeddable":true,"href":"https:\/\/www.myaquastore.com\/de\/wp-json\/wp\/v2\/product_brand?post=34557"},{"taxonomy":"product_cat","embeddable":true,"href":"https:\/\/www.myaquastore.com\/de\/wp-json\/wp\/v2\/product_cat?post=34557"},{"taxonomy":"product_tag","embeddable":true,"href":"https:\/\/www.myaquastore.com\/de\/wp-json\/wp\/v2\/product_tag?post=34557"}],"curies":[{"name":"wp","href":"https:\/\/api.w.org\/{rel}","templated":true}]}}