{"id":34560,"date":"2016-09-25T23:27:57","date_gmt":"2016-09-25T23:27:57","guid":{"rendered":"https:\/\/www.myaquastore.com\/product\/zusatzlicher-dunger-fur-wasserpflanzen-im-amazonas-aquarium\/"},"modified":"2025-03-16T08:31:47","modified_gmt":"2025-03-16T08:31:47","slug":"zusatzlicher-dunger-fur-wasserpflanzen-im-amazonas-aquarium","status":"publish","type":"product","link":"https:\/\/www.myaquastore.com\/de\/produkt\/zusatzlicher-dunger-fur-wasserpflanzen-im-amazonas-aquarium\/","title":{"rendered":"Zus\u00e4tzlicher D\u00fcnger f\u00fcr Wasserpflanzen im Amazonas-Aquarium"},"content":{"rendered":"<article class=\"article richtext richtext-detail AE:disable\" id=\"richTextContainer\">\n<div style=\"clear:both\">\n<p><span style=\"font-family: 'times new roman', times;font-size: 24px\"> Zus\u00e4tzlicher D\u00fcnger f\u00fcr Wasserpflanzen im Amazonas-Aquarium <\/span><\/p>\n<p><span style=\"font-family: 'times new roman', times;font-size: 24px\">1 enth\u00e4lt die essentielle und organische S\u00e4ure. Es muss verbessert werden, sodass der pH-Wert durch die Verwendung dieses D\u00fcngers nicht beeinflusst wird<\/span><\/p>\n<p><span style=\"font-size: 24px\">2 Es treten keine Aigae-Probleme auf, es wird keine Auswirkungen auf Fische haben, es tritt kein Nitain und Phosphat auf.<\/span><\/p>\n<p><span style=\"font-size: 24px\">3 Dieser zus\u00e4tzliche D\u00fcnger ist fest. Wenn Sie ihn verwenden, f\u00fcgen Sie ihn bitte 2-3 Mal pro Stunde um die Wurzeln des Wassers ein, die Piants verwenden ihn jeden Tag Wasserpflanzen k\u00f6nnen am besten f\u00fcr Wasserpflanzen heranwachsen.<\/span><\/p>\n<p><span style=\"font-size: 24px\">5 Packungen sind 24 Flaschen\/Karton <\/span><\/p>\n<p><span style=\"font-size: small\">.<\/span><\/p>\n<div><span style=\"font-size: small\"> <\/span> <\/div>\n<div style=\"clear:both\"><\/article>\n","protected":false},"excerpt":{"rendered":"<p>Zus\u00e4tzlicher D\u00fcnger f\u00fcr Wasserpflanzen im Amazonas-Aquarium<\/p>\n","protected":false},"featured_media":3200,"comment_status":"open","ping_status":"closed","template":"","meta":[],"product_brand":[],"product_cat":[1299],"product_tag":[],"class_list":{"0":"post-34560","1":"product","2":"type-product","3":"status-publish","4":"has-post-thumbnail","6":"product_cat-aquariumfilter","8":"first","9":"instock","10":"shipping-taxable","11":"purchasable","12":"product-type-simple"},"_links":{"self":[{"href":"https:\/\/www.myaquastore.com\/de\/wp-json\/wp\/v2\/product\/34560","targetHints":{"allow":["GET"]}}],"collection":[{"href":"https:\/\/www.myaquastore.com\/de\/wp-json\/wp\/v2\/product"}],"about":[{"href":"https:\/\/www.myaquastore.com\/de\/wp-json\/wp\/v2\/types\/product"}],"replies":[{"embeddable":true,"href":"https:\/\/www.myaquastore.com\/de\/wp-json\/wp\/v2\/comments?post=34560"}],"wp:featuredmedia":[{"embeddable":true,"href":"https:\/\/www.myaquastore.com\/de\/wp-json\/wp\/v2\/media\/3200"}],"wp:attachment":[{"href":"https:\/\/www.myaquastore.com\/de\/wp-json\/wp\/v2\/media?parent=34560"}],"wp:term":[{"taxonomy":"product_brand","embeddable":true,"href":"https:\/\/www.myaquastore.com\/de\/wp-json\/wp\/v2\/product_brand?post=34560"},{"taxonomy":"product_cat","embeddable":true,"href":"https:\/\/www.myaquastore.com\/de\/wp-json\/wp\/v2\/product_cat?post=34560"},{"taxonomy":"product_tag","embeddable":true,"href":"https:\/\/www.myaquastore.com\/de\/wp-json\/wp\/v2\/product_tag?post=34560"}],"curies":[{"name":"wp","href":"https:\/\/api.w.org\/{rel}","templated":true}]}}