{"id":34562,"date":"2016-09-25T23:27:57","date_gmt":"2016-09-25T23:27:57","guid":{"rendered":"https:\/\/www.myaquastore.com\/product\/125-ml-amazon-aquarienmedizin-schneckentotend\/"},"modified":"2025-03-16T08:31:47","modified_gmt":"2025-03-16T08:31:47","slug":"125-ml-amazon-aquarienmedizin-schneckentotend","status":"publish","type":"product","link":"https:\/\/www.myaquastore.com\/de\/produkt\/125-ml-amazon-aquarienmedizin-schneckentotend\/","title":{"rendered":"125 ml Amazon-Aquarienmedizin Schneckent\u00f6tend"},"content":{"rendered":"<article class=\"article richtext richtext-detail AE:disable\" id=\"richTextContainer\">\n<div style=\"clear:both\">\n<p><span style=\"font-family: 'times new roman', times;font-size: 24px\"> 125ml Amazon Aquarium Medizin Schneckent\u00f6tung<\/span><br \/><span style=\"font-family: 'times new roman', times;font-size: 24px\">1.Schneckenvernichtungsmittel kann Schnecken in Aquarien vollst\u00e4ndig abt\u00f6ten und das Wachstum dieser Lebewesen hemmen. Es kann auch als Behandlung f\u00fcr neu auftretende Wasserunkr\u00e4uter dienen, wenn dieses Mittel unbedingt gem\u00e4\u00df den Anweisungen verwendet wird.<\/span><\/p>\n<p><span style=\"font-family: 'times new roman', times;font-size: 24px\">2.Schneckenvernichtungsmittel sollte verwendet werden Halten Sie sich strikt an die Anweisungen. Geben Sie 10 ml Schneckenvernichtungsmittel pro 100 l Wasser hinzu (die Flasche fasst 20 ml Fl\u00fcssigkeit, wenn sie voll ist). F\u00fchren Sie die Behandlung einmal am Tag durch. Gie\u00dfen Sie das Mittel rund um das Aquarium. Nach 2 Stunden entfernen Sie die toten Schnecken und ersetzen 30 % des Wassers durch neues Wasser. Die Behandlung sollte drei Tage lang fortgesetzt werden. W\u00e4hrend dieser Zeit sollte die Luftzufuhr verbessert und die F\u00fctterung vor\u00fcbergehend gestoppt werden. W\u00e4hrend der Behandlung. Wenn den Fischen die Luft ausgeht, was darauf hindeutet, dass das Wasser \u00fcberbeansprucht ist, sollten 50 % des Wassers im Aquarium sofort durch neues Wasser ersetzt werden style=&#8220;font-family: &#8218;times new roman&#8216;, times; font-size: 24px;&#8220;&gt;3.Verpackung: 120 Flaschen\/Karton <\/span><\/p>\n<div style=\"clear:both\"><\/article>\n","protected":false},"excerpt":{"rendered":"<p>125 ml Amazon-Aquarienmedizin Schneckent\u00f6tend<\/p>\n","protected":false},"featured_media":3204,"comment_status":"open","ping_status":"closed","template":"","meta":[],"product_brand":[],"product_cat":[1299],"product_tag":[],"class_list":{"0":"post-34562","1":"product","2":"type-product","3":"status-publish","4":"has-post-thumbnail","6":"product_cat-aquariumfilter","8":"first","9":"instock","10":"shipping-taxable","11":"purchasable","12":"product-type-simple"},"_links":{"self":[{"href":"https:\/\/www.myaquastore.com\/de\/wp-json\/wp\/v2\/product\/34562","targetHints":{"allow":["GET"]}}],"collection":[{"href":"https:\/\/www.myaquastore.com\/de\/wp-json\/wp\/v2\/product"}],"about":[{"href":"https:\/\/www.myaquastore.com\/de\/wp-json\/wp\/v2\/types\/product"}],"replies":[{"embeddable":true,"href":"https:\/\/www.myaquastore.com\/de\/wp-json\/wp\/v2\/comments?post=34562"}],"wp:featuredmedia":[{"embeddable":true,"href":"https:\/\/www.myaquastore.com\/de\/wp-json\/wp\/v2\/media\/3204"}],"wp:attachment":[{"href":"https:\/\/www.myaquastore.com\/de\/wp-json\/wp\/v2\/media?parent=34562"}],"wp:term":[{"taxonomy":"product_brand","embeddable":true,"href":"https:\/\/www.myaquastore.com\/de\/wp-json\/wp\/v2\/product_brand?post=34562"},{"taxonomy":"product_cat","embeddable":true,"href":"https:\/\/www.myaquastore.com\/de\/wp-json\/wp\/v2\/product_cat?post=34562"},{"taxonomy":"product_tag","embeddable":true,"href":"https:\/\/www.myaquastore.com\/de\/wp-json\/wp\/v2\/product_tag?post=34562"}],"curies":[{"name":"wp","href":"https:\/\/api.w.org\/{rel}","templated":true}]}}