{"id":34565,"date":"2016-09-25T23:27:58","date_gmt":"2016-09-25T23:27:58","guid":{"rendered":"https:\/\/www.myaquastore.com\/product\/nh-cl-aqua-reliever-i-720-2\/"},"modified":"2025-03-16T08:31:48","modified_gmt":"2025-03-16T08:31:48","slug":"nh-cl-aqua-reliever-i-720-2","status":"publish","type":"product","link":"https:\/\/www.myaquastore.com\/de\/produkt\/nh-cl-aqua-reliever-i-720-2\/","title":{"rendered":"NH\/CL AQUA RELIEVER I-720"},"content":{"rendered":"<article class=\"article richtext richtext-detail AE:disable\" id=\"richTextContainer\">\n<h2 class=\"article-title\">Spezifikationen<\/h2>\n<div style=\"clear:both\"> NH\/CL AQUA RELIEVER I-720 <br \/>1 Bietet wichtige N\u00e4hrstoffe, die Wasserpflanzen zum Gedeihen ben\u00f6tigen <br \/>2 Hilft bei der Reduzierung von Stress und Verletzungen <\/p>\n<div style=\"clear:both\">\n<p>NH\/CL AQUA RELIEVER I-720<br \/>1 Enth\u00e4lt die Vitamin-B-Gruppe und viele empfindliche Spurenelemente, die es erm\u00f6glichen, giftiges Chlor und Schwermetalle zu neutralisieren, den pH-Wert zu stabilisieren und den Organismus mit dem notwendigen Organismus zu versorgen, der beim Anlegen eines neuen Aquariums oder bei jedem Wasserwechsel erforderlich ist.<\/p>\n<p>2 Au\u00dferdem tr\u00e4gt es dazu bei, den Stress und die Verletzungen zu reduzieren, die w\u00e4hrend des Transports entstehen, sodass eine weitere Infektion unwahrscheinlich ist.<\/p>\n<div style=\"clear:both\"><\/article>\n","protected":false},"excerpt":{"rendered":"<p>NH\/CL AQUA RELIEVER I-720<\/p>\n","protected":false},"featured_media":3210,"comment_status":"open","ping_status":"closed","template":"","meta":[],"product_brand":[],"product_cat":[1299],"product_tag":[],"class_list":{"0":"post-34565","1":"product","2":"type-product","3":"status-publish","4":"has-post-thumbnail","6":"product_cat-aquariumfilter","8":"first","9":"instock","10":"shipping-taxable","11":"purchasable","12":"product-type-simple"},"_links":{"self":[{"href":"https:\/\/www.myaquastore.com\/de\/wp-json\/wp\/v2\/product\/34565","targetHints":{"allow":["GET"]}}],"collection":[{"href":"https:\/\/www.myaquastore.com\/de\/wp-json\/wp\/v2\/product"}],"about":[{"href":"https:\/\/www.myaquastore.com\/de\/wp-json\/wp\/v2\/types\/product"}],"replies":[{"embeddable":true,"href":"https:\/\/www.myaquastore.com\/de\/wp-json\/wp\/v2\/comments?post=34565"}],"wp:featuredmedia":[{"embeddable":true,"href":"https:\/\/www.myaquastore.com\/de\/wp-json\/wp\/v2\/media\/3210"}],"wp:attachment":[{"href":"https:\/\/www.myaquastore.com\/de\/wp-json\/wp\/v2\/media?parent=34565"}],"wp:term":[{"taxonomy":"product_brand","embeddable":true,"href":"https:\/\/www.myaquastore.com\/de\/wp-json\/wp\/v2\/product_brand?post=34565"},{"taxonomy":"product_cat","embeddable":true,"href":"https:\/\/www.myaquastore.com\/de\/wp-json\/wp\/v2\/product_cat?post=34565"},{"taxonomy":"product_tag","embeddable":true,"href":"https:\/\/www.myaquastore.com\/de\/wp-json\/wp\/v2\/product_tag?post=34565"}],"curies":[{"name":"wp","href":"https:\/\/api.w.org\/{rel}","templated":true}]}}