{"id":34569,"date":"2016-09-25T23:27:58","date_gmt":"2016-09-25T23:27:58","guid":{"rendered":"https:\/\/www.myaquastore.com\/product\/keramischer-co2-diffusor-i-525\/"},"modified":"2025-03-16T08:31:49","modified_gmt":"2025-03-16T08:31:49","slug":"keramischer-co2-diffusor-i-525","status":"publish","type":"product","link":"https:\/\/www.myaquastore.com\/de\/produkt\/keramischer-co2-diffusor-i-525\/","title":{"rendered":"Keramischer CO2-Diffusor I-525"},"content":{"rendered":"<article class=\"article richtext richtext-detail AE:disable\" id=\"richTextContainer\">\n<h2 class=\"article-title\">Spezifikationen<\/h2>\n<div style=\"clear:both\"> Keramik-CO2-Diffusor I-525 <br \/>1Funktionen von CO2-Blasenz\u00e4hler, R\u00fcckschlagventil und Diffusor in einer Einheit <br \/>2Mit zuverl\u00e4ssiger Qualit\u00e4t <\/p>\n<div style=\"clear:both\">\n<p>Keramischer CO2-Diffusor I-525<\/p>\n<p>1Mit elegantem Aussehen, raumlos und einfach zu installieren.<br \/>2 Verteilen Sie CO2 durch die empfindliche Keramik in zahlreiche feine Blasen, um eine einfachere und vollst\u00e4ndigere Aufl\u00f6sung von CO2 im Wasser zu erm\u00f6glichen. <\/p>\n<p> 3 Verpackungen: 32 St\u00fcck\/Karton<\/p>\n<div style=\"clear:both\"><\/article>\n","protected":false},"excerpt":{"rendered":"<p>Keramischer CO2-Diffusor I-525<\/p>\n","protected":false},"featured_media":3218,"comment_status":"open","ping_status":"closed","template":"","meta":[],"product_brand":[],"product_cat":[1299],"product_tag":[],"class_list":{"0":"post-34569","1":"product","2":"type-product","3":"status-publish","4":"has-post-thumbnail","6":"product_cat-aquariumfilter","8":"first","9":"instock","10":"shipping-taxable","11":"purchasable","12":"product-type-simple"},"_links":{"self":[{"href":"https:\/\/www.myaquastore.com\/de\/wp-json\/wp\/v2\/product\/34569","targetHints":{"allow":["GET"]}}],"collection":[{"href":"https:\/\/www.myaquastore.com\/de\/wp-json\/wp\/v2\/product"}],"about":[{"href":"https:\/\/www.myaquastore.com\/de\/wp-json\/wp\/v2\/types\/product"}],"replies":[{"embeddable":true,"href":"https:\/\/www.myaquastore.com\/de\/wp-json\/wp\/v2\/comments?post=34569"}],"wp:featuredmedia":[{"embeddable":true,"href":"https:\/\/www.myaquastore.com\/de\/wp-json\/wp\/v2\/media\/3218"}],"wp:attachment":[{"href":"https:\/\/www.myaquastore.com\/de\/wp-json\/wp\/v2\/media?parent=34569"}],"wp:term":[{"taxonomy":"product_brand","embeddable":true,"href":"https:\/\/www.myaquastore.com\/de\/wp-json\/wp\/v2\/product_brand?post=34569"},{"taxonomy":"product_cat","embeddable":true,"href":"https:\/\/www.myaquastore.com\/de\/wp-json\/wp\/v2\/product_cat?post=34569"},{"taxonomy":"product_tag","embeddable":true,"href":"https:\/\/www.myaquastore.com\/de\/wp-json\/wp\/v2\/product_tag?post=34569"}],"curies":[{"name":"wp","href":"https:\/\/api.w.org\/{rel}","templated":true}]}}