{"id":34596,"date":"2016-09-25T23:27:58","date_gmt":"2016-09-25T23:27:58","guid":{"rendered":"https:\/\/www.myaquastore.com\/product\/ista-co2-diffusor-geschenkset-i-518\/"},"modified":"2025-03-16T08:31:54","modified_gmt":"2025-03-16T08:31:54","slug":"ista-co2-diffusor-geschenkset-i-518","status":"publish","type":"product","link":"https:\/\/www.myaquastore.com\/de\/produkt\/ista-co2-diffusor-geschenkset-i-518\/","title":{"rendered":"ISTA CO2-Diffusor-Geschenkset I-518"},"content":{"rendered":"<article class=\"article richtext richtext-detail AE:disable\" id=\"richTextContainer\">\n<h2 class=\"article-title\">Spezifikationen<\/h2>\n<div style=\"clear:both\"> ISTA CO2-Diffusor-Geschenkset I-518 <br \/>1 Enth\u00e4lt 95 g fl\u00fcssiges CO2 unter Druck. Volles Gewicht garantiert f\u00fcr den besten Kauf <br \/>2 Sicherheit <\/p>\n<div style=\"clear:both\">\n<p>ISTA CO2-Diffusor-Geschenkset I-518<\/p>\n<p>1 Enth\u00e4lt 95 g unter Druck stehendes fl\u00fcssiges Co2. Volles Gewicht garantiert f\u00fcr den besten Kauf im Vergleich zu anderen vorhandenen \u00e4hnlichen Kartuschen auf dem Markt.<br \/>2 Mit strenger Qualit\u00e4tskontrolle, Qualit\u00e4t und Sicherheit gew\u00e4hrleistet.<br \/>3 Einwegkartusche, ohne die M\u00fche des CO2-Nachf\u00fcllens.<br \/>4 Einfacher und einfacher Kartuschenwechsel.<\/p>\n<div style=\"clear:both\"><\/article>\n","protected":false},"excerpt":{"rendered":"<p>ISTA CO2-Diffusor-Geschenkset I-518<\/p>\n","protected":false},"featured_media":3269,"comment_status":"open","ping_status":"closed","template":"","meta":[],"product_brand":[],"product_cat":[1299],"product_tag":[],"class_list":{"0":"post-34596","1":"product","2":"type-product","3":"status-publish","4":"has-post-thumbnail","6":"product_cat-aquariumfilter","8":"first","9":"instock","10":"shipping-taxable","11":"purchasable","12":"product-type-simple"},"_links":{"self":[{"href":"https:\/\/www.myaquastore.com\/de\/wp-json\/wp\/v2\/product\/34596","targetHints":{"allow":["GET"]}}],"collection":[{"href":"https:\/\/www.myaquastore.com\/de\/wp-json\/wp\/v2\/product"}],"about":[{"href":"https:\/\/www.myaquastore.com\/de\/wp-json\/wp\/v2\/types\/product"}],"replies":[{"embeddable":true,"href":"https:\/\/www.myaquastore.com\/de\/wp-json\/wp\/v2\/comments?post=34596"}],"wp:featuredmedia":[{"embeddable":true,"href":"https:\/\/www.myaquastore.com\/de\/wp-json\/wp\/v2\/media\/3269"}],"wp:attachment":[{"href":"https:\/\/www.myaquastore.com\/de\/wp-json\/wp\/v2\/media?parent=34596"}],"wp:term":[{"taxonomy":"product_brand","embeddable":true,"href":"https:\/\/www.myaquastore.com\/de\/wp-json\/wp\/v2\/product_brand?post=34596"},{"taxonomy":"product_cat","embeddable":true,"href":"https:\/\/www.myaquastore.com\/de\/wp-json\/wp\/v2\/product_cat?post=34596"},{"taxonomy":"product_tag","embeddable":true,"href":"https:\/\/www.myaquastore.com\/de\/wp-json\/wp\/v2\/product_tag?post=34596"}],"curies":[{"name":"wp","href":"https:\/\/api.w.org\/{rel}","templated":true}]}}